{"id":4201,"date":"2022-07-26T13:26:41","date_gmt":"2022-07-26T17:26:41","guid":{"rendered":"https:\/\/cllcenter.com\/notre-equipe\/"},"modified":"2025-12-17T10:12:57","modified_gmt":"2025-12-17T15:12:57","slug":"notre-equipe","status":"publish","type":"page","link":"https:\/\/cllcenter.com\/fr\/notre-equipe\/","title":{"rendered":"Notre \u00e9quipe"},"content":{"rendered":"<p>[vc_row css_animation=\u00a0\u00bb\u00a0\u00bb row_type=\u00a0\u00bbrow\u00a0\u00bb use_row_as_full_screen_section=\u00a0\u00bbno\u00a0\u00bb type=\u00a0\u00bbgrid\u00a0\u00bb angled_section=\u00a0\u00bbno\u00a0\u00bb text_align=\u00a0\u00bbleft\u00a0\u00bb background_image_as_pattern=\u00a0\u00bbwithout_pattern\u00a0\u00bb z_index=\u00a0\u00bb\u00a0\u00bb el_class=\u00a0\u00bbflex-center\u00a0\u00bb][vc_column width=\u00a0\u00bb1\/2&Prime; el_class=\u00a0\u00bbpr-60&Prime;][vc_single_image image=\u00a0\u00bb3324&Prime; img_size=\u00a0\u00bbfull\u00a0\u00bb alignment=\u00a0\u00bbcenter\u00a0\u00bb qode_css_animation=\u00a0\u00bb\u00a0\u00bb el_class=\u00a0\u00bbbordered\u00a0\u00bb][vc_empty_space el_class=\u00a0\u00bbshow-sm\u00a0\u00bb][\/vc_column][vc_column width=\u00a0\u00bb1\/2&Prime; el_class=\u00a0\u00bbpl-60&Prime;][vc_column_text]<\/p>\n<h2>Notre \u00e9quipe<\/h2>\n<p>Le centre canadien d&rsquo;allongement des membres est un centre de traitement sp\u00e9cialis\u00e9, fourni d\u2019une \u00e9quipe qui valorise et repr\u00e9sente nos patients entant que leurs qualit\u00e9s incroyables. \u00c9tant l&rsquo;un des seuls centres de ce type au Canada, notre \u00e9quipe comprend \u00e0 quel point il est important d&rsquo;incarner des valeurs fondamentales qui refl\u00e8tent notre d\u00e9vouement \u00e0 des soins de haute qualit\u00e9 et une attention distincte aux besoins des patients. Plus important encore, nous reconnaissons qu&rsquo;en tant que m\u00e9decins, nous occupons une position privil\u00e9gi\u00e9e pour fournir \u00e0 chaque patient le meilleur de nos talents, de nos comp\u00e9tences, accompli avec le plus haut respect.[\/vc_column_text][\/vc_column][\/vc_row][vc_row css_animation=\u00a0\u00bb\u00a0\u00bb row_type=\u00a0\u00bbrow\u00a0\u00bb use_row_as_full_screen_section=\u00a0\u00bbno\u00a0\u00bb type=\u00a0\u00bbgrid\u00a0\u00bb angled_section=\u00a0\u00bbno\u00a0\u00bb text_align=\u00a0\u00bbleft\u00a0\u00bb background_image_as_pattern=\u00a0\u00bbwithout_pattern\u00a0\u00bb z_index=\u00a0\u00bb\u00a0\u00bb el_class=\u00a0\u00bbflex-center column-reverse-sm\u00a0\u00bb][vc_column width=\u00a0\u00bb1\/2&Prime; el_class=\u00a0\u00bbpr-60&Prime;][vc_column_text]Notre \u00e9quipe qualifi\u00e9e de chirurgiens, d&rsquo;infirmi\u00e8res, de physioth\u00e9rapeutes et de personnel de soutien red\u00e9finit ce que signifie donner des soins orthop\u00e9diques. Nous sommes non seulement une \u00e9quipe de sp\u00e9cialistes qui collaborent, mais nous partageons \u00e9galement nos expertises pour cr\u00e9er des r\u00e9sultats optimaux pour nos patients. Avoir une \u00e9quipe aussi incroyable signifie que nos patients re\u00e7oivent des proc\u00e9dures plus s\u00fbres, des soins exceptionnels avant, pendant ainsi qu\u2019apr\u00e8s la chirurgie et moins de complications tout en ayant une meilleure exp\u00e9rience globale. Chaque membre de l&rsquo;\u00e9quipe du CLLC apporte des connaissances extraordinaires dans la correction des d\u00e9formations et l&rsquo;allongement des membres, ainsi qu&rsquo;une sous-sp\u00e9cialit\u00e9 unique.[\/vc_column_text][\/vc_column][vc_column width=\u00a0\u00bb1\/2&Prime; el_class=\u00a0\u00bbpl-60&Prime;]<div class=\"new-video\">\n        <a href=\"https:\/\/www.youtube.com\/watch?v=rvxQ2MPvycY\" id=\"vid-5614\"><img decoding=\"async\" src=\"https:\/\/cllcenter.com\/wp-content\/uploads\/2023\/04\/30.-Our-Specialists-at-CLLC-FR.jpg\"><div class=\"caption-wrap\"><h5>Nos sp\u00e9cialistes au centre canadien d'allongement des membres<\/h5>0:12<svg version=\"1.1\" id=\"play\" xmlns=\"http:\/\/www.w3.org\/2000\/svg\" xmlns:xlink=\"http:\/\/www.w3.org\/1999\/xlink\" x=\"0px\" y=\"0px\" height=\"100px\" width=\"100px\" viewBox=\"0 0 100 100\" enable-background=\"new 0 0 100 100\" xml:space=\"preserve\">\n        <path class=\"stroke-solid\" fill=\"none\" stroke=\"#ddbe72\" d=\"M49.9,2.5C23.6,2.8,2.1,24.4,2.5,50.4C2.9,76.5,24.7,98,50.3,97.5c26.4-0.6,47.4-21.8,47.2-47.7\n          C97.3,23.7,75.7,2.3,49.9,2.5\"><\/path>\n        <path class=\"icon\" fill=\"#ddbe72\" d=\"M38,69c-1,0.5-1.8,0-1.8-1.1V32.1c0-1.1,0.8-1.6,1.8-1.1l34,18c1,0.5,1,1.4,0,1.9L38,69z\"><\/path>\n      <\/svg><\/div><\/a><\/div>    <script>\n        console.log(\"youtube\");\n        const $vid5614 = document.getElementById(\"vid-5614\");\n        const dynamicGallery5614 = window.lightGallery($vid5614, {\n        dynamic: true,\n        zoom: false,\n        download: false,\n        share: false,\n        plugins: [lgVideo, lgThumbnail],\n        dynamicEl: [\n            {\n       src: \"https:\/\/www.youtube.com\/watch?v=rvxQ2MPvycY&mute=0\",\n        poster: \"https:\/\/cllcenter.com\/wp-content\/uploads\/2023\/04\/30.-Our-Specialists-at-CLLC-FR.jpg\",\n        subHtml: \"<h4>Nos sp\u00e9cialistes au centre canadien d'allongement des membres<\/h4><p>0:12<\/p>\",\n        downloadUrl: false\n        },\n\n            ]\n    });\n    $vid5614.addEventListener(\"click\", (e) => {\n        event.preventDefault();\n    dynamicGallery5614.openGallery(0);\n    });\n  <\/script>\n  [\/vc_column][\/vc_row][vc_row css_animation=\u00a0\u00bb\u00a0\u00bb row_type=\u00a0\u00bbrow\u00a0\u00bb use_row_as_full_screen_section=\u00a0\u00bbno\u00a0\u00bb type=\u00a0\u00bbgrid\u00a0\u00bb angled_section=\u00a0\u00bbno\u00a0\u00bb text_align=\u00a0\u00bbleft\u00a0\u00bb background_image_as_pattern=\u00a0\u00bbwithout_pattern\u00a0\u00bb z_index=\u00a0\u00bb\u00a0\u00bb el_id=\u00a0\u00bbmeet\u00a0\u00bb][vc_column][vc_column_text]<\/p>\n<h3 class=\"titled\" style=\"text-align: center;\">Rencontrez les membres de l&rsquo;\u00e9quipe du Centre canadien d&rsquo;allongement des membres :<\/h3>\n<p>[\/vc_column_text][vc_empty_space height=\u00a0\u00bb40px\u00a0\u00bb][vc_row_inner row_type=\u00a0\u00bbrow\u00a0\u00bb type=\u00a0\u00bbfull_width\u00a0\u00bb text_align=\u00a0\u00bbleft\u00a0\u00bb css_animation=\u00a0\u00bb\u00a0\u00bb][vc_column_inner width=\u00a0\u00bb1\/2&Prime;][vc_single_image image=\u00a0\u00bb3818&Prime; img_size=\u00a0\u00bbfull\u00a0\u00bb qode_css_animation=\u00a0\u00bb\u00a0\u00bb][vc_column_text]<\/p>\n<h3>DRE MARIE GDALEVITCH <em>MD, FRCSC<\/em><\/h3>\n<p>Chirurgie orthop\u00e9dique pour enfants et adultes<br \/>\nSp\u00e9cialiste de l&rsquo;allongement des membres et de la correction de difformit\u00e9s<div style=\"text-align:left\"><a href=\"https:\/\/cllcenter.com\/fr\/notre-equipe\/dr-marie-gdalevitch\/\" class=\"button button--mimas \" target=\"_self\"><div class=\"btn__bg\"><\/div><span>VOIR LA BIOGRAPHIE<\/span><\/a><\/div>[\/vc_column_text][\/vc_column_inner][vc_column_inner width=\u00a0\u00bb1\/2&Prime;][vc_single_image image=\u00a0\u00bb3327&Prime; img_size=\u00a0\u00bbfull\u00a0\u00bb qode_css_animation=\u00a0\u00bb\u00a0\u00bb][vc_column_text]<\/p>\n<h3>DR. HUGO CENTOMO <em>MD, Phd, FRCSC <\/em><\/h3>\n<p>Traumatologie pour adultes<br \/>\nDifformit\u00e9s des membres sup\u00e9rieurs et inf\u00e9rieurs <div style=\"text-align:left\"><a href=\"https:\/\/cllcenter.com\/fr\/notre-equipe\/dr-hugo-centomo\/\" class=\"button button--mimas \" target=\"_self\"><div class=\"btn__bg\"><\/div><span>VOIR LA BIOGRAPHIE<\/span><\/a><\/div>[\/vc_column_text][\/vc_column_inner][\/vc_row_inner][vc_row_inner row_type=\u00a0\u00bbrow\u00a0\u00bb type=\u00a0\u00bbfull_width\u00a0\u00bb text_align=\u00a0\u00bbleft\u00a0\u00bb css_animation=\u00a0\u00bb\u00a0\u00bb][vc_column_inner width=\u00a0\u00bb1\/2&Prime;][vc_single_image image=\u00a0\u00bb3800&Prime; img_size=\u00a0\u00bbfull\u00a0\u00bb qode_css_animation=\u00a0\u00bb\u00a0\u00bb][vc_column_text]<\/p>\n<h3>DR. ELISABETH LEBLANC <em>MD, MSc, FRCSC<\/em><\/h3>\n<p>Chirurgie de pr\u00e9servation de la hanche<br \/>\nDifformit\u00e9s des membres sup\u00e9rieurs et<br \/>\ninf\u00e9rieurs <div style=\"text-align:left\"><a href=\"https:\/\/cllcenter.com\/fr\/notre-equipe\/dr-elisabeth-leblanc\/\" class=\"button button--mimas \" target=\"_self\"><div class=\"btn__bg\"><\/div><span>VOIR LA BIOGRAPHIE<\/span><\/a><\/div>[\/vc_column_text][\/vc_column_inner][vc_column_inner width=\u00a0\u00bb1\/2&Prime;][vc_single_image image=\u00a0\u00bb3329&Prime; img_size=\u00a0\u00bbfull\u00a0\u00bb qode_css_animation=\u00a0\u00bb\u00a0\u00bb][vc_column_text]<\/p>\n<h3>DR. CAROLINE M. FORSYTHE <em>BSc(Chem), BScPT, MD, FRCSC, MSc<\/em><\/h3>\n<p>POrthop\u00e9die p\u00e9diatrique<br \/>\nDifformit\u00e9s des membres p\u00e9diatriques <div style=\"text-align:left\"><a href=\"https:\/\/cllcenter.com\/fr\/notre-equipe\/dr-caroline-m-forsythe\/\" class=\"button button--mimas \" target=\"_self\"><div class=\"btn__bg\"><\/div><span>VOIR LA BIOGRAPHIE<\/span><\/a><\/div>[\/vc_column_text][\/vc_column_inner][\/vc_row_inner][vc_row_inner row_type=\u00a0\u00bbrow\u00a0\u00bb type=\u00a0\u00bbfull_width\u00a0\u00bb text_align=\u00a0\u00bbleft\u00a0\u00bb css_animation=\u00a0\u00bb\u00a0\u00bb][vc_column_inner width=\u00a0\u00bb1\/2&Prime;][vc_single_image image=\u00a0\u00bb3802&Prime; img_size=\u00a0\u00bbfull\u00a0\u00bb qode_css_animation=\u00a0\u00bb\u00a0\u00bb][vc_column_text]<\/p>\n<h3>DR. KHRISTINN KELLIE LEITCH <em>PC, O.Ont, BA, MD, MBA, FRCSC<\/em><\/h3>\n<p>Traumatologie p\u00e9diatrique<br \/>\nDifformit\u00e9s et reconstruction des membres inf\u00e9rieurs <div style=\"text-align:left\"><a href=\"https:\/\/cllcenter.com\/fr\/notre-equipe\/dr-khristinn-kellie-leitch\/\" class=\"button button--mimas \" target=\"_self\"><div class=\"btn__bg\"><\/div><span>VOIR LA BIOGRAPHIE<\/span><\/a><\/div>[\/vc_column_text][\/vc_column_inner][vc_column_inner width=\u00a0\u00bb1\/2&Prime;][vc_single_image image=\u00a0\u00bb5193&Prime; img_size=\u00a0\u00bbfull\u00a0\u00bb qode_css_animation=\u00a0\u00bb\u00a0\u00bb][vc_column_text]<\/p>\n<h3>Corey Wolofsky <em>BPT<\/em><\/h3>\n<p>Physioth\u00e9rapeute <div style=\"text-align:left\"><a href=\"https:\/\/cllcenter.com\/fr\/notre-equipe\/corey-wolofsky\/\" class=\"button button--mimas \" target=\"_self\"><div class=\"btn__bg\"><\/div><span>VOIR LA BIOGRAPHIE<\/span><\/a><\/div>[\/vc_column_text][\/vc_column_inner][\/vc_row_inner][\/vc_column][\/vc_row]<\/p>\n","protected":false},"excerpt":{"rendered":"<p>[vc_row css_animation=\u00a0\u00bb\u00a0\u00bb row_type=\u00a0\u00bbrow\u00a0\u00bb use_row_as_full_screen_section=\u00a0\u00bbno\u00a0\u00bb type=\u00a0\u00bbgrid\u00a0\u00bb angled_section=\u00a0\u00bbno\u00a0\u00bb text_align=\u00a0\u00bbleft\u00a0\u00bb background_image_as_pattern=\u00a0\u00bbwithout_pattern\u00a0\u00bb z_index=\u00a0\u00bb\u00a0\u00bb el_class=\u00a0\u00bbflex-center\u00a0\u00bb][vc_column width=\u00a0\u00bb1\/2&Prime; el_class=\u00a0\u00bbpr-60&Prime;][vc_single_image image=\u00a0\u00bb3324&Prime; img_size=\u00a0\u00bbfull\u00a0\u00bb alignment=\u00a0\u00bbcenter\u00a0\u00bb qode_css_animation=\u00a0\u00bb\u00a0\u00bb el_class=\u00a0\u00bbbordered\u00a0\u00bb][vc_empty_space el_class=\u00a0\u00bbshow-sm\u00a0\u00bb][\/vc_column][vc_column width=\u00a0\u00bb1\/2&Prime; el_class=\u00a0\u00bbpl-60&Prime;][vc_column_text] Notre \u00e9quipe Le centre canadien d&rsquo;allongement des membres est un centre de traitement sp\u00e9cialis\u00e9, fourni d\u2019une \u00e9quipe qui valorise et repr\u00e9sente nos patients entant que&#8230;<\/p>\n","protected":false},"author":1,"featured_media":0,"parent":0,"menu_order":0,"comment_status":"closed","ping_status":"closed","template":"full_width.php","meta":{"footnotes":""},"class_list":["post-4201","page","type-page","status-publish","hentry"],"yoast_head":"<!-- This site is optimized with the Yoast SEO plugin v26.2 - https:\/\/yoast.com\/wordpress\/plugins\/seo\/ -->\n<title>Notre \u00e9quipe | CLLC Montr\u00e9al, Dre Marie Gdalevitch<\/title>\n<meta name=\"description\" content=\"Notre \u00e9quipe | Chirurgien orthop\u00e9diste \u00e0 Montr\u00e9al, allongement cosm\u00e9tique de la taille, correction des d\u00e9formations osseuses, Canada, \u00c9tats-Unis\" \/>\n<meta name=\"robots\" content=\"index, follow, max-snippet:-1, max-image-preview:large, max-video-preview:-1\" \/>\n<link rel=\"canonical\" href=\"https:\/\/cllcenter.com\/fr\/notre-equipe\/\" \/>\n<meta property=\"og:locale\" content=\"fr_FR\" \/>\n<meta property=\"og:type\" content=\"article\" \/>\n<meta property=\"og:title\" content=\"Notre \u00e9quipe | CLLC Montr\u00e9al, Dre Marie Gdalevitch\" \/>\n<meta property=\"og:description\" content=\"Notre \u00e9quipe | Chirurgien orthop\u00e9diste \u00e0 Montr\u00e9al, allongement cosm\u00e9tique de la taille, correction des d\u00e9formations osseuses, Canada, \u00c9tats-Unis\" \/>\n<meta property=\"og:url\" content=\"https:\/\/cllcenter.com\/fr\/notre-equipe\/\" \/>\n<meta property=\"og:site_name\" content=\"Canadian Limb Lengthening Center\" \/>\n<meta property=\"article:modified_time\" content=\"2025-12-17T15:12:57+00:00\" \/>\n<meta name=\"twitter:card\" content=\"summary_large_image\" \/>\n<meta name=\"twitter:label1\" content=\"Dur\u00e9e de lecture estim\u00e9e\" \/>\n\t<meta name=\"twitter:data1\" content=\"2 minutes\" \/>\n<script type=\"application\/ld+json\" class=\"yoast-schema-graph\">{\"@context\":\"https:\/\/schema.org\",\"@graph\":[{\"@type\":\"WebPage\",\"@id\":\"https:\/\/cllcenter.com\/fr\/notre-equipe\/\",\"url\":\"https:\/\/cllcenter.com\/fr\/notre-equipe\/\",\"name\":\"Notre \u00e9quipe | CLLC Montr\u00e9al, Dre Marie Gdalevitch\",\"isPartOf\":{\"@id\":\"https:\/\/cllcenter.com\/fr\/#website\"},\"datePublished\":\"2022-07-26T17:26:41+00:00\",\"dateModified\":\"2025-12-17T15:12:57+00:00\",\"description\":\"Notre \u00e9quipe | Chirurgien orthop\u00e9diste \u00e0 Montr\u00e9al, allongement cosm\u00e9tique de la taille, correction des d\u00e9formations osseuses, Canada, \u00c9tats-Unis\",\"breadcrumb\":{\"@id\":\"https:\/\/cllcenter.com\/fr\/notre-equipe\/#breadcrumb\"},\"inLanguage\":\"fr-FR\",\"potentialAction\":[{\"@type\":\"ReadAction\",\"target\":[\"https:\/\/cllcenter.com\/fr\/notre-equipe\/\"]}]},{\"@type\":\"BreadcrumbList\",\"@id\":\"https:\/\/cllcenter.com\/fr\/notre-equipe\/#breadcrumb\",\"itemListElement\":[{\"@type\":\"ListItem\",\"position\":1,\"name\":\"Home\",\"item\":\"https:\/\/cllcenter.com\/fr\/\"},{\"@type\":\"ListItem\",\"position\":2,\"name\":\"Notre \u00e9quipe\"}]},{\"@type\":\"WebSite\",\"@id\":\"https:\/\/cllcenter.com\/fr\/#website\",\"url\":\"https:\/\/cllcenter.com\/fr\/\",\"name\":\"Canadian Limb Lengthening Center\",\"description\":\"Dr Marie Gdalevitch\",\"publisher\":{\"@id\":\"https:\/\/cllcenter.com\/fr\/#organization\"},\"potentialAction\":[{\"@type\":\"SearchAction\",\"target\":{\"@type\":\"EntryPoint\",\"urlTemplate\":\"https:\/\/cllcenter.com\/fr\/?s={search_term_string}\"},\"query-input\":{\"@type\":\"PropertyValueSpecification\",\"valueRequired\":true,\"valueName\":\"search_term_string\"}}],\"inLanguage\":\"fr-FR\"},{\"@type\":\"Organization\",\"@id\":\"https:\/\/cllcenter.com\/fr\/#organization\",\"name\":\"Canadian Limb Lengthening Center\",\"url\":\"https:\/\/cllcenter.com\/fr\/\",\"logo\":{\"@type\":\"ImageObject\",\"inLanguage\":\"fr-FR\",\"@id\":\"https:\/\/cllcenter.com\/fr\/#\/schema\/logo\/image\/\",\"url\":\"https:\/\/cllcenter.com\/wp-content\/uploads\/2022\/05\/cllc.png\",\"contentUrl\":\"https:\/\/cllcenter.com\/wp-content\/uploads\/2022\/05\/cllc.png\",\"width\":600,\"height\":219,\"caption\":\"Canadian Limb Lengthening Center\"},\"image\":{\"@id\":\"https:\/\/cllcenter.com\/fr\/#\/schema\/logo\/image\/\"}}]}<\/script>\n<!-- \/ Yoast SEO plugin. -->","yoast_head_json":{"title":"Notre \u00e9quipe | CLLC Montr\u00e9al, Dre Marie Gdalevitch","description":"Notre \u00e9quipe | Chirurgien orthop\u00e9diste \u00e0 Montr\u00e9al, allongement cosm\u00e9tique de la taille, correction des d\u00e9formations osseuses, Canada, \u00c9tats-Unis","robots":{"index":"index","follow":"follow","max-snippet":"max-snippet:-1","max-image-preview":"max-image-preview:large","max-video-preview":"max-video-preview:-1"},"canonical":"https:\/\/cllcenter.com\/fr\/notre-equipe\/","og_locale":"fr_FR","og_type":"article","og_title":"Notre \u00e9quipe | CLLC Montr\u00e9al, Dre Marie Gdalevitch","og_description":"Notre \u00e9quipe | Chirurgien orthop\u00e9diste \u00e0 Montr\u00e9al, allongement cosm\u00e9tique de la taille, correction des d\u00e9formations osseuses, Canada, \u00c9tats-Unis","og_url":"https:\/\/cllcenter.com\/fr\/notre-equipe\/","og_site_name":"Canadian Limb Lengthening Center","article_modified_time":"2025-12-17T15:12:57+00:00","twitter_card":"summary_large_image","twitter_misc":{"Dur\u00e9e de lecture estim\u00e9e":"2 minutes"},"schema":{"@context":"https:\/\/schema.org","@graph":[{"@type":"WebPage","@id":"https:\/\/cllcenter.com\/fr\/notre-equipe\/","url":"https:\/\/cllcenter.com\/fr\/notre-equipe\/","name":"Notre \u00e9quipe | CLLC Montr\u00e9al, Dre Marie Gdalevitch","isPartOf":{"@id":"https:\/\/cllcenter.com\/fr\/#website"},"datePublished":"2022-07-26T17:26:41+00:00","dateModified":"2025-12-17T15:12:57+00:00","description":"Notre \u00e9quipe | Chirurgien orthop\u00e9diste \u00e0 Montr\u00e9al, allongement cosm\u00e9tique de la taille, correction des d\u00e9formations osseuses, Canada, \u00c9tats-Unis","breadcrumb":{"@id":"https:\/\/cllcenter.com\/fr\/notre-equipe\/#breadcrumb"},"inLanguage":"fr-FR","potentialAction":[{"@type":"ReadAction","target":["https:\/\/cllcenter.com\/fr\/notre-equipe\/"]}]},{"@type":"BreadcrumbList","@id":"https:\/\/cllcenter.com\/fr\/notre-equipe\/#breadcrumb","itemListElement":[{"@type":"ListItem","position":1,"name":"Home","item":"https:\/\/cllcenter.com\/fr\/"},{"@type":"ListItem","position":2,"name":"Notre \u00e9quipe"}]},{"@type":"WebSite","@id":"https:\/\/cllcenter.com\/fr\/#website","url":"https:\/\/cllcenter.com\/fr\/","name":"Canadian Limb Lengthening Center","description":"Dr Marie Gdalevitch","publisher":{"@id":"https:\/\/cllcenter.com\/fr\/#organization"},"potentialAction":[{"@type":"SearchAction","target":{"@type":"EntryPoint","urlTemplate":"https:\/\/cllcenter.com\/fr\/?s={search_term_string}"},"query-input":{"@type":"PropertyValueSpecification","valueRequired":true,"valueName":"search_term_string"}}],"inLanguage":"fr-FR"},{"@type":"Organization","@id":"https:\/\/cllcenter.com\/fr\/#organization","name":"Canadian Limb Lengthening Center","url":"https:\/\/cllcenter.com\/fr\/","logo":{"@type":"ImageObject","inLanguage":"fr-FR","@id":"https:\/\/cllcenter.com\/fr\/#\/schema\/logo\/image\/","url":"https:\/\/cllcenter.com\/wp-content\/uploads\/2022\/05\/cllc.png","contentUrl":"https:\/\/cllcenter.com\/wp-content\/uploads\/2022\/05\/cllc.png","width":600,"height":219,"caption":"Canadian Limb Lengthening Center"},"image":{"@id":"https:\/\/cllcenter.com\/fr\/#\/schema\/logo\/image\/"}}]}},"acf":[],"_links":{"self":[{"href":"https:\/\/cllcenter.com\/fr\/wp-json\/wp\/v2\/pages\/4201","targetHints":{"allow":["GET"]}}],"collection":[{"href":"https:\/\/cllcenter.com\/fr\/wp-json\/wp\/v2\/pages"}],"about":[{"href":"https:\/\/cllcenter.com\/fr\/wp-json\/wp\/v2\/types\/page"}],"author":[{"embeddable":true,"href":"https:\/\/cllcenter.com\/fr\/wp-json\/wp\/v2\/users\/1"}],"replies":[{"embeddable":true,"href":"https:\/\/cllcenter.com\/fr\/wp-json\/wp\/v2\/comments?post=4201"}],"version-history":[{"count":11,"href":"https:\/\/cllcenter.com\/fr\/wp-json\/wp\/v2\/pages\/4201\/revisions"}],"predecessor-version":[{"id":6101,"href":"https:\/\/cllcenter.com\/fr\/wp-json\/wp\/v2\/pages\/4201\/revisions\/6101"}],"wp:attachment":[{"href":"https:\/\/cllcenter.com\/fr\/wp-json\/wp\/v2\/media?parent=4201"}],"curies":[{"name":"wp","href":"https:\/\/api.w.org\/{rel}","templated":true}]}}