{"id":4213,"date":"2022-07-26T13:35:43","date_gmt":"2022-07-26T13:35:43","guid":{"rendered":"https:\/\/cllcenter.com\/notre-equipe\/dr-elisabeth-leblanc\/"},"modified":"2023-01-31T20:35:59","modified_gmt":"2023-01-31T20:35:59","slug":"dr-elisabeth-leblanc","status":"publish","type":"page","link":"https:\/\/cllcenter.com\/fr\/notre-equipe\/dr-elisabeth-leblanc\/","title":{"rendered":"Dr. Elisabeth Leblanc"},"content":{"rendered":"<p>[vc_row css_animation=\u00a0\u00bb\u00a0\u00bb row_type=\u00a0\u00bbrow\u00a0\u00bb use_row_as_full_screen_section=\u00a0\u00bbno\u00a0\u00bb type=\u00a0\u00bbgrid\u00a0\u00bb angled_section=\u00a0\u00bbno\u00a0\u00bb text_align=\u00a0\u00bbleft\u00a0\u00bb background_image_as_pattern=\u00a0\u00bbwithout_pattern\u00a0\u00bb z_index=\u00a0\u00bb\u00a0\u00bb][vc_column width=\u00a0\u00bb1\/3&Prime;][vc_single_image image=\u00a0\u00bb3797&Prime; img_size=\u00a0\u00bbfull\u00a0\u00bb qode_css_animation=\u00a0\u00bb\u00a0\u00bb][\/vc_column][vc_column width=\u00a0\u00bb2\/3&Prime;][vc_column_text el_class=\u00a0\u00bbmember\u00a0\u00bb]<\/p>\n<h3>Dr. Elisabeth Leblanc <em>MD, MSc, FRCSC<\/em><\/h3>\n<h4>Chirurgie de pr\u00e9servation de la hanche<br \/>\nDifformit\u00e9s des membres sup\u00e9rieurs et inf\u00e9rieurs<\/h4>\n<p>Dre Elisabeth Leblanc a obtenu son dipl\u00f4me de la Facult\u00e9 de m\u00e9decine de l&rsquo;Universit\u00e9 Laval en 2007.<\/p>\n<p>Elle a compl\u00e9t\u00e9 sa r\u00e9sidence en orthop\u00e9die \u00e0 l&rsquo;Universit\u00e9 de Sherbrooke tout en terminant une ma\u00eetrise en biologie cellulaire et gu\u00e9rison osseuse.<\/p>\n<p>En 2013, elle a termin\u00e9 sa premi\u00e8re bourse m\u00e9dicale en orthop\u00e9die p\u00e9diatrique \u00e0 l&rsquo;Universit\u00e9 McGill en collaboration avec les Shriners de Montr\u00e9al o\u00f9 elle a d\u00e9velopp\u00e9 ses comp\u00e9tences en orthop\u00e9die p\u00e9diatrique g\u00e9n\u00e9rale et en allongement\/difformit\u00e9 des os.<\/p>\n<p>En 2014, elle a effectu\u00e9 une seconde bourse m\u00e9dicale \u00e0 l&rsquo;H\u00f4pital pour Enfants de Westmead, \u00e0 Sydney, en Australie, o\u00f9 elle a renforc\u00e9 ses comp\u00e9tences en p\u00e9diatrie et plus particuli\u00e8rement dans les chirurgies de pr\u00e9servation de la hanche.<\/p>\n<p>Actuellement, elle occupe un poste au CIUSSS de l&rsquo;Estrie en orthop\u00e9die p\u00e9diatrique et effectue des interventions aupr\u00e8s de patients p\u00e9diatriques et adultes. Elle fait de la traumatologie, de l&rsquo;orthop\u00e9die p\u00e9diatrique g\u00e9n\u00e9rale, des corrections de difformit\u00e9s p\u00e9diatriques et de difformit\u00e9s pour les patients adulte. Elle offre aussi une expertise dans la chirurgie de la hanche. Sur le plan acad\u00e9mique, Dre Leblanc est professeur associ\u00e9 \u00e0 la Facult\u00e9 de m\u00e9decine de l&rsquo;Universit\u00e9 de Sherbrooke et occupe un poste de coordination pour le programme de m\u00e9decine.[\/vc_column_text][\/vc_column][\/vc_row]<\/p>\n","protected":false},"excerpt":{"rendered":"<p>[vc_row css_animation=\u00a0\u00bb\u00a0\u00bb row_type=\u00a0\u00bbrow\u00a0\u00bb use_row_as_full_screen_section=\u00a0\u00bbno\u00a0\u00bb type=\u00a0\u00bbgrid\u00a0\u00bb angled_section=\u00a0\u00bbno\u00a0\u00bb text_align=\u00a0\u00bbleft\u00a0\u00bb background_image_as_pattern=\u00a0\u00bbwithout_pattern\u00a0\u00bb z_index=\u00a0\u00bb\u00a0\u00bb][vc_column width=\u00a0\u00bb1\/3&Prime;][vc_single_image image=\u00a0\u00bb3797&Prime; img_size=\u00a0\u00bbfull\u00a0\u00bb qode_css_animation=\u00a0\u00bb\u00a0\u00bb][\/vc_column][vc_column width=\u00a0\u00bb2\/3&Prime;][vc_column_text el_class=\u00a0\u00bbmember\u00a0\u00bb] Dr. Elisabeth Leblanc MD, MSc, FRCSC Chirurgie de pr\u00e9servation de la hanche Difformit\u00e9s des membres sup\u00e9rieurs et inf\u00e9rieurs Dre Elisabeth Leblanc a obtenu son dipl\u00f4me de la Facult\u00e9 de m\u00e9decine&#8230;<\/p>\n","protected":false},"author":1,"featured_media":0,"parent":4201,"menu_order":0,"comment_status":"closed","ping_status":"closed","template":"full_width.php","meta":{"footnotes":""},"class_list":["post-4213","page","type-page","status-publish","hentry"],"yoast_head":"<!-- This site is optimized with the Yoast SEO plugin v26.2 - https:\/\/yoast.com\/wordpress\/plugins\/seo\/ -->\n<title>Dr. Elisabeth Leblanc | CLLC Montr\u00e9al, Dre Marie Gdalevitch<\/title>\n<meta name=\"description\" content=\"Dr. Elisabeth Leblanc | Chirurgien orthop\u00e9diste \u00e0 Montr\u00e9al, allongement cosm\u00e9tique de la taille, correction des d\u00e9formations osseuses, Canada, \u00c9tats-Unis\" \/>\n<meta name=\"robots\" content=\"index, follow, max-snippet:-1, max-image-preview:large, max-video-preview:-1\" \/>\n<link rel=\"canonical\" href=\"https:\/\/cllcenter.com\/fr\/notre-equipe\/dr-elisabeth-leblanc\/\" \/>\n<meta property=\"og:locale\" content=\"fr_FR\" \/>\n<meta property=\"og:type\" content=\"article\" \/>\n<meta property=\"og:title\" content=\"Dr. Elisabeth Leblanc | CLLC Montr\u00e9al, Dre Marie Gdalevitch\" \/>\n<meta property=\"og:description\" content=\"Dr. Elisabeth Leblanc | Chirurgien orthop\u00e9diste \u00e0 Montr\u00e9al, allongement cosm\u00e9tique de la taille, correction des d\u00e9formations osseuses, Canada, \u00c9tats-Unis\" \/>\n<meta property=\"og:url\" content=\"https:\/\/cllcenter.com\/fr\/notre-equipe\/dr-elisabeth-leblanc\/\" \/>\n<meta property=\"og:site_name\" content=\"Canadian Limb Lengthening Center\" \/>\n<meta property=\"article:modified_time\" content=\"2023-01-31T20:35:59+00:00\" \/>\n<meta name=\"twitter:card\" content=\"summary_large_image\" \/>\n<meta name=\"twitter:label1\" content=\"Dur\u00e9e de lecture estim\u00e9e\" \/>\n\t<meta name=\"twitter:data1\" content=\"2 minutes\" \/>\n<script type=\"application\/ld+json\" class=\"yoast-schema-graph\">{\"@context\":\"https:\/\/schema.org\",\"@graph\":[{\"@type\":\"WebPage\",\"@id\":\"https:\/\/cllcenter.com\/fr\/notre-equipe\/dr-elisabeth-leblanc\/\",\"url\":\"https:\/\/cllcenter.com\/fr\/notre-equipe\/dr-elisabeth-leblanc\/\",\"name\":\"Dr. Elisabeth Leblanc | CLLC Montr\u00e9al, Dre Marie Gdalevitch\",\"isPartOf\":{\"@id\":\"https:\/\/cllcenter.com\/fr\/#website\"},\"datePublished\":\"2022-07-26T13:35:43+00:00\",\"dateModified\":\"2023-01-31T20:35:59+00:00\",\"description\":\"Dr. Elisabeth Leblanc | Chirurgien orthop\u00e9diste \u00e0 Montr\u00e9al, allongement cosm\u00e9tique de la taille, correction des d\u00e9formations osseuses, Canada, \u00c9tats-Unis\",\"breadcrumb\":{\"@id\":\"https:\/\/cllcenter.com\/fr\/notre-equipe\/dr-elisabeth-leblanc\/#breadcrumb\"},\"inLanguage\":\"fr-FR\",\"potentialAction\":[{\"@type\":\"ReadAction\",\"target\":[\"https:\/\/cllcenter.com\/fr\/notre-equipe\/dr-elisabeth-leblanc\/\"]}]},{\"@type\":\"BreadcrumbList\",\"@id\":\"https:\/\/cllcenter.com\/fr\/notre-equipe\/dr-elisabeth-leblanc\/#breadcrumb\",\"itemListElement\":[{\"@type\":\"ListItem\",\"position\":1,\"name\":\"Home\",\"item\":\"https:\/\/cllcenter.com\/fr\/\"},{\"@type\":\"ListItem\",\"position\":2,\"name\":\"Notre \u00e9quipe\",\"item\":\"https:\/\/cllcenter.com\/fr\/notre-equipe\/\"},{\"@type\":\"ListItem\",\"position\":3,\"name\":\"Dr. Elisabeth Leblanc\"}]},{\"@type\":\"WebSite\",\"@id\":\"https:\/\/cllcenter.com\/fr\/#website\",\"url\":\"https:\/\/cllcenter.com\/fr\/\",\"name\":\"Canadian Limb Lengthening Center\",\"description\":\"Dr Marie Gdalevitch\",\"publisher\":{\"@id\":\"https:\/\/cllcenter.com\/fr\/#organization\"},\"potentialAction\":[{\"@type\":\"SearchAction\",\"target\":{\"@type\":\"EntryPoint\",\"urlTemplate\":\"https:\/\/cllcenter.com\/fr\/?s={search_term_string}\"},\"query-input\":{\"@type\":\"PropertyValueSpecification\",\"valueRequired\":true,\"valueName\":\"search_term_string\"}}],\"inLanguage\":\"fr-FR\"},{\"@type\":\"Organization\",\"@id\":\"https:\/\/cllcenter.com\/fr\/#organization\",\"name\":\"Canadian Limb Lengthening Center\",\"url\":\"https:\/\/cllcenter.com\/fr\/\",\"logo\":{\"@type\":\"ImageObject\",\"inLanguage\":\"fr-FR\",\"@id\":\"https:\/\/cllcenter.com\/fr\/#\/schema\/logo\/image\/\",\"url\":\"https:\/\/cllcenter.com\/wp-content\/uploads\/2022\/05\/cllc.png\",\"contentUrl\":\"https:\/\/cllcenter.com\/wp-content\/uploads\/2022\/05\/cllc.png\",\"width\":600,\"height\":219,\"caption\":\"Canadian Limb Lengthening Center\"},\"image\":{\"@id\":\"https:\/\/cllcenter.com\/fr\/#\/schema\/logo\/image\/\"}}]}<\/script>\n<!-- \/ Yoast SEO plugin. -->","yoast_head_json":{"title":"Dr. Elisabeth Leblanc | CLLC Montr\u00e9al, Dre Marie Gdalevitch","description":"Dr. Elisabeth Leblanc | Chirurgien orthop\u00e9diste \u00e0 Montr\u00e9al, allongement cosm\u00e9tique de la taille, correction des d\u00e9formations osseuses, Canada, \u00c9tats-Unis","robots":{"index":"index","follow":"follow","max-snippet":"max-snippet:-1","max-image-preview":"max-image-preview:large","max-video-preview":"max-video-preview:-1"},"canonical":"https:\/\/cllcenter.com\/fr\/notre-equipe\/dr-elisabeth-leblanc\/","og_locale":"fr_FR","og_type":"article","og_title":"Dr. Elisabeth Leblanc | CLLC Montr\u00e9al, Dre Marie Gdalevitch","og_description":"Dr. Elisabeth Leblanc | Chirurgien orthop\u00e9diste \u00e0 Montr\u00e9al, allongement cosm\u00e9tique de la taille, correction des d\u00e9formations osseuses, Canada, \u00c9tats-Unis","og_url":"https:\/\/cllcenter.com\/fr\/notre-equipe\/dr-elisabeth-leblanc\/","og_site_name":"Canadian Limb Lengthening Center","article_modified_time":"2023-01-31T20:35:59+00:00","twitter_card":"summary_large_image","twitter_misc":{"Dur\u00e9e de lecture estim\u00e9e":"2 minutes"},"schema":{"@context":"https:\/\/schema.org","@graph":[{"@type":"WebPage","@id":"https:\/\/cllcenter.com\/fr\/notre-equipe\/dr-elisabeth-leblanc\/","url":"https:\/\/cllcenter.com\/fr\/notre-equipe\/dr-elisabeth-leblanc\/","name":"Dr. Elisabeth Leblanc | CLLC Montr\u00e9al, Dre Marie Gdalevitch","isPartOf":{"@id":"https:\/\/cllcenter.com\/fr\/#website"},"datePublished":"2022-07-26T13:35:43+00:00","dateModified":"2023-01-31T20:35:59+00:00","description":"Dr. Elisabeth Leblanc | Chirurgien orthop\u00e9diste \u00e0 Montr\u00e9al, allongement cosm\u00e9tique de la taille, correction des d\u00e9formations osseuses, Canada, \u00c9tats-Unis","breadcrumb":{"@id":"https:\/\/cllcenter.com\/fr\/notre-equipe\/dr-elisabeth-leblanc\/#breadcrumb"},"inLanguage":"fr-FR","potentialAction":[{"@type":"ReadAction","target":["https:\/\/cllcenter.com\/fr\/notre-equipe\/dr-elisabeth-leblanc\/"]}]},{"@type":"BreadcrumbList","@id":"https:\/\/cllcenter.com\/fr\/notre-equipe\/dr-elisabeth-leblanc\/#breadcrumb","itemListElement":[{"@type":"ListItem","position":1,"name":"Home","item":"https:\/\/cllcenter.com\/fr\/"},{"@type":"ListItem","position":2,"name":"Notre \u00e9quipe","item":"https:\/\/cllcenter.com\/fr\/notre-equipe\/"},{"@type":"ListItem","position":3,"name":"Dr. Elisabeth Leblanc"}]},{"@type":"WebSite","@id":"https:\/\/cllcenter.com\/fr\/#website","url":"https:\/\/cllcenter.com\/fr\/","name":"Canadian Limb Lengthening Center","description":"Dr Marie Gdalevitch","publisher":{"@id":"https:\/\/cllcenter.com\/fr\/#organization"},"potentialAction":[{"@type":"SearchAction","target":{"@type":"EntryPoint","urlTemplate":"https:\/\/cllcenter.com\/fr\/?s={search_term_string}"},"query-input":{"@type":"PropertyValueSpecification","valueRequired":true,"valueName":"search_term_string"}}],"inLanguage":"fr-FR"},{"@type":"Organization","@id":"https:\/\/cllcenter.com\/fr\/#organization","name":"Canadian Limb Lengthening Center","url":"https:\/\/cllcenter.com\/fr\/","logo":{"@type":"ImageObject","inLanguage":"fr-FR","@id":"https:\/\/cllcenter.com\/fr\/#\/schema\/logo\/image\/","url":"https:\/\/cllcenter.com\/wp-content\/uploads\/2022\/05\/cllc.png","contentUrl":"https:\/\/cllcenter.com\/wp-content\/uploads\/2022\/05\/cllc.png","width":600,"height":219,"caption":"Canadian Limb Lengthening Center"},"image":{"@id":"https:\/\/cllcenter.com\/fr\/#\/schema\/logo\/image\/"}}]}},"acf":[],"_links":{"self":[{"href":"https:\/\/cllcenter.com\/fr\/wp-json\/wp\/v2\/pages\/4213","targetHints":{"allow":["GET"]}}],"collection":[{"href":"https:\/\/cllcenter.com\/fr\/wp-json\/wp\/v2\/pages"}],"about":[{"href":"https:\/\/cllcenter.com\/fr\/wp-json\/wp\/v2\/types\/page"}],"author":[{"embeddable":true,"href":"https:\/\/cllcenter.com\/fr\/wp-json\/wp\/v2\/users\/1"}],"replies":[{"embeddable":true,"href":"https:\/\/cllcenter.com\/fr\/wp-json\/wp\/v2\/comments?post=4213"}],"version-history":[{"count":4,"href":"https:\/\/cllcenter.com\/fr\/wp-json\/wp\/v2\/pages\/4213\/revisions"}],"predecessor-version":[{"id":4868,"href":"https:\/\/cllcenter.com\/fr\/wp-json\/wp\/v2\/pages\/4213\/revisions\/4868"}],"up":[{"embeddable":true,"href":"https:\/\/cllcenter.com\/fr\/wp-json\/wp\/v2\/pages\/4201"}],"wp:attachment":[{"href":"https:\/\/cllcenter.com\/fr\/wp-json\/wp\/v2\/media?parent=4213"}],"curies":[{"name":"wp","href":"https:\/\/api.w.org\/{rel}","templated":true}]}}