{"id":4221,"date":"2022-07-26T13:33:23","date_gmt":"2022-07-26T13:33:23","guid":{"rendered":"https:\/\/cllcenter.com\/notre-equipe\/dr-hugo-centomo\/"},"modified":"2023-01-31T20:36:20","modified_gmt":"2023-01-31T20:36:20","slug":"dr-hugo-centomo","status":"publish","type":"page","link":"https:\/\/cllcenter.com\/fr\/notre-equipe\/dr-hugo-centomo\/","title":{"rendered":"Dr. Hugo Centomo"},"content":{"rendered":"<p>[vc_row css_animation=\u00a0\u00bb\u00a0\u00bb row_type=\u00a0\u00bbrow\u00a0\u00bb use_row_as_full_screen_section=\u00a0\u00bbno\u00a0\u00bb type=\u00a0\u00bbgrid\u00a0\u00bb angled_section=\u00a0\u00bbno\u00a0\u00bb text_align=\u00a0\u00bbleft\u00a0\u00bb background_image_as_pattern=\u00a0\u00bbwithout_pattern\u00a0\u00bb z_index=\u00a0\u00bb\u00a0\u00bb][vc_column width=\u00a0\u00bb1\/3&Prime;][vc_single_image image=\u00a0\u00bb3327&Prime; img_size=\u00a0\u00bbfull\u00a0\u00bb qode_css_animation=\u00a0\u00bb\u00a0\u00bb][\/vc_column][vc_column width=\u00a0\u00bb2\/3&Prime;][vc_column_text el_class=\u00a0\u00bbmember\u00a0\u00bb]<\/p>\n<h3>Dr. Hugo Centomo <em>MD, Phd, FRCSC<\/em><\/h3>\n<h4>Traumatologie pour adultes Difformit\u00e9s des membres sup\u00e9rieurs et inf\u00e9rieurs<\/h4>\n<p>Le Dr Hugo Centomo est un chirurgien orthop\u00e9dique titulaire d&rsquo;un doctorat en kin\u00e9siologie avec sp\u00e9cialisation en biom\u00e9canique de l&rsquo;Universit\u00e9 de Montr\u00e9al et de l&rsquo;Universit\u00e9 Joseph Fourier, Grenoble, France.<\/p>\n<p>Dipl\u00f4m\u00e9 en m\u00e9decine de l&rsquo;Universit\u00e9 de Montr\u00e9al en 2012, il a compl\u00e9t\u00e9 sa r\u00e9sidence en chirurgie orthop\u00e9dique en 2017 \u00e0 l&rsquo;Universit\u00e9 de Montr\u00e9al et une sous-sp\u00e9cialit\u00e9 en chirurgie traumatique orthop\u00e9dique au LAC+USC \/ Keck Hospital, Universit\u00e9 de Californie du Sud \u00e0 Los Angeles de 2017 \u00e0 2018.<\/p>\n<p>Il est accr\u00e9dit\u00e9 par Orthopedic Trauma Association (OTA) et le coll\u00e8ge royal de m\u00e9decine et de chirurgie du Canada.<\/p>\n<p>Le Dr Centomo s&rsquo;int\u00e9resse principalement aux complications des chirurgies orthop\u00e9diques traumatologiques : mal-union (difformit\u00e9s osseuses), non-union (fractures pr\u00e9sentant des probl\u00e8mes de cicatrisation) et infections osseuses chroniques. Il pratique \u00e9galement des chirurgies orthop\u00e9diques de l&rsquo;\u00e9paule (coiffe des rotateurs), du genou (proth\u00e8ses totales\/non compartimentales), de la cheville (s\u00e9quelles d&rsquo;entorses) et du pied (hallux valgus).<\/p>\n<p>Le Dr Centomo est reconnu pour son approche holistique multidisciplinaire avec ses patients, o\u00f9 les meilleurs int\u00e9r\u00eats des patients sont mis en priorit\u00e9 afin de trouver la solution la plus optimale.[\/vc_column_text][\/vc_column][\/vc_row]<\/p>\n","protected":false},"excerpt":{"rendered":"<p>[vc_row css_animation=\u00a0\u00bb\u00a0\u00bb row_type=\u00a0\u00bbrow\u00a0\u00bb use_row_as_full_screen_section=\u00a0\u00bbno\u00a0\u00bb type=\u00a0\u00bbgrid\u00a0\u00bb angled_section=\u00a0\u00bbno\u00a0\u00bb text_align=\u00a0\u00bbleft\u00a0\u00bb background_image_as_pattern=\u00a0\u00bbwithout_pattern\u00a0\u00bb z_index=\u00a0\u00bb\u00a0\u00bb][vc_column width=\u00a0\u00bb1\/3&Prime;][vc_single_image image=\u00a0\u00bb3327&Prime; img_size=\u00a0\u00bbfull\u00a0\u00bb qode_css_animation=\u00a0\u00bb\u00a0\u00bb][\/vc_column][vc_column width=\u00a0\u00bb2\/3&Prime;][vc_column_text el_class=\u00a0\u00bbmember\u00a0\u00bb] Dr. Hugo Centomo MD, Phd, FRCSC Traumatologie pour adultes Difformit\u00e9s des membres sup\u00e9rieurs et inf\u00e9rieurs Le Dr Hugo Centomo est un chirurgien orthop\u00e9dique titulaire d&rsquo;un doctorat en kin\u00e9siologie avec sp\u00e9cialisation&#8230;<\/p>\n","protected":false},"author":1,"featured_media":0,"parent":4201,"menu_order":0,"comment_status":"closed","ping_status":"closed","template":"full_width.php","meta":{"footnotes":""},"class_list":["post-4221","page","type-page","status-publish","hentry"],"yoast_head":"<!-- This site is optimized with the Yoast SEO plugin v26.2 - https:\/\/yoast.com\/wordpress\/plugins\/seo\/ -->\n<title>Dr. Hugo Centomo | CLLC Montr\u00e9al, Dre Marie Gdalevitch<\/title>\n<meta name=\"description\" content=\"Dr. Hugo Centomo | Chirurgien orthop\u00e9diste \u00e0 Montr\u00e9al, allongement cosm\u00e9tique de la taille, correction des d\u00e9formations osseuses, Canada, \u00c9tats-Unis\" \/>\n<meta name=\"robots\" content=\"index, follow, max-snippet:-1, max-image-preview:large, max-video-preview:-1\" \/>\n<link rel=\"canonical\" href=\"https:\/\/cllcenter.com\/fr\/notre-equipe\/dr-hugo-centomo\/\" \/>\n<meta property=\"og:locale\" content=\"fr_FR\" \/>\n<meta property=\"og:type\" content=\"article\" \/>\n<meta property=\"og:title\" content=\"Dr. Hugo Centomo | CLLC Montr\u00e9al, Dre Marie Gdalevitch\" \/>\n<meta property=\"og:description\" content=\"Dr. Hugo Centomo | Chirurgien orthop\u00e9diste \u00e0 Montr\u00e9al, allongement cosm\u00e9tique de la taille, correction des d\u00e9formations osseuses, Canada, \u00c9tats-Unis\" \/>\n<meta property=\"og:url\" content=\"https:\/\/cllcenter.com\/fr\/notre-equipe\/dr-hugo-centomo\/\" \/>\n<meta property=\"og:site_name\" content=\"Canadian Limb Lengthening Center\" \/>\n<meta property=\"article:modified_time\" content=\"2023-01-31T20:36:20+00:00\" \/>\n<meta name=\"twitter:card\" content=\"summary_large_image\" \/>\n<meta name=\"twitter:label1\" content=\"Dur\u00e9e de lecture estim\u00e9e\" \/>\n\t<meta name=\"twitter:data1\" content=\"1 minute\" \/>\n<script type=\"application\/ld+json\" class=\"yoast-schema-graph\">{\"@context\":\"https:\/\/schema.org\",\"@graph\":[{\"@type\":\"WebPage\",\"@id\":\"https:\/\/cllcenter.com\/fr\/notre-equipe\/dr-hugo-centomo\/\",\"url\":\"https:\/\/cllcenter.com\/fr\/notre-equipe\/dr-hugo-centomo\/\",\"name\":\"Dr. Hugo Centomo | CLLC Montr\u00e9al, Dre Marie Gdalevitch\",\"isPartOf\":{\"@id\":\"https:\/\/cllcenter.com\/fr\/#website\"},\"datePublished\":\"2022-07-26T13:33:23+00:00\",\"dateModified\":\"2023-01-31T20:36:20+00:00\",\"description\":\"Dr. Hugo Centomo | Chirurgien orthop\u00e9diste \u00e0 Montr\u00e9al, allongement cosm\u00e9tique de la taille, correction des d\u00e9formations osseuses, Canada, \u00c9tats-Unis\",\"breadcrumb\":{\"@id\":\"https:\/\/cllcenter.com\/fr\/notre-equipe\/dr-hugo-centomo\/#breadcrumb\"},\"inLanguage\":\"fr-FR\",\"potentialAction\":[{\"@type\":\"ReadAction\",\"target\":[\"https:\/\/cllcenter.com\/fr\/notre-equipe\/dr-hugo-centomo\/\"]}]},{\"@type\":\"BreadcrumbList\",\"@id\":\"https:\/\/cllcenter.com\/fr\/notre-equipe\/dr-hugo-centomo\/#breadcrumb\",\"itemListElement\":[{\"@type\":\"ListItem\",\"position\":1,\"name\":\"Home\",\"item\":\"https:\/\/cllcenter.com\/fr\/\"},{\"@type\":\"ListItem\",\"position\":2,\"name\":\"Notre \u00e9quipe\",\"item\":\"https:\/\/cllcenter.com\/fr\/notre-equipe\/\"},{\"@type\":\"ListItem\",\"position\":3,\"name\":\"Dr. Hugo Centomo\"}]},{\"@type\":\"WebSite\",\"@id\":\"https:\/\/cllcenter.com\/fr\/#website\",\"url\":\"https:\/\/cllcenter.com\/fr\/\",\"name\":\"Canadian Limb Lengthening Center\",\"description\":\"Dr Marie Gdalevitch\",\"publisher\":{\"@id\":\"https:\/\/cllcenter.com\/fr\/#organization\"},\"potentialAction\":[{\"@type\":\"SearchAction\",\"target\":{\"@type\":\"EntryPoint\",\"urlTemplate\":\"https:\/\/cllcenter.com\/fr\/?s={search_term_string}\"},\"query-input\":{\"@type\":\"PropertyValueSpecification\",\"valueRequired\":true,\"valueName\":\"search_term_string\"}}],\"inLanguage\":\"fr-FR\"},{\"@type\":\"Organization\",\"@id\":\"https:\/\/cllcenter.com\/fr\/#organization\",\"name\":\"Canadian Limb Lengthening Center\",\"url\":\"https:\/\/cllcenter.com\/fr\/\",\"logo\":{\"@type\":\"ImageObject\",\"inLanguage\":\"fr-FR\",\"@id\":\"https:\/\/cllcenter.com\/fr\/#\/schema\/logo\/image\/\",\"url\":\"https:\/\/cllcenter.com\/wp-content\/uploads\/2022\/05\/cllc.png\",\"contentUrl\":\"https:\/\/cllcenter.com\/wp-content\/uploads\/2022\/05\/cllc.png\",\"width\":600,\"height\":219,\"caption\":\"Canadian Limb Lengthening Center\"},\"image\":{\"@id\":\"https:\/\/cllcenter.com\/fr\/#\/schema\/logo\/image\/\"}}]}<\/script>\n<!-- \/ Yoast SEO plugin. -->","yoast_head_json":{"title":"Dr. Hugo Centomo | CLLC Montr\u00e9al, Dre Marie Gdalevitch","description":"Dr. Hugo Centomo | Chirurgien orthop\u00e9diste \u00e0 Montr\u00e9al, allongement cosm\u00e9tique de la taille, correction des d\u00e9formations osseuses, Canada, \u00c9tats-Unis","robots":{"index":"index","follow":"follow","max-snippet":"max-snippet:-1","max-image-preview":"max-image-preview:large","max-video-preview":"max-video-preview:-1"},"canonical":"https:\/\/cllcenter.com\/fr\/notre-equipe\/dr-hugo-centomo\/","og_locale":"fr_FR","og_type":"article","og_title":"Dr. Hugo Centomo | CLLC Montr\u00e9al, Dre Marie Gdalevitch","og_description":"Dr. Hugo Centomo | Chirurgien orthop\u00e9diste \u00e0 Montr\u00e9al, allongement cosm\u00e9tique de la taille, correction des d\u00e9formations osseuses, Canada, \u00c9tats-Unis","og_url":"https:\/\/cllcenter.com\/fr\/notre-equipe\/dr-hugo-centomo\/","og_site_name":"Canadian Limb Lengthening Center","article_modified_time":"2023-01-31T20:36:20+00:00","twitter_card":"summary_large_image","twitter_misc":{"Dur\u00e9e de lecture estim\u00e9e":"1 minute"},"schema":{"@context":"https:\/\/schema.org","@graph":[{"@type":"WebPage","@id":"https:\/\/cllcenter.com\/fr\/notre-equipe\/dr-hugo-centomo\/","url":"https:\/\/cllcenter.com\/fr\/notre-equipe\/dr-hugo-centomo\/","name":"Dr. Hugo Centomo | CLLC Montr\u00e9al, Dre Marie Gdalevitch","isPartOf":{"@id":"https:\/\/cllcenter.com\/fr\/#website"},"datePublished":"2022-07-26T13:33:23+00:00","dateModified":"2023-01-31T20:36:20+00:00","description":"Dr. Hugo Centomo | Chirurgien orthop\u00e9diste \u00e0 Montr\u00e9al, allongement cosm\u00e9tique de la taille, correction des d\u00e9formations osseuses, Canada, \u00c9tats-Unis","breadcrumb":{"@id":"https:\/\/cllcenter.com\/fr\/notre-equipe\/dr-hugo-centomo\/#breadcrumb"},"inLanguage":"fr-FR","potentialAction":[{"@type":"ReadAction","target":["https:\/\/cllcenter.com\/fr\/notre-equipe\/dr-hugo-centomo\/"]}]},{"@type":"BreadcrumbList","@id":"https:\/\/cllcenter.com\/fr\/notre-equipe\/dr-hugo-centomo\/#breadcrumb","itemListElement":[{"@type":"ListItem","position":1,"name":"Home","item":"https:\/\/cllcenter.com\/fr\/"},{"@type":"ListItem","position":2,"name":"Notre \u00e9quipe","item":"https:\/\/cllcenter.com\/fr\/notre-equipe\/"},{"@type":"ListItem","position":3,"name":"Dr. Hugo Centomo"}]},{"@type":"WebSite","@id":"https:\/\/cllcenter.com\/fr\/#website","url":"https:\/\/cllcenter.com\/fr\/","name":"Canadian Limb Lengthening Center","description":"Dr Marie Gdalevitch","publisher":{"@id":"https:\/\/cllcenter.com\/fr\/#organization"},"potentialAction":[{"@type":"SearchAction","target":{"@type":"EntryPoint","urlTemplate":"https:\/\/cllcenter.com\/fr\/?s={search_term_string}"},"query-input":{"@type":"PropertyValueSpecification","valueRequired":true,"valueName":"search_term_string"}}],"inLanguage":"fr-FR"},{"@type":"Organization","@id":"https:\/\/cllcenter.com\/fr\/#organization","name":"Canadian Limb Lengthening Center","url":"https:\/\/cllcenter.com\/fr\/","logo":{"@type":"ImageObject","inLanguage":"fr-FR","@id":"https:\/\/cllcenter.com\/fr\/#\/schema\/logo\/image\/","url":"https:\/\/cllcenter.com\/wp-content\/uploads\/2022\/05\/cllc.png","contentUrl":"https:\/\/cllcenter.com\/wp-content\/uploads\/2022\/05\/cllc.png","width":600,"height":219,"caption":"Canadian Limb Lengthening Center"},"image":{"@id":"https:\/\/cllcenter.com\/fr\/#\/schema\/logo\/image\/"}}]}},"acf":[],"_links":{"self":[{"href":"https:\/\/cllcenter.com\/fr\/wp-json\/wp\/v2\/pages\/4221","targetHints":{"allow":["GET"]}}],"collection":[{"href":"https:\/\/cllcenter.com\/fr\/wp-json\/wp\/v2\/pages"}],"about":[{"href":"https:\/\/cllcenter.com\/fr\/wp-json\/wp\/v2\/types\/page"}],"author":[{"embeddable":true,"href":"https:\/\/cllcenter.com\/fr\/wp-json\/wp\/v2\/users\/1"}],"replies":[{"embeddable":true,"href":"https:\/\/cllcenter.com\/fr\/wp-json\/wp\/v2\/comments?post=4221"}],"version-history":[{"count":5,"href":"https:\/\/cllcenter.com\/fr\/wp-json\/wp\/v2\/pages\/4221\/revisions"}],"predecessor-version":[{"id":4874,"href":"https:\/\/cllcenter.com\/fr\/wp-json\/wp\/v2\/pages\/4221\/revisions\/4874"}],"up":[{"embeddable":true,"href":"https:\/\/cllcenter.com\/fr\/wp-json\/wp\/v2\/pages\/4201"}],"wp:attachment":[{"href":"https:\/\/cllcenter.com\/fr\/wp-json\/wp\/v2\/media?parent=4221"}],"curies":[{"name":"wp","href":"https:\/\/api.w.org\/{rel}","templated":true}]}}