{"id":4225,"date":"2022-07-26T13:40:33","date_gmt":"2022-07-26T13:40:33","guid":{"rendered":"https:\/\/cllcenter.com\/notre-equipe\/dr-khristinn-kellie-leitch\/"},"modified":"2023-01-30T14:18:04","modified_gmt":"2023-01-30T14:18:04","slug":"dr-khristinn-kellie-leitch","status":"publish","type":"page","link":"https:\/\/cllcenter.com\/fr\/notre-equipe\/dr-khristinn-kellie-leitch\/","title":{"rendered":"Dr. Khristinn Kellie Leitch"},"content":{"rendered":"<p>[vc_row css_animation=\u00a0\u00bb\u00a0\u00bb row_type=\u00a0\u00bbrow\u00a0\u00bb use_row_as_full_screen_section=\u00a0\u00bbno\u00a0\u00bb type=\u00a0\u00bbgrid\u00a0\u00bb angled_section=\u00a0\u00bbno\u00a0\u00bb text_align=\u00a0\u00bbleft\u00a0\u00bb background_image_as_pattern=\u00a0\u00bbwithout_pattern\u00a0\u00bb z_index=\u00a0\u00bb\u00a0\u00bb][vc_column width=\u00a0\u00bb1\/3&Prime;][vc_single_image image=\u00a0\u00bb3808&Prime; img_size=\u00a0\u00bbfull\u00a0\u00bb qode_css_animation=\u00a0\u00bb\u00a0\u00bb][\/vc_column][vc_column width=\u00a0\u00bb2\/3&Prime;][vc_column_text el_class=\u00a0\u00bbmember\u00a0\u00bb]<\/p>\n<h3>Dr. Khristinn Kellie Leitch <em>PC, O.Ont, BA, MD, MBA, FRCSC<\/em><\/h3>\n<h4>Traumatologie p\u00e9diatrique<br \/>\nDifformit\u00e9s et reconstruction des membres inf\u00e9rieurs<\/h4>\n<p>Dre Khristinn Kellie Leitch est chef du service d&rsquo;orthop\u00e9die p\u00e9diatrique de l&rsquo;h\u00f4pital pour enfants du Mississippi et professeur associ\u00e9 \u00e0 la facult\u00e9 de m\u00e9decine. Sa pratique actuelle de l&rsquo;orthop\u00e9die p\u00e9diatrique est ax\u00e9e sur la traumatologie p\u00e9diatrique et la reconstruction des membres inf\u00e9rieurs. De plus, elle est professeur adjoint \u00e0 l&rsquo;\u00e9cole de commerce de l&rsquo;universit\u00e9 du Mississippi. \u00c0 Ole Miss Business School, elle dirige un cours sur la gestion des syst\u00e8mes de sant\u00e9.<\/p>\n<p>Le Dre Leitch a \u00e9t\u00e9 d\u00e9put\u00e9e de Simcoe-Grey au Parlement canadien de 2011 \u00e0 2019. De 2013 \u00e0 2015, elle a \u00e9t\u00e9 ministre du travail et de la condition f\u00e9minine du Canada et a si\u00e9g\u00e9 au conseil du tr\u00e9sor et aux comit\u00e9s \u00e9conomiques du cabinet au sein du gouvernement du Canada.<\/p>\n<p>Dre Leitch a obtenu un doctorat en m\u00e9decine de l&rsquo;Universit\u00e9 de Toronto en 1994 et un MBA de l&rsquo;Universit\u00e9 Dalhousie en 1998. Elle a effectu\u00e9 sa r\u00e9sidence en chirurgie orthop\u00e9dique \u00e0 l&rsquo;Universit\u00e9 de Toronto et sa bourse de recherche en orthop\u00e9die p\u00e9diatrique au Children&rsquo;s Hospital of Los Angeles\/University of Southern California en 2001 et 2002 respectivement.<\/p>\n<p>En plus de son travail de chirurgienne et de professeur, Dre Leitch est actuellement membre du conseil d&rsquo;administration de Dream Office REIT et est la pr\u00e9sidente du comit\u00e9 de gouvernance. Elle est l&rsquo;ancienne pr\u00e9sidente du Ivey Centre for Health Innovation and Leadership de Ivey School of Business de l&rsquo;Universit\u00e9 de Western Ontario. Elle a si\u00e9g\u00e9 au conseil national de recherches du Canada, \u00e0 G\u00e9nome Canada en tant que pr\u00e9sidente du comit\u00e9 de v\u00e9rification, au YMCA (r\u00e9gion du Grand Toronto) et est la fondatrice du projet Sandbox, un organisme de bienfaisance canadien visant \u00e0 am\u00e9liorer la sant\u00e9 des enfants et des jeunes au Canada. En 2005, Dre Leitch a \u00e9t\u00e9 s\u00e9lectionn\u00e9e parmi les 40 Canadiens les plus performants de moins de 40 ans pour son travail en m\u00e9decine et en affaires. En 2010, elle a re\u00e7u l&rsquo;Ordre de l&rsquo;Ontario pour son travail \u00e0 la<br \/>\nd\u00e9fense pour les enfants et les jeunes.<br \/>\n[\/vc_column_text][\/vc_column][\/vc_row]<\/p>\n","protected":false},"excerpt":{"rendered":"<p>[vc_row css_animation=\u00a0\u00bb\u00a0\u00bb row_type=\u00a0\u00bbrow\u00a0\u00bb use_row_as_full_screen_section=\u00a0\u00bbno\u00a0\u00bb type=\u00a0\u00bbgrid\u00a0\u00bb angled_section=\u00a0\u00bbno\u00a0\u00bb text_align=\u00a0\u00bbleft\u00a0\u00bb background_image_as_pattern=\u00a0\u00bbwithout_pattern\u00a0\u00bb z_index=\u00a0\u00bb\u00a0\u00bb][vc_column width=\u00a0\u00bb1\/3&Prime;][vc_single_image image=\u00a0\u00bb3808&Prime; img_size=\u00a0\u00bbfull\u00a0\u00bb qode_css_animation=\u00a0\u00bb\u00a0\u00bb][\/vc_column][vc_column width=\u00a0\u00bb2\/3&Prime;][vc_column_text el_class=\u00a0\u00bbmember\u00a0\u00bb] Dr. Khristinn Kellie Leitch PC, O.Ont, BA, MD, MBA, FRCSC Traumatologie p\u00e9diatrique Difformit\u00e9s et reconstruction des membres inf\u00e9rieurs Dre Khristinn Kellie Leitch est chef du service d&rsquo;orthop\u00e9die p\u00e9diatrique de l&rsquo;h\u00f4pital&#8230;<\/p>\n","protected":false},"author":1,"featured_media":0,"parent":4201,"menu_order":0,"comment_status":"closed","ping_status":"closed","template":"full_width.php","meta":{"footnotes":""},"class_list":["post-4225","page","type-page","status-publish","hentry"],"yoast_head":"<!-- This site is optimized with the Yoast SEO plugin v26.2 - https:\/\/yoast.com\/wordpress\/plugins\/seo\/ -->\n<title>Dr. Khristinn Kellie Leitch | CLLC Montr\u00e9al, Dre Marie Gdalevitch<\/title>\n<meta name=\"description\" content=\"Dr. Khristinn Kellie Leitch | Chirurgien orthop\u00e9diste \u00e0 Montr\u00e9al, allongement cosm\u00e9tique de la taille, correction des d\u00e9formations osseuses, Canada, \u00c9tats-Unis\" \/>\n<meta name=\"robots\" content=\"index, follow, max-snippet:-1, max-image-preview:large, max-video-preview:-1\" \/>\n<link rel=\"canonical\" href=\"https:\/\/cllcenter.com\/fr\/notre-equipe\/dr-khristinn-kellie-leitch\/\" \/>\n<meta property=\"og:locale\" content=\"fr_FR\" \/>\n<meta property=\"og:type\" content=\"article\" \/>\n<meta property=\"og:title\" content=\"Dr. Khristinn Kellie Leitch | CLLC Montr\u00e9al, Dre Marie Gdalevitch\" \/>\n<meta property=\"og:description\" content=\"Dr. Khristinn Kellie Leitch | Chirurgien orthop\u00e9diste \u00e0 Montr\u00e9al, allongement cosm\u00e9tique de la taille, correction des d\u00e9formations osseuses, Canada, \u00c9tats-Unis\" \/>\n<meta property=\"og:url\" content=\"https:\/\/cllcenter.com\/fr\/notre-equipe\/dr-khristinn-kellie-leitch\/\" \/>\n<meta property=\"og:site_name\" content=\"Canadian Limb Lengthening Center\" \/>\n<meta property=\"article:modified_time\" content=\"2023-01-30T14:18:04+00:00\" \/>\n<meta name=\"twitter:card\" content=\"summary_large_image\" \/>\n<meta name=\"twitter:label1\" content=\"Dur\u00e9e de lecture estim\u00e9e\" \/>\n\t<meta name=\"twitter:data1\" content=\"2 minutes\" \/>\n<script type=\"application\/ld+json\" class=\"yoast-schema-graph\">{\"@context\":\"https:\/\/schema.org\",\"@graph\":[{\"@type\":\"WebPage\",\"@id\":\"https:\/\/cllcenter.com\/fr\/notre-equipe\/dr-khristinn-kellie-leitch\/\",\"url\":\"https:\/\/cllcenter.com\/fr\/notre-equipe\/dr-khristinn-kellie-leitch\/\",\"name\":\"Dr. Khristinn Kellie Leitch | CLLC Montr\u00e9al, Dre Marie Gdalevitch\",\"isPartOf\":{\"@id\":\"https:\/\/cllcenter.com\/fr\/#website\"},\"datePublished\":\"2022-07-26T13:40:33+00:00\",\"dateModified\":\"2023-01-30T14:18:04+00:00\",\"description\":\"Dr. Khristinn Kellie Leitch | Chirurgien orthop\u00e9diste \u00e0 Montr\u00e9al, allongement cosm\u00e9tique de la taille, correction des d\u00e9formations osseuses, Canada, \u00c9tats-Unis\",\"breadcrumb\":{\"@id\":\"https:\/\/cllcenter.com\/fr\/notre-equipe\/dr-khristinn-kellie-leitch\/#breadcrumb\"},\"inLanguage\":\"fr-FR\",\"potentialAction\":[{\"@type\":\"ReadAction\",\"target\":[\"https:\/\/cllcenter.com\/fr\/notre-equipe\/dr-khristinn-kellie-leitch\/\"]}]},{\"@type\":\"BreadcrumbList\",\"@id\":\"https:\/\/cllcenter.com\/fr\/notre-equipe\/dr-khristinn-kellie-leitch\/#breadcrumb\",\"itemListElement\":[{\"@type\":\"ListItem\",\"position\":1,\"name\":\"Home\",\"item\":\"https:\/\/cllcenter.com\/fr\/\"},{\"@type\":\"ListItem\",\"position\":2,\"name\":\"Notre \u00e9quipe\",\"item\":\"https:\/\/cllcenter.com\/fr\/notre-equipe\/\"},{\"@type\":\"ListItem\",\"position\":3,\"name\":\"Dr. Khristinn Kellie Leitch\"}]},{\"@type\":\"WebSite\",\"@id\":\"https:\/\/cllcenter.com\/fr\/#website\",\"url\":\"https:\/\/cllcenter.com\/fr\/\",\"name\":\"Canadian Limb Lengthening Center\",\"description\":\"Dr Marie Gdalevitch\",\"publisher\":{\"@id\":\"https:\/\/cllcenter.com\/fr\/#organization\"},\"potentialAction\":[{\"@type\":\"SearchAction\",\"target\":{\"@type\":\"EntryPoint\",\"urlTemplate\":\"https:\/\/cllcenter.com\/fr\/?s={search_term_string}\"},\"query-input\":{\"@type\":\"PropertyValueSpecification\",\"valueRequired\":true,\"valueName\":\"search_term_string\"}}],\"inLanguage\":\"fr-FR\"},{\"@type\":\"Organization\",\"@id\":\"https:\/\/cllcenter.com\/fr\/#organization\",\"name\":\"Canadian Limb Lengthening Center\",\"url\":\"https:\/\/cllcenter.com\/fr\/\",\"logo\":{\"@type\":\"ImageObject\",\"inLanguage\":\"fr-FR\",\"@id\":\"https:\/\/cllcenter.com\/fr\/#\/schema\/logo\/image\/\",\"url\":\"https:\/\/cllcenter.com\/wp-content\/uploads\/2022\/05\/cllc.png\",\"contentUrl\":\"https:\/\/cllcenter.com\/wp-content\/uploads\/2022\/05\/cllc.png\",\"width\":600,\"height\":219,\"caption\":\"Canadian Limb Lengthening Center\"},\"image\":{\"@id\":\"https:\/\/cllcenter.com\/fr\/#\/schema\/logo\/image\/\"}}]}<\/script>\n<!-- \/ Yoast SEO plugin. -->","yoast_head_json":{"title":"Dr. Khristinn Kellie Leitch | CLLC Montr\u00e9al, Dre Marie Gdalevitch","description":"Dr. Khristinn Kellie Leitch | Chirurgien orthop\u00e9diste \u00e0 Montr\u00e9al, allongement cosm\u00e9tique de la taille, correction des d\u00e9formations osseuses, Canada, \u00c9tats-Unis","robots":{"index":"index","follow":"follow","max-snippet":"max-snippet:-1","max-image-preview":"max-image-preview:large","max-video-preview":"max-video-preview:-1"},"canonical":"https:\/\/cllcenter.com\/fr\/notre-equipe\/dr-khristinn-kellie-leitch\/","og_locale":"fr_FR","og_type":"article","og_title":"Dr. Khristinn Kellie Leitch | CLLC Montr\u00e9al, Dre Marie Gdalevitch","og_description":"Dr. Khristinn Kellie Leitch | Chirurgien orthop\u00e9diste \u00e0 Montr\u00e9al, allongement cosm\u00e9tique de la taille, correction des d\u00e9formations osseuses, Canada, \u00c9tats-Unis","og_url":"https:\/\/cllcenter.com\/fr\/notre-equipe\/dr-khristinn-kellie-leitch\/","og_site_name":"Canadian Limb Lengthening Center","article_modified_time":"2023-01-30T14:18:04+00:00","twitter_card":"summary_large_image","twitter_misc":{"Dur\u00e9e de lecture estim\u00e9e":"2 minutes"},"schema":{"@context":"https:\/\/schema.org","@graph":[{"@type":"WebPage","@id":"https:\/\/cllcenter.com\/fr\/notre-equipe\/dr-khristinn-kellie-leitch\/","url":"https:\/\/cllcenter.com\/fr\/notre-equipe\/dr-khristinn-kellie-leitch\/","name":"Dr. Khristinn Kellie Leitch | CLLC Montr\u00e9al, Dre Marie Gdalevitch","isPartOf":{"@id":"https:\/\/cllcenter.com\/fr\/#website"},"datePublished":"2022-07-26T13:40:33+00:00","dateModified":"2023-01-30T14:18:04+00:00","description":"Dr. Khristinn Kellie Leitch | Chirurgien orthop\u00e9diste \u00e0 Montr\u00e9al, allongement cosm\u00e9tique de la taille, correction des d\u00e9formations osseuses, Canada, \u00c9tats-Unis","breadcrumb":{"@id":"https:\/\/cllcenter.com\/fr\/notre-equipe\/dr-khristinn-kellie-leitch\/#breadcrumb"},"inLanguage":"fr-FR","potentialAction":[{"@type":"ReadAction","target":["https:\/\/cllcenter.com\/fr\/notre-equipe\/dr-khristinn-kellie-leitch\/"]}]},{"@type":"BreadcrumbList","@id":"https:\/\/cllcenter.com\/fr\/notre-equipe\/dr-khristinn-kellie-leitch\/#breadcrumb","itemListElement":[{"@type":"ListItem","position":1,"name":"Home","item":"https:\/\/cllcenter.com\/fr\/"},{"@type":"ListItem","position":2,"name":"Notre \u00e9quipe","item":"https:\/\/cllcenter.com\/fr\/notre-equipe\/"},{"@type":"ListItem","position":3,"name":"Dr. Khristinn Kellie Leitch"}]},{"@type":"WebSite","@id":"https:\/\/cllcenter.com\/fr\/#website","url":"https:\/\/cllcenter.com\/fr\/","name":"Canadian Limb Lengthening Center","description":"Dr Marie Gdalevitch","publisher":{"@id":"https:\/\/cllcenter.com\/fr\/#organization"},"potentialAction":[{"@type":"SearchAction","target":{"@type":"EntryPoint","urlTemplate":"https:\/\/cllcenter.com\/fr\/?s={search_term_string}"},"query-input":{"@type":"PropertyValueSpecification","valueRequired":true,"valueName":"search_term_string"}}],"inLanguage":"fr-FR"},{"@type":"Organization","@id":"https:\/\/cllcenter.com\/fr\/#organization","name":"Canadian Limb Lengthening Center","url":"https:\/\/cllcenter.com\/fr\/","logo":{"@type":"ImageObject","inLanguage":"fr-FR","@id":"https:\/\/cllcenter.com\/fr\/#\/schema\/logo\/image\/","url":"https:\/\/cllcenter.com\/wp-content\/uploads\/2022\/05\/cllc.png","contentUrl":"https:\/\/cllcenter.com\/wp-content\/uploads\/2022\/05\/cllc.png","width":600,"height":219,"caption":"Canadian Limb Lengthening Center"},"image":{"@id":"https:\/\/cllcenter.com\/fr\/#\/schema\/logo\/image\/"}}]}},"acf":[],"_links":{"self":[{"href":"https:\/\/cllcenter.com\/fr\/wp-json\/wp\/v2\/pages\/4225","targetHints":{"allow":["GET"]}}],"collection":[{"href":"https:\/\/cllcenter.com\/fr\/wp-json\/wp\/v2\/pages"}],"about":[{"href":"https:\/\/cllcenter.com\/fr\/wp-json\/wp\/v2\/types\/page"}],"author":[{"embeddable":true,"href":"https:\/\/cllcenter.com\/fr\/wp-json\/wp\/v2\/users\/1"}],"replies":[{"embeddable":true,"href":"https:\/\/cllcenter.com\/fr\/wp-json\/wp\/v2\/comments?post=4225"}],"version-history":[{"count":3,"href":"https:\/\/cllcenter.com\/fr\/wp-json\/wp\/v2\/pages\/4225\/revisions"}],"predecessor-version":[{"id":4228,"href":"https:\/\/cllcenter.com\/fr\/wp-json\/wp\/v2\/pages\/4225\/revisions\/4228"}],"up":[{"embeddable":true,"href":"https:\/\/cllcenter.com\/fr\/wp-json\/wp\/v2\/pages\/4201"}],"wp:attachment":[{"href":"https:\/\/cllcenter.com\/fr\/wp-json\/wp\/v2\/media?parent=4225"}],"curies":[{"name":"wp","href":"https:\/\/api.w.org\/{rel}","templated":true}]}}