{"id":4511,"date":"2022-08-01T18:02:02","date_gmt":"2022-08-01T18:02:02","guid":{"rendered":"https:\/\/cllcenter.com\/pediatrics\/"},"modified":"2023-02-02T16:44:05","modified_gmt":"2023-02-02T16:44:05","slug":"pediatrics","status":"publish","type":"page","link":"https:\/\/cllcenter.com\/fr\/pediatrics\/","title":{"rendered":"P\u00e9diatrie"},"content":{"rendered":"<p>[vc_row css_animation=\u00a0\u00bb\u00a0\u00bb row_type=\u00a0\u00bbrow\u00a0\u00bb use_row_as_full_screen_section=\u00a0\u00bbno\u00a0\u00bb type=\u00a0\u00bbgrid\u00a0\u00bb angled_section=\u00a0\u00bbno\u00a0\u00bb text_align=\u00a0\u00bbleft\u00a0\u00bb background_image_as_pattern=\u00a0\u00bbwithout_pattern\u00a0\u00bb z_index=\u00a0\u00bb\u00a0\u00bb][vc_column][vc_row_inner row_type=\u00a0\u00bbrow\u00a0\u00bb type=\u00a0\u00bbfull_width\u00a0\u00bb text_align=\u00a0\u00bbleft\u00a0\u00bb css_animation=\u00a0\u00bb\u00a0\u00bb el_class=\u00a0\u00bbgap-60 flex-center\u00a0\u00bb][vc_column_inner width=\u00a0\u00bb1\/2&Prime;][vc_single_image image=\u00a0\u00bb3334&Prime; img_size=\u00a0\u00bbfull\u00a0\u00bb qode_css_animation=\u00a0\u00bb\u00a0\u00bb el_class=\u00a0\u00bbbordered\u00a0\u00bb][\/vc_column_inner][vc_column_inner width=\u00a0\u00bb1\/2&Prime;][vc_column_text]<\/p>\n<h2>P\u00c9DIATRIE<\/h2>\n<p>De nombreux parents s&rsquo;inqui\u00e8tent de la forme des jambes de leurs enfants ainsi que de la fa\u00e7on dont ils marchent. Le centre canadien d\u2019allongement des members dispose de chirurgiens orthop\u00e9distes sp\u00e9cialis\u00e9s dans les difformit\u00e9s des membres p\u00e9diatriques et la traumatologie<br \/>\np\u00e9diatrique.[\/vc_column_text][\/vc_column_inner][\/vc_row_inner][vc_empty_space][vc_column_text]<div class=\"condition-grid count-13\"><div class=\"item\"><a href=\"https:\/\/cllcenter.com\/fr\/procedure\/correction-des-difformites-aigues\/\"><img decoding=\"async\" src=\"https:\/\/cllcenter.com\/wp-content\/uploads\/2022\/07\/fixator-300x300.jpg\"><\/a><div class=\"item-text\"><pre>Proc\u00e9dure<\/pre>\n            \n            <h4>Correction des difformit\u00e9s aigu\u00ebs<\/h4><a href=\"https:\/\/cllcenter.com\/fr\/procedure\/correction-des-difformites-aigues\/\"><\/a><\/div><\/div><div class=\"item\"><a href=\"https:\/\/cllcenter.com\/fr\/procedure\/transport-osseux-et-autres-techniques\/\"><img decoding=\"async\" src=\"https:\/\/cllcenter.com\/wp-content\/uploads\/2022\/07\/bone-trans-300x300.jpg\"><\/a><div class=\"item-text\"><pre>Proc\u00e9dure<\/pre>\n            \n            <h4>Transport osseux et autres techniques<\/h4><a href=\"https:\/\/cllcenter.com\/fr\/procedure\/transport-osseux-et-autres-techniques\/\"><\/a><\/div><\/div><div class=\"item\"><a href=\"https:\/\/cllcenter.com\/fr\/procedure\/epiphysiodese-et-hemiepiphysiodese\/\"><img decoding=\"async\" src=\"https:\/\/cllcenter.com\/wp-content\/uploads\/2022\/07\/epiepi-300x300.jpg\"><\/a><div class=\"item-text\"><pre>Proc\u00e9dure<\/pre>\n            \n            <h4>\u00c9piphysiod\u00e8se et h\u00e9mi\u00e9piphysiod\u00e8se<\/h4><a href=\"https:\/\/cllcenter.com\/fr\/procedure\/epiphysiodese-et-hemiepiphysiodese\/\"><\/a><\/div><\/div><div class=\"item\"><a href=\"https:\/\/cllcenter.com\/fr\/procedure\/allongement-extensif-des-membres\/\"><img decoding=\"async\" src=\"https:\/\/cllcenter.com\/wp-content\/uploads\/2022\/07\/limblength-300x300.jpg\"><\/a><div class=\"item-text\"><pre>Proc\u00e9dure<\/pre>\n            \n            <h4>Allongement extensif des membres<\/h4><a href=\"https:\/\/cllcenter.com\/fr\/procedure\/allongement-extensif-des-membres\/\"><\/a><\/div><\/div><div class=\"item\"><a href=\"https:\/\/cllcenter.com\/fr\/procedure\/correction-graduelle-des-difformites-par-fixation-externe\/\"><img decoding=\"async\" src=\"https:\/\/cllcenter.com\/wp-content\/uploads\/2022\/07\/tsf_kinematic_11-300x300.jpg\"><\/a><div class=\"item-text\"><pre>Proc\u00e9dure<\/pre>\n            \n            <h4>Correction graduelle des difformit\u00e9s par fixation\u00a0externe<\/h4><a href=\"https:\/\/cllcenter.com\/fr\/procedure\/correction-graduelle-des-difformites-par-fixation-externe\/\"><\/a><\/div><\/div><div class=\"item\"><a href=\"https:\/\/cllcenter.com\/fr\/procedure\/quadricepsplastie-de-judet\/\"><img decoding=\"async\" src=\"https:\/\/cllcenter.com\/wp-content\/uploads\/2022\/07\/Judet-Quadricepsplasty-300x300.jpg\"><\/a><div class=\"item-text\"><pre>Proc\u00e9dure<\/pre>\n            \n            <h4>Quadricepsplastie de Judet<\/h4><a href=\"https:\/\/cllcenter.com\/fr\/procedure\/quadricepsplastie-de-judet\/\"><\/a><\/div><\/div><div class=\"item\"><a href=\"https:\/\/cllcenter.com\/fr\/procedure\/greffe-periostee-pour-pseudarthrose-congenitale-du-tibia\/\"><img decoding=\"async\" src=\"https:\/\/cllcenter.com\/wp-content\/uploads\/2022\/07\/graphting123-300x300.jpg\"><\/a><div class=\"item-text\"><pre>Proc\u00e9dure<\/pre>\n            \n            <h4>Greffe p\u00e9riost\u00e9e pour pseudarthrose cong\u00e9nitale du tibia<\/h4><a href=\"https:\/\/cllcenter.com\/fr\/procedure\/greffe-periostee-pour-pseudarthrose-congenitale-du-tibia\/\"><\/a><\/div><\/div><div class=\"item\"><a href=\"https:\/\/cllcenter.com\/fr\/procedure\/super-hanche-genou-et-cheville\/\"><img decoding=\"async\" src=\"https:\/\/cllcenter.com\/wp-content\/uploads\/2022\/07\/super-knee-slider-300x300.jpg\"><\/a><div class=\"item-text\"><pre>Proc\u00e9dure<\/pre>\n            \n            <h4>Super hanche, genou et cheville<\/h4><a href=\"https:\/\/cllcenter.com\/fr\/procedure\/super-hanche-genou-et-cheville\/\"><\/a><\/div><\/div><div class=\"item\"><a href=\"https:\/\/cllcenter.com\/fr\/procedure\/arthroscopie-de-la-hanche-et-conflit-femoro-acetabulaire\/\"><img decoding=\"async\" src=\"https:\/\/cllcenter.com\/wp-content\/uploads\/2022\/07\/fai-1-300x300.jpg\"><\/a><div class=\"item-text\"><pre>Proc\u00e9dure<\/pre>\n            \n            <h4>Arthroscopie de la hanche et conflit f\u00e9moro-ac\u00e9tabulaire<\/h4><a href=\"https:\/\/cllcenter.com\/fr\/procedure\/arthroscopie-de-la-hanche-et-conflit-femoro-acetabulaire\/\"><\/a><\/div><\/div><div class=\"item\"><a href=\"https:\/\/cllcenter.com\/fr\/procedure\/fixation-in-situ-pour-glissement-epiphysaire-scfe\/\"><img decoding=\"async\" src=\"https:\/\/cllcenter.com\/wp-content\/uploads\/2022\/07\/sfce-300x300.jpg\"><\/a><div class=\"item-text\"><pre>Proc\u00e9dure<\/pre>\n            \n            <h4>Fixation In-situ pour glissement \u00e9piphysaire (SCFE)<\/h4><a href=\"https:\/\/cllcenter.com\/fr\/procedure\/fixation-in-situ-pour-glissement-epiphysaire-scfe\/\"><\/a><\/div><\/div><div class=\"item\"><a href=\"https:\/\/cllcenter.com\/fr\/procedure\/distraction-articulee-de-la-hanche\/\"><img decoding=\"async\" src=\"https:\/\/cllcenter.com\/wp-content\/uploads\/2022\/07\/Hip_Distraction-300x300.jpg\"><\/a><div class=\"item-text\"><pre>Proc\u00e9dure<\/pre>\n            \n            <h4>Distraction articul\u00e9e de la hanche<\/h4><a href=\"https:\/\/cllcenter.com\/fr\/procedure\/distraction-articulee-de-la-hanche\/\"><\/a><\/div><\/div><div class=\"item\"><a href=\"https:\/\/cllcenter.com\/fr\/procedure\/tenotomies-des-flechisseurs-pour-les-orteils-frises\/\"><img decoding=\"async\" src=\"https:\/\/cllcenter.com\/wp-content\/uploads\/2022\/07\/flexor-tenotomies-for-curly-toes-300x300.jpg\"><\/a><div class=\"item-text\"><pre>Proc\u00e9dure<\/pre>\n            \n            <h4>T\u00e9notomies des fl\u00e9chisseurs pour les orteils fris\u00e9s<\/h4><a href=\"https:\/\/cllcenter.com\/fr\/procedure\/tenotomies-des-flechisseurs-pour-les-orteils-frises\/\"><\/a><\/div><\/div><div class=\"item\"><a href=\"https:\/\/cllcenter.com\/fr\/procedure\/technique-de-ponseti-pour-les-pieds-bots\/\"><img decoding=\"async\" src=\"https:\/\/cllcenter.com\/wp-content\/uploads\/2022\/07\/ponseti-casting-for-baby-foot-deformities-300x300.jpg\"><\/a><div class=\"item-text\"><pre>Proc\u00e9dure<\/pre>\n            \n            <h4>Technique de Ponseti pour les pieds bots<\/h4><a href=\"https:\/\/cllcenter.com\/fr\/procedure\/technique-de-ponseti-pour-les-pieds-bots\/\"><\/a><\/div><\/div><\/div>[\/vc_column_text][\/vc_column][\/vc_row][vc_row css_animation=\u00a0\u00bb\u00a0\u00bb row_type=\u00a0\u00bbrow\u00a0\u00bb use_row_as_full_screen_section=\u00a0\u00bbno\u00a0\u00bb type=\u00a0\u00bbfull_width\u00a0\u00bb angled_section=\u00a0\u00bbno\u00a0\u00bb text_align=\u00a0\u00bbleft\u00a0\u00bb background_image_as_pattern=\u00a0\u00bbwithout_pattern\u00a0\u00bb el_class=\u00a0\u00bbglobal\u00a0\u00bb z_index=\u00a0\u00bb\u00a0\u00bb][vc_column][vc_row css_animation=\"\" row_type=\"row\" use_row_as_full_screen_section=\"no\" type=\"grid\" angled_section=\"no\" text_align=\"left\" background_image_as_pattern=\"without_pattern\" el_id=\"candida\" z_index=\"\"][vc_column][vc_column_text]\r\n<h2>SUIS-JE UN CANDIDAT ?<\/h2>\r\n<h3>Vous souffrez d'un probl\u00e8me orthop\u00e9dique et vous aimeriez am\u00e9liorer vos capacit\u00e9s physiques ?<\/h3>\r\n<h3>Ou Vous souhaitez simplement r\u00e9aliser votre r\u00eave d\u2019augmenter votre taille ?<\/h3>\r\nLaissez-nous vous aider \u00e0 am\u00e9liorer votre sant\u00e9 et votre bien-\u00eatre dans un cadre professionnel.\r\n\r\nCommen\u00e7ons une discussion pour vous aider \u00e0 atteindre vos objectifs.[\/vc_column_text]<div style=\"text-align:center\"><a href=\"https:\/\/cllcenter.com\/fr\/reserver-une-consultation\/\" class=\"button button--mimas \" target=\"_self\"><div class=\"btn__bg\"><\/div><span>PLANIFIEZ UNE VISITE<\/span><\/a><\/div>[\/vc_column][\/vc_row][\/vc_column][\/vc_row]<\/p>\n","protected":false},"excerpt":{"rendered":"<p>[vc_row css_animation=\u00a0\u00bb\u00a0\u00bb row_type=\u00a0\u00bbrow\u00a0\u00bb use_row_as_full_screen_section=\u00a0\u00bbno\u00a0\u00bb type=\u00a0\u00bbgrid\u00a0\u00bb angled_section=\u00a0\u00bbno\u00a0\u00bb text_align=\u00a0\u00bbleft\u00a0\u00bb background_image_as_pattern=\u00a0\u00bbwithout_pattern\u00a0\u00bb z_index=\u00a0\u00bb\u00a0\u00bb][vc_column][vc_row_inner row_type=\u00a0\u00bbrow\u00a0\u00bb type=\u00a0\u00bbfull_width\u00a0\u00bb text_align=\u00a0\u00bbleft\u00a0\u00bb css_animation=\u00a0\u00bb\u00a0\u00bb el_class=\u00a0\u00bbgap-60 flex-center\u00a0\u00bb][vc_column_inner width=\u00a0\u00bb1\/2&Prime;][vc_single_image image=\u00a0\u00bb3334&Prime; img_size=\u00a0\u00bbfull\u00a0\u00bb qode_css_animation=\u00a0\u00bb\u00a0\u00bb el_class=\u00a0\u00bbbordered\u00a0\u00bb][\/vc_column_inner][vc_column_inner width=\u00a0\u00bb1\/2&Prime;][vc_column_text] P\u00c9DIATRIE De nombreux parents s&rsquo;inqui\u00e8tent de la forme des jambes de leurs enfants ainsi que de la fa\u00e7on dont ils marchent. Le centre canadien&#8230;<\/p>\n","protected":false},"author":1,"featured_media":0,"parent":0,"menu_order":0,"comment_status":"closed","ping_status":"closed","template":"full_width.php","meta":{"footnotes":""},"class_list":["post-4511","page","type-page","status-publish","hentry"],"yoast_head":"<!-- This site is optimized with the Yoast SEO plugin v26.2 - https:\/\/yoast.com\/wordpress\/plugins\/seo\/ -->\n<title>P\u00e9diatrie | CLLC Montr\u00e9al, Dre Marie Gdalevitch<\/title>\n<meta name=\"description\" content=\"P\u00e9diatrie | Chirurgien orthop\u00e9diste \u00e0 Montr\u00e9al, allongement cosm\u00e9tique de la taille, correction des d\u00e9formations osseuses, Canada, \u00c9tats-Unis\" \/>\n<meta name=\"robots\" content=\"index, follow, max-snippet:-1, max-image-preview:large, max-video-preview:-1\" \/>\n<link rel=\"canonical\" href=\"https:\/\/cllcenter.com\/fr\/pediatrics\/\" \/>\n<meta property=\"og:locale\" content=\"fr_FR\" \/>\n<meta property=\"og:type\" content=\"article\" \/>\n<meta property=\"og:title\" content=\"P\u00e9diatrie | CLLC Montr\u00e9al, Dre Marie Gdalevitch\" \/>\n<meta property=\"og:description\" content=\"P\u00e9diatrie | Chirurgien orthop\u00e9diste \u00e0 Montr\u00e9al, allongement cosm\u00e9tique de la taille, correction des d\u00e9formations osseuses, Canada, \u00c9tats-Unis\" \/>\n<meta property=\"og:url\" content=\"https:\/\/cllcenter.com\/fr\/pediatrics\/\" \/>\n<meta property=\"og:site_name\" content=\"Canadian Limb Lengthening Center\" \/>\n<meta property=\"article:modified_time\" content=\"2023-02-02T16:44:05+00:00\" \/>\n<meta name=\"twitter:card\" content=\"summary_large_image\" \/>\n<meta name=\"twitter:label1\" content=\"Dur\u00e9e de lecture estim\u00e9e\" \/>\n\t<meta name=\"twitter:data1\" content=\"1 minute\" \/>\n<script type=\"application\/ld+json\" class=\"yoast-schema-graph\">{\"@context\":\"https:\/\/schema.org\",\"@graph\":[{\"@type\":\"WebPage\",\"@id\":\"https:\/\/cllcenter.com\/fr\/pediatrics\/\",\"url\":\"https:\/\/cllcenter.com\/fr\/pediatrics\/\",\"name\":\"P\u00e9diatrie | CLLC Montr\u00e9al, Dre Marie Gdalevitch\",\"isPartOf\":{\"@id\":\"https:\/\/cllcenter.com\/fr\/#website\"},\"datePublished\":\"2022-08-01T18:02:02+00:00\",\"dateModified\":\"2023-02-02T16:44:05+00:00\",\"description\":\"P\u00e9diatrie | Chirurgien orthop\u00e9diste \u00e0 Montr\u00e9al, allongement cosm\u00e9tique de la taille, correction des d\u00e9formations osseuses, Canada, \u00c9tats-Unis\",\"breadcrumb\":{\"@id\":\"https:\/\/cllcenter.com\/fr\/pediatrics\/#breadcrumb\"},\"inLanguage\":\"fr-FR\",\"potentialAction\":[{\"@type\":\"ReadAction\",\"target\":[\"https:\/\/cllcenter.com\/fr\/pediatrics\/\"]}]},{\"@type\":\"BreadcrumbList\",\"@id\":\"https:\/\/cllcenter.com\/fr\/pediatrics\/#breadcrumb\",\"itemListElement\":[{\"@type\":\"ListItem\",\"position\":1,\"name\":\"Home\",\"item\":\"https:\/\/cllcenter.com\/fr\/\"},{\"@type\":\"ListItem\",\"position\":2,\"name\":\"P\u00e9diatrie\"}]},{\"@type\":\"WebSite\",\"@id\":\"https:\/\/cllcenter.com\/fr\/#website\",\"url\":\"https:\/\/cllcenter.com\/fr\/\",\"name\":\"Canadian Limb Lengthening Center\",\"description\":\"Dr Marie Gdalevitch\",\"publisher\":{\"@id\":\"https:\/\/cllcenter.com\/fr\/#organization\"},\"potentialAction\":[{\"@type\":\"SearchAction\",\"target\":{\"@type\":\"EntryPoint\",\"urlTemplate\":\"https:\/\/cllcenter.com\/fr\/?s={search_term_string}\"},\"query-input\":{\"@type\":\"PropertyValueSpecification\",\"valueRequired\":true,\"valueName\":\"search_term_string\"}}],\"inLanguage\":\"fr-FR\"},{\"@type\":\"Organization\",\"@id\":\"https:\/\/cllcenter.com\/fr\/#organization\",\"name\":\"Canadian Limb Lengthening Center\",\"url\":\"https:\/\/cllcenter.com\/fr\/\",\"logo\":{\"@type\":\"ImageObject\",\"inLanguage\":\"fr-FR\",\"@id\":\"https:\/\/cllcenter.com\/fr\/#\/schema\/logo\/image\/\",\"url\":\"https:\/\/cllcenter.com\/wp-content\/uploads\/2022\/05\/cllc.png\",\"contentUrl\":\"https:\/\/cllcenter.com\/wp-content\/uploads\/2022\/05\/cllc.png\",\"width\":600,\"height\":219,\"caption\":\"Canadian Limb Lengthening Center\"},\"image\":{\"@id\":\"https:\/\/cllcenter.com\/fr\/#\/schema\/logo\/image\/\"}}]}<\/script>\n<!-- \/ Yoast SEO plugin. -->","yoast_head_json":{"title":"P\u00e9diatrie | CLLC Montr\u00e9al, Dre Marie Gdalevitch","description":"P\u00e9diatrie | Chirurgien orthop\u00e9diste \u00e0 Montr\u00e9al, allongement cosm\u00e9tique de la taille, correction des d\u00e9formations osseuses, Canada, \u00c9tats-Unis","robots":{"index":"index","follow":"follow","max-snippet":"max-snippet:-1","max-image-preview":"max-image-preview:large","max-video-preview":"max-video-preview:-1"},"canonical":"https:\/\/cllcenter.com\/fr\/pediatrics\/","og_locale":"fr_FR","og_type":"article","og_title":"P\u00e9diatrie | CLLC Montr\u00e9al, Dre Marie Gdalevitch","og_description":"P\u00e9diatrie | Chirurgien orthop\u00e9diste \u00e0 Montr\u00e9al, allongement cosm\u00e9tique de la taille, correction des d\u00e9formations osseuses, Canada, \u00c9tats-Unis","og_url":"https:\/\/cllcenter.com\/fr\/pediatrics\/","og_site_name":"Canadian Limb Lengthening Center","article_modified_time":"2023-02-02T16:44:05+00:00","twitter_card":"summary_large_image","twitter_misc":{"Dur\u00e9e de lecture estim\u00e9e":"1 minute"},"schema":{"@context":"https:\/\/schema.org","@graph":[{"@type":"WebPage","@id":"https:\/\/cllcenter.com\/fr\/pediatrics\/","url":"https:\/\/cllcenter.com\/fr\/pediatrics\/","name":"P\u00e9diatrie | CLLC Montr\u00e9al, Dre Marie Gdalevitch","isPartOf":{"@id":"https:\/\/cllcenter.com\/fr\/#website"},"datePublished":"2022-08-01T18:02:02+00:00","dateModified":"2023-02-02T16:44:05+00:00","description":"P\u00e9diatrie | Chirurgien orthop\u00e9diste \u00e0 Montr\u00e9al, allongement cosm\u00e9tique de la taille, correction des d\u00e9formations osseuses, Canada, \u00c9tats-Unis","breadcrumb":{"@id":"https:\/\/cllcenter.com\/fr\/pediatrics\/#breadcrumb"},"inLanguage":"fr-FR","potentialAction":[{"@type":"ReadAction","target":["https:\/\/cllcenter.com\/fr\/pediatrics\/"]}]},{"@type":"BreadcrumbList","@id":"https:\/\/cllcenter.com\/fr\/pediatrics\/#breadcrumb","itemListElement":[{"@type":"ListItem","position":1,"name":"Home","item":"https:\/\/cllcenter.com\/fr\/"},{"@type":"ListItem","position":2,"name":"P\u00e9diatrie"}]},{"@type":"WebSite","@id":"https:\/\/cllcenter.com\/fr\/#website","url":"https:\/\/cllcenter.com\/fr\/","name":"Canadian Limb Lengthening Center","description":"Dr Marie Gdalevitch","publisher":{"@id":"https:\/\/cllcenter.com\/fr\/#organization"},"potentialAction":[{"@type":"SearchAction","target":{"@type":"EntryPoint","urlTemplate":"https:\/\/cllcenter.com\/fr\/?s={search_term_string}"},"query-input":{"@type":"PropertyValueSpecification","valueRequired":true,"valueName":"search_term_string"}}],"inLanguage":"fr-FR"},{"@type":"Organization","@id":"https:\/\/cllcenter.com\/fr\/#organization","name":"Canadian Limb Lengthening Center","url":"https:\/\/cllcenter.com\/fr\/","logo":{"@type":"ImageObject","inLanguage":"fr-FR","@id":"https:\/\/cllcenter.com\/fr\/#\/schema\/logo\/image\/","url":"https:\/\/cllcenter.com\/wp-content\/uploads\/2022\/05\/cllc.png","contentUrl":"https:\/\/cllcenter.com\/wp-content\/uploads\/2022\/05\/cllc.png","width":600,"height":219,"caption":"Canadian Limb Lengthening Center"},"image":{"@id":"https:\/\/cllcenter.com\/fr\/#\/schema\/logo\/image\/"}}]}},"acf":[],"_links":{"self":[{"href":"https:\/\/cllcenter.com\/fr\/wp-json\/wp\/v2\/pages\/4511","targetHints":{"allow":["GET"]}}],"collection":[{"href":"https:\/\/cllcenter.com\/fr\/wp-json\/wp\/v2\/pages"}],"about":[{"href":"https:\/\/cllcenter.com\/fr\/wp-json\/wp\/v2\/types\/page"}],"author":[{"embeddable":true,"href":"https:\/\/cllcenter.com\/fr\/wp-json\/wp\/v2\/users\/1"}],"replies":[{"embeddable":true,"href":"https:\/\/cllcenter.com\/fr\/wp-json\/wp\/v2\/comments?post=4511"}],"version-history":[{"count":6,"href":"https:\/\/cllcenter.com\/fr\/wp-json\/wp\/v2\/pages\/4511\/revisions"}],"predecessor-version":[{"id":5182,"href":"https:\/\/cllcenter.com\/fr\/wp-json\/wp\/v2\/pages\/4511\/revisions\/5182"}],"wp:attachment":[{"href":"https:\/\/cllcenter.com\/fr\/wp-json\/wp\/v2\/media?parent=4511"}],"curies":[{"name":"wp","href":"https:\/\/api.w.org\/{rel}","templated":true}]}}