{"id":4524,"date":"2022-07-26T13:28:12","date_gmt":"2022-07-26T13:28:12","guid":{"rendered":"https:\/\/cllcenter.com\/notre-equipe\/dr-marie-gdalevitch\/"},"modified":"2023-01-31T20:36:46","modified_gmt":"2023-01-31T20:36:46","slug":"dr-marie-gdalevitch","status":"publish","type":"page","link":"https:\/\/cllcenter.com\/fr\/notre-equipe\/dr-marie-gdalevitch\/","title":{"rendered":"Dr. Marie Gdalevitch"},"content":{"rendered":"<p>[vc_row css_animation=\u00a0\u00bb\u00a0\u00bb row_type=\u00a0\u00bbrow\u00a0\u00bb use_row_as_full_screen_section=\u00a0\u00bbno\u00a0\u00bb type=\u00a0\u00bbgrid\u00a0\u00bb angled_section=\u00a0\u00bbno\u00a0\u00bb text_align=\u00a0\u00bbleft\u00a0\u00bb background_image_as_pattern=\u00a0\u00bbwithout_pattern\u00a0\u00bb z_index=\u00a0\u00bb\u00a0\u00bb][vc_column width=\u00a0\u00bb1\/3&Prime;][vc_single_image image=\u00a0\u00bb3821&Prime; img_size=\u00a0\u00bbfull\u00a0\u00bb qode_css_animation=\u00a0\u00bb\u00a0\u00bb][\/vc_column][vc_column width=\u00a0\u00bb2\/3&Prime;][vc_column_text el_class=\u00a0\u00bbmember\u00a0\u00bb]<\/p>\n<h3>Dr. Marie Gdalevitch <em>MD, FRCSC<\/em><\/h3>\n<h4>Chirurgien orthop\u00e9dique pour enfants et adultes<br \/>\nSp\u00e9cialiste de l&rsquo;allongement des membres et de la correction de difformit\u00e9s<\/h4>\n<p>Dre Marie Gdalevitch a obtenu son dipl\u00f4me de m\u00e9decine et de chirurgie orthop\u00e9dique \u00e0 l&rsquo;Universit\u00e9 McGill. Apr\u00e8s sa r\u00e9sidence, le Dre Gdalevitch a compl\u00e9t\u00e9 son premier stage de perfectionnement pour l\u2019allongement des membres et la correction de difformit\u00e9s au centre international d&rsquo;allongement des membres de Baltimore, dans le Maryland. Dre Gdalevitch a ensuite entrepris son deuxi\u00e8me stage en orthop\u00e9die p\u00e9diatrique et en recherche scientifique fondamentale \u00e0 l&rsquo;h\u00f4pital pour enfants de Westmead \u00e0 Sydney, en Australie.<\/p>\n<p>Dre Gdalevitch travaille \u00e0 l&rsquo;h\u00f4pital de Verdun, un h\u00f4pital communautaire de Montr\u00e9al, o\u00f9 elle traite les enfants et les adultes dans ses domaines d&rsquo;expertise. Sa pratique clinique est ax\u00e9e sur l&rsquo;allongement des membres et la correction de difformit\u00e9s, la reconstruction de la hanche\/arthroscopie ainsi que la chirurgie du pied et de la cheville. Plus t\u00f4t dans sa pratique, Dre Gdalevitch a d\u00e9velopp\u00e9 la vis t\u00e9lescopique Free-Gliding (FG) SCFE, qui a am\u00e9lior\u00e9 le traitement des techniques de non-fusion pour les patients souffrant d&rsquo;un glissement d\u2019\u00e9piphyse f\u00e9morale capitale. Dre Gdalevitch est \u00e9galement l&rsquo;un des fondateurs et l\u2019ancienne pr\u00e9sidente de COLLA (Canadian Orthopedic Limb Lengthening association).<\/p>\n<p>Les int\u00e9r\u00eats du Dre Gdalevitch en mati\u00e8re de recherche comprennent la recherche clinique sur la chirurgie percutan\u00e9e de l&rsquo;hallux valgus, l&rsquo;arthroscopie de la hanche, l&rsquo;allongement des membres et la correction de difformit\u00e9s.<\/p>\n<p>Pendant son temps libre, Dre Gdalevitch aime jouer au hockey sur glace dans une ligue f\u00e9minine et passer du temps avec sa famille.[\/vc_column_text][\/vc_column][\/vc_row]<\/p>\n","protected":false},"excerpt":{"rendered":"<p>[vc_row css_animation=\u00a0\u00bb\u00a0\u00bb row_type=\u00a0\u00bbrow\u00a0\u00bb use_row_as_full_screen_section=\u00a0\u00bbno\u00a0\u00bb type=\u00a0\u00bbgrid\u00a0\u00bb angled_section=\u00a0\u00bbno\u00a0\u00bb text_align=\u00a0\u00bbleft\u00a0\u00bb background_image_as_pattern=\u00a0\u00bbwithout_pattern\u00a0\u00bb z_index=\u00a0\u00bb\u00a0\u00bb][vc_column width=\u00a0\u00bb1\/3&Prime;][vc_single_image image=\u00a0\u00bb3821&Prime; img_size=\u00a0\u00bbfull\u00a0\u00bb qode_css_animation=\u00a0\u00bb\u00a0\u00bb][\/vc_column][vc_column width=\u00a0\u00bb2\/3&Prime;][vc_column_text el_class=\u00a0\u00bbmember\u00a0\u00bb] Dr. Marie Gdalevitch MD, FRCSC Chirurgien orthop\u00e9dique pour enfants et adultes Sp\u00e9cialiste de l&rsquo;allongement des membres et de la correction de difformit\u00e9s Dre Marie Gdalevitch a obtenu son dipl\u00f4me de&#8230;<\/p>\n","protected":false},"author":1,"featured_media":0,"parent":4201,"menu_order":0,"comment_status":"closed","ping_status":"closed","template":"full_width.php","meta":{"footnotes":""},"class_list":["post-4524","page","type-page","status-publish","hentry"],"yoast_head":"<!-- This site is optimized with the Yoast SEO plugin v26.2 - https:\/\/yoast.com\/wordpress\/plugins\/seo\/ -->\n<title>Dr. Marie Gdalevitch | CLLC Montr\u00e9al, Dre Marie Gdalevitch<\/title>\n<meta name=\"description\" content=\"Dr. Marie Gdalevitch | Chirurgien orthop\u00e9diste \u00e0 Montr\u00e9al, allongement cosm\u00e9tique de la taille, correction des d\u00e9formations osseuses, Canada, \u00c9tats-Unis\" \/>\n<meta name=\"robots\" content=\"index, follow, max-snippet:-1, max-image-preview:large, max-video-preview:-1\" \/>\n<link rel=\"canonical\" href=\"https:\/\/cllcenter.com\/fr\/notre-equipe\/dr-marie-gdalevitch\/\" \/>\n<meta property=\"og:locale\" content=\"fr_FR\" \/>\n<meta property=\"og:type\" content=\"article\" \/>\n<meta property=\"og:title\" content=\"Dr. Marie Gdalevitch | CLLC Montr\u00e9al, Dre Marie Gdalevitch\" \/>\n<meta property=\"og:description\" content=\"Dr. Marie Gdalevitch | Chirurgien orthop\u00e9diste \u00e0 Montr\u00e9al, allongement cosm\u00e9tique de la taille, correction des d\u00e9formations osseuses, Canada, \u00c9tats-Unis\" \/>\n<meta property=\"og:url\" content=\"https:\/\/cllcenter.com\/fr\/notre-equipe\/dr-marie-gdalevitch\/\" \/>\n<meta property=\"og:site_name\" content=\"Canadian Limb Lengthening Center\" \/>\n<meta property=\"article:modified_time\" content=\"2023-01-31T20:36:46+00:00\" \/>\n<meta name=\"twitter:card\" content=\"summary_large_image\" \/>\n<meta name=\"twitter:label1\" content=\"Dur\u00e9e de lecture estim\u00e9e\" \/>\n\t<meta name=\"twitter:data1\" content=\"2 minutes\" \/>\n<script type=\"application\/ld+json\" class=\"yoast-schema-graph\">{\"@context\":\"https:\/\/schema.org\",\"@graph\":[{\"@type\":\"WebPage\",\"@id\":\"https:\/\/cllcenter.com\/fr\/notre-equipe\/dr-marie-gdalevitch\/\",\"url\":\"https:\/\/cllcenter.com\/fr\/notre-equipe\/dr-marie-gdalevitch\/\",\"name\":\"Dr. Marie Gdalevitch | CLLC Montr\u00e9al, Dre Marie Gdalevitch\",\"isPartOf\":{\"@id\":\"https:\/\/cllcenter.com\/fr\/#website\"},\"datePublished\":\"2022-07-26T13:28:12+00:00\",\"dateModified\":\"2023-01-31T20:36:46+00:00\",\"description\":\"Dr. Marie Gdalevitch | Chirurgien orthop\u00e9diste \u00e0 Montr\u00e9al, allongement cosm\u00e9tique de la taille, correction des d\u00e9formations osseuses, Canada, \u00c9tats-Unis\",\"breadcrumb\":{\"@id\":\"https:\/\/cllcenter.com\/fr\/notre-equipe\/dr-marie-gdalevitch\/#breadcrumb\"},\"inLanguage\":\"fr-FR\",\"potentialAction\":[{\"@type\":\"ReadAction\",\"target\":[\"https:\/\/cllcenter.com\/fr\/notre-equipe\/dr-marie-gdalevitch\/\"]}]},{\"@type\":\"BreadcrumbList\",\"@id\":\"https:\/\/cllcenter.com\/fr\/notre-equipe\/dr-marie-gdalevitch\/#breadcrumb\",\"itemListElement\":[{\"@type\":\"ListItem\",\"position\":1,\"name\":\"Home\",\"item\":\"https:\/\/cllcenter.com\/fr\/\"},{\"@type\":\"ListItem\",\"position\":2,\"name\":\"Notre \u00e9quipe\",\"item\":\"https:\/\/cllcenter.com\/fr\/notre-equipe\/\"},{\"@type\":\"ListItem\",\"position\":3,\"name\":\"Dr. Marie Gdalevitch\"}]},{\"@type\":\"WebSite\",\"@id\":\"https:\/\/cllcenter.com\/fr\/#website\",\"url\":\"https:\/\/cllcenter.com\/fr\/\",\"name\":\"Canadian Limb Lengthening Center\",\"description\":\"Dr Marie Gdalevitch\",\"publisher\":{\"@id\":\"https:\/\/cllcenter.com\/fr\/#organization\"},\"potentialAction\":[{\"@type\":\"SearchAction\",\"target\":{\"@type\":\"EntryPoint\",\"urlTemplate\":\"https:\/\/cllcenter.com\/fr\/?s={search_term_string}\"},\"query-input\":{\"@type\":\"PropertyValueSpecification\",\"valueRequired\":true,\"valueName\":\"search_term_string\"}}],\"inLanguage\":\"fr-FR\"},{\"@type\":\"Organization\",\"@id\":\"https:\/\/cllcenter.com\/fr\/#organization\",\"name\":\"Canadian Limb Lengthening Center\",\"url\":\"https:\/\/cllcenter.com\/fr\/\",\"logo\":{\"@type\":\"ImageObject\",\"inLanguage\":\"fr-FR\",\"@id\":\"https:\/\/cllcenter.com\/fr\/#\/schema\/logo\/image\/\",\"url\":\"https:\/\/cllcenter.com\/wp-content\/uploads\/2022\/05\/cllc.png\",\"contentUrl\":\"https:\/\/cllcenter.com\/wp-content\/uploads\/2022\/05\/cllc.png\",\"width\":600,\"height\":219,\"caption\":\"Canadian Limb Lengthening Center\"},\"image\":{\"@id\":\"https:\/\/cllcenter.com\/fr\/#\/schema\/logo\/image\/\"}}]}<\/script>\n<!-- \/ Yoast SEO plugin. -->","yoast_head_json":{"title":"Dr. Marie Gdalevitch | CLLC Montr\u00e9al, Dre Marie Gdalevitch","description":"Dr. Marie Gdalevitch | Chirurgien orthop\u00e9diste \u00e0 Montr\u00e9al, allongement cosm\u00e9tique de la taille, correction des d\u00e9formations osseuses, Canada, \u00c9tats-Unis","robots":{"index":"index","follow":"follow","max-snippet":"max-snippet:-1","max-image-preview":"max-image-preview:large","max-video-preview":"max-video-preview:-1"},"canonical":"https:\/\/cllcenter.com\/fr\/notre-equipe\/dr-marie-gdalevitch\/","og_locale":"fr_FR","og_type":"article","og_title":"Dr. Marie Gdalevitch | CLLC Montr\u00e9al, Dre Marie Gdalevitch","og_description":"Dr. Marie Gdalevitch | Chirurgien orthop\u00e9diste \u00e0 Montr\u00e9al, allongement cosm\u00e9tique de la taille, correction des d\u00e9formations osseuses, Canada, \u00c9tats-Unis","og_url":"https:\/\/cllcenter.com\/fr\/notre-equipe\/dr-marie-gdalevitch\/","og_site_name":"Canadian Limb Lengthening Center","article_modified_time":"2023-01-31T20:36:46+00:00","twitter_card":"summary_large_image","twitter_misc":{"Dur\u00e9e de lecture estim\u00e9e":"2 minutes"},"schema":{"@context":"https:\/\/schema.org","@graph":[{"@type":"WebPage","@id":"https:\/\/cllcenter.com\/fr\/notre-equipe\/dr-marie-gdalevitch\/","url":"https:\/\/cllcenter.com\/fr\/notre-equipe\/dr-marie-gdalevitch\/","name":"Dr. Marie Gdalevitch | CLLC Montr\u00e9al, Dre Marie Gdalevitch","isPartOf":{"@id":"https:\/\/cllcenter.com\/fr\/#website"},"datePublished":"2022-07-26T13:28:12+00:00","dateModified":"2023-01-31T20:36:46+00:00","description":"Dr. Marie Gdalevitch | Chirurgien orthop\u00e9diste \u00e0 Montr\u00e9al, allongement cosm\u00e9tique de la taille, correction des d\u00e9formations osseuses, Canada, \u00c9tats-Unis","breadcrumb":{"@id":"https:\/\/cllcenter.com\/fr\/notre-equipe\/dr-marie-gdalevitch\/#breadcrumb"},"inLanguage":"fr-FR","potentialAction":[{"@type":"ReadAction","target":["https:\/\/cllcenter.com\/fr\/notre-equipe\/dr-marie-gdalevitch\/"]}]},{"@type":"BreadcrumbList","@id":"https:\/\/cllcenter.com\/fr\/notre-equipe\/dr-marie-gdalevitch\/#breadcrumb","itemListElement":[{"@type":"ListItem","position":1,"name":"Home","item":"https:\/\/cllcenter.com\/fr\/"},{"@type":"ListItem","position":2,"name":"Notre \u00e9quipe","item":"https:\/\/cllcenter.com\/fr\/notre-equipe\/"},{"@type":"ListItem","position":3,"name":"Dr. Marie Gdalevitch"}]},{"@type":"WebSite","@id":"https:\/\/cllcenter.com\/fr\/#website","url":"https:\/\/cllcenter.com\/fr\/","name":"Canadian Limb Lengthening Center","description":"Dr Marie Gdalevitch","publisher":{"@id":"https:\/\/cllcenter.com\/fr\/#organization"},"potentialAction":[{"@type":"SearchAction","target":{"@type":"EntryPoint","urlTemplate":"https:\/\/cllcenter.com\/fr\/?s={search_term_string}"},"query-input":{"@type":"PropertyValueSpecification","valueRequired":true,"valueName":"search_term_string"}}],"inLanguage":"fr-FR"},{"@type":"Organization","@id":"https:\/\/cllcenter.com\/fr\/#organization","name":"Canadian Limb Lengthening Center","url":"https:\/\/cllcenter.com\/fr\/","logo":{"@type":"ImageObject","inLanguage":"fr-FR","@id":"https:\/\/cllcenter.com\/fr\/#\/schema\/logo\/image\/","url":"https:\/\/cllcenter.com\/wp-content\/uploads\/2022\/05\/cllc.png","contentUrl":"https:\/\/cllcenter.com\/wp-content\/uploads\/2022\/05\/cllc.png","width":600,"height":219,"caption":"Canadian Limb Lengthening Center"},"image":{"@id":"https:\/\/cllcenter.com\/fr\/#\/schema\/logo\/image\/"}}]}},"acf":[],"_links":{"self":[{"href":"https:\/\/cllcenter.com\/fr\/wp-json\/wp\/v2\/pages\/4524","targetHints":{"allow":["GET"]}}],"collection":[{"href":"https:\/\/cllcenter.com\/fr\/wp-json\/wp\/v2\/pages"}],"about":[{"href":"https:\/\/cllcenter.com\/fr\/wp-json\/wp\/v2\/types\/page"}],"author":[{"embeddable":true,"href":"https:\/\/cllcenter.com\/fr\/wp-json\/wp\/v2\/users\/1"}],"replies":[{"embeddable":true,"href":"https:\/\/cllcenter.com\/fr\/wp-json\/wp\/v2\/comments?post=4524"}],"version-history":[{"count":5,"href":"https:\/\/cllcenter.com\/fr\/wp-json\/wp\/v2\/pages\/4524\/revisions"}],"predecessor-version":[{"id":4875,"href":"https:\/\/cllcenter.com\/fr\/wp-json\/wp\/v2\/pages\/4524\/revisions\/4875"}],"up":[{"embeddable":true,"href":"https:\/\/cllcenter.com\/fr\/wp-json\/wp\/v2\/pages\/4201"}],"wp:attachment":[{"href":"https:\/\/cllcenter.com\/fr\/wp-json\/wp\/v2\/media?parent=4524"}],"curies":[{"name":"wp","href":"https:\/\/api.w.org\/{rel}","templated":true}]}}