{"id":4540,"date":"2022-09-19T14:02:48","date_gmt":"2022-09-19T18:02:48","guid":{"rendered":"https:\/\/cllcenter.com\/liste-de-prix\/"},"modified":"2026-01-29T15:36:46","modified_gmt":"2026-01-29T20:36:46","slug":"liste-de-prix","status":"publish","type":"page","link":"https:\/\/cllcenter.com\/fr\/liste-de-prix\/","title":{"rendered":"Liste de prix"},"content":{"rendered":"<p>[vc_row css_animation=\u00a0\u00bb\u00a0\u00bb row_type=\u00a0\u00bbrow\u00a0\u00bb use_row_as_full_screen_section=\u00a0\u00bbno\u00a0\u00bb type=\u00a0\u00bbgrid\u00a0\u00bb angled_section=\u00a0\u00bbno\u00a0\u00bb text_align=\u00a0\u00bbleft\u00a0\u00bb background_image_as_pattern=\u00a0\u00bbwithout_pattern\u00a0\u00bb el_id=\u00a0\u00bbpricelist\u00a0\u00bb z_index=\u00a0\u00bb\u00a0\u00bb][vc_column][vc_column_text]<\/p>\n<h2 style=\"text-align: center;\">LISTE DE PRIX<\/h2>\n<p style=\"text-align: center;\">(Pour les patients vivant \u00e0 l&rsquo;ext\u00e9rieur de la province et les patients priv\u00e9s seulement)<\/p>\n<p style=\"text-align: center;\">Tous les prix sont approximatifs et peuvent \u00eatre modifi\u00e9s.<\/p>\n<p style=\"text-align: center;\">Veuillez nous contacter directement pour<br \/>\nconna\u00eetre les prix de toutes les autres<br \/>\nproc\u00e9dures.<\/p>\n<p>[\/vc_column_text][vc_empty_space height=\u00a0\u00bb40px\u00a0\u00bb]<div class=\"qode-advanced-tabs qode-advanced-tabs qode-advanced-horizontal-tab clearfix qode-advanced-tab-without-icon qode-advanced-tabs-column-2 clearfix\">\n\t<ul class=\"qode-advanced-tabs-nav\">\n\t\t\t\t\t<li>\n\t\t\t\t<h4>\n\t\t\t\t\t<a href=\"#tab-procedures-chirurgicales\">\n\t\t\t\t\t\t\n\t\t\t\t\t\t\t\t\t\t\t\t\t<span class=\"qode-advanced-tab-text-after-icon\">\n\t\t\t\t\t\t\t\tProc\u00e9dures chirurgicales\t\t\t\t\t\t\t<\/span>\n\t\t\t\t\t\t\t\t\t\t\t<\/a>\n\t\t\t\t<\/h4>\n\t\t\t<\/li>\n\t\t\t\t\t<li>\n\t\t\t\t<h4>\n\t\t\t\t\t<a href=\"#tab-traitements-par-injection\">\n\t\t\t\t\t\t\n\t\t\t\t\t\t\t\t\t\t\t\t\t<span class=\"qode-advanced-tab-text-after-icon\">\n\t\t\t\t\t\t\t\tTraitements par injection\t\t\t\t\t\t\t<\/span>\n\t\t\t\t\t\t\t\t\t\t\t<\/a>\n\t\t\t\t<\/h4>\n\t\t\t<\/li>\n\t\t\t<\/ul>\n\t<div class=\"qode-advanced-tab-container\" id=\"tab-procedures-chirurgicales-750\" data-icon-pack=\"\" data-icon-html=\"\">[vc_column_text]<\/p>\n<table>\n<thead>\n<tr>\n<th>PROC\u00c9DURE<\/th>\n<th>LES PRIX DE LA PROC\u00c9DURE sont en<br \/>\ndollars canadiens<br \/>\n(\u00e0 partir de)<\/th>\n<\/tr>\n<\/thead>\n<tbody>\n<tr>\n<td>ALLONGEMENT DE LA STATURE<br \/>\n(Allongement cosm\u00e9tique des membres)<br \/>\n<em>F\u00e9murs bilat\u00e9raux<\/em><\/td>\n<td><em>Clou PRECICE<\/em> <strong>96 ,000$ <\/strong>physio pour 3 mois et taxes incluses<\/td>\n<\/tr>\n<tr>\n<td>ALLONGEMENT DE LA STATURE<br \/>\n(Allongement cosm\u00e9tique des membres)<br \/>\n<em>Tibias bilat\u00e9raux<\/em><\/td>\n<td>\n<ul>\n<li><em>Clou PRECICE<\/em> <strong>97,000$<\/strong> physio pour 3 mois et taxes incluses<br \/>\n(si vous avez d\u00e9j\u00e0 fait les f\u00e9murs avec nous)<\/li>\n<li><em>Clou PRECICE<\/em> <strong>102,000$<\/strong> physio pour 3 mois et taxes incluses<br \/>\n(si premi\u00e8re chirurgie)<\/li>\n<\/ul>\n<\/td>\n<\/tr>\n<tr>\n<td>Correction de difformit\u00e9 unilat\u00e9rale et\/ou<br \/>\nallongement avec clou PRECICE<\/td>\n<td><strong>46,000$<\/strong> taxes incluses<br \/>\nN\u2019inclut pas la physio<\/td>\n<\/tr>\n<tr>\n<td>Correction de la difformit\u00e9 unilat\u00e9rale et\/ou<br \/>\nallongement avec fixateur externe<\/td>\n<td><strong>34,000$<\/strong> taxes incluses<br \/>\nN\u2019inclut pas la physio<\/td>\n<\/tr>\n<tr>\n<td>Correction d&rsquo;une d\u00e9formation aigu\u00eb unilat\u00e9rale<br \/>\n(une jambe, sans allongement)<\/td>\n<td><strong>21,000$<\/strong> taxes incluses<br \/>\nN\u2019inclut pas la physio<\/td>\n<\/tr>\n<tr>\n<td>Brachymetatarsia (allongement des orteils avec<br \/>\nfixateur externe)<\/td>\n<td>\n<ul>\n<li><em>Un pied<\/em> <strong>12,000$ plus taxes<\/strong><br \/>\n(Approx. 14,000$ incluant les taxes)<\/li>\n<li><em>Les deux pieds<\/em> <strong>19,000$ plus taxes<\/strong><br \/>\n(Approx 22,000$ incluant les taxes)<br \/>\nN\u2019inclut pas la physio<\/li>\n<\/ul>\n<\/td>\n<\/tr>\n<tr>\n<td>Chirurgie percutan\u00e9e de l\u2019hallux valgus<br \/>\n(oignon)<\/td>\n<td>\n<ul>\n<li><em>Un seul pied:<\/em> <strong>4900$ plus taxes<\/strong>(Approx. 5650$ incluant les taxes)<\/li>\n<li><em>Les deux pieds<\/em><br \/>\n<strong>6500$ plus taxes<\/strong>(Approx.. 7500$ taxes comprises)<br \/>\nN\u2019inclut pas la physio<\/li>\n<\/ul>\n<\/td>\n<\/tr>\n<tr>\n<td>Arthroscopie de la hanche avec r\u00e9paration labrale et correction du conflit f\u00e9moro-ac\u00e9tabulaire<\/td>\n<td><strong>Entre 18,000$ et 22,000$ plus taxes tax<\/strong>(Approx.. 22,000 \u00e0 25,000$ taxes comprises)<br \/>\nN\u2019inclut pas la physio<\/td>\n<\/tr>\n<tr>\n<td>Ex\u00e9r\u00e8se de clous PRECICE<\/td>\n<td>\n<ul>\n<li><em>Une jambe<\/em><br \/>\n<strong>8,500$ plus taxes<\/strong>(Approx 10,000$ incluant les taxes)<\/li>\n<li><em>Les deux jambes<\/em><br \/>\n<strong> 13,000$ plus taxes<\/strong>(Approx 15,000$ incluant les taxes)<br \/>\nN\u2019inclut pas la physio<\/li>\n<\/ul>\n<\/td>\n<\/tr>\n<tr>\n<td>Consultation initiale pour l\u2019allongement des membres<br \/>\n<em>(cr\u00e9dit\u00e9 pour la chirurgie)<br \/>\n<\/em><\/td>\n<td><strong>500$ plus taxes<\/strong><\/td>\n<\/tr>\n<tr>\n<td>Consultation en personne<\/td>\n<td><strong>250$ plus taxes<\/strong><\/td>\n<\/tr>\n<\/tbody>\n<\/table>\n<p>[\/vc_column_text]<\/div><div class=\"qode-advanced-tab-container\" id=\"tab-traitements-par-injection-791\" data-icon-pack=\"\" data-icon-html=\"\">[vc_column_text]<\/p>\n<table>\n<thead>\n<tr>\n<th>PROC\u00c9DURE<\/th>\n<th>PRIX en $ canadiens<br \/>\n(\u00e0 partir de)<\/th>\n<\/tr>\n<\/thead>\n<tbody>\n<tr>\n<td>Injection de PRP (plasma riche en plaquettes)<\/td>\n<td>\n<ul>\n<li><em>Une articulation<\/em><br \/>\n<strong>900 $<\/strong>+taxes<\/li>\n<li><em>Deux articulations<\/em><br \/>\n<strong>1200 $<\/strong>+taxes<\/li>\n<\/ul>\n<\/td>\n<\/tr>\n<tr>\n<td>SportVis\u2122<\/td>\n<td><strong>350 $<\/strong> + taxes<br \/>\n(vendu sur place par un tiers)<\/td>\n<\/tr>\n<tr>\n<td>Cingal\u2122<\/td>\n<td><strong>400 $<\/strong> + taxes<br \/>\n(vendu sur place par un tiers)<\/td>\n<\/tr>\n<\/tbody>\n<\/table>\n<p>[\/vc_column_text]<\/div><\/div>[\/vc_column][\/vc_row]<\/p>\n","protected":false},"excerpt":{"rendered":"<p>[vc_row css_animation=\u00a0\u00bb\u00a0\u00bb row_type=\u00a0\u00bbrow\u00a0\u00bb use_row_as_full_screen_section=\u00a0\u00bbno\u00a0\u00bb type=\u00a0\u00bbgrid\u00a0\u00bb angled_section=\u00a0\u00bbno\u00a0\u00bb text_align=\u00a0\u00bbleft\u00a0\u00bb background_image_as_pattern=\u00a0\u00bbwithout_pattern\u00a0\u00bb el_id=\u00a0\u00bbpricelist\u00a0\u00bb z_index=\u00a0\u00bb\u00a0\u00bb][vc_column][vc_column_text] LISTE DE PRIX (Pour les patients vivant \u00e0 l&rsquo;ext\u00e9rieur de la province et les patients priv\u00e9s seulement) Tous les prix sont approximatifs et peuvent \u00eatre modifi\u00e9s. Veuillez nous contacter directement pour conna\u00eetre les prix de&#8230;<\/p>\n","protected":false},"author":1,"featured_media":0,"parent":0,"menu_order":0,"comment_status":"closed","ping_status":"closed","template":"full_width.php","meta":{"footnotes":""},"class_list":["post-4540","page","type-page","status-publish","hentry"],"yoast_head":"<!-- This site is optimized with the Yoast SEO plugin v26.2 - https:\/\/yoast.com\/wordpress\/plugins\/seo\/ -->\n<title>Liste de prix | CLLC Montr\u00e9al, Dre Marie Gdalevitch<\/title>\n<meta name=\"description\" content=\"Liste de prix | Chirurgien orthop\u00e9diste \u00e0 Montr\u00e9al, allongement cosm\u00e9tique de la taille, correction des d\u00e9formations osseuses, Canada, \u00c9tats-Unis\" \/>\n<meta name=\"robots\" content=\"index, follow, max-snippet:-1, max-image-preview:large, max-video-preview:-1\" \/>\n<link rel=\"canonical\" href=\"https:\/\/cllcenter.com\/fr\/liste-de-prix\/\" \/>\n<meta property=\"og:locale\" content=\"fr_FR\" \/>\n<meta property=\"og:type\" content=\"article\" \/>\n<meta property=\"og:title\" content=\"Liste de prix | CLLC Montr\u00e9al, Dre Marie Gdalevitch\" \/>\n<meta property=\"og:description\" content=\"Liste de prix | Chirurgien orthop\u00e9diste \u00e0 Montr\u00e9al, allongement cosm\u00e9tique de la taille, correction des d\u00e9formations osseuses, Canada, \u00c9tats-Unis\" \/>\n<meta property=\"og:url\" content=\"https:\/\/cllcenter.com\/fr\/liste-de-prix\/\" \/>\n<meta property=\"og:site_name\" content=\"Canadian Limb Lengthening Center\" \/>\n<meta property=\"article:modified_time\" content=\"2026-01-29T20:36:46+00:00\" \/>\n<meta name=\"twitter:card\" content=\"summary_large_image\" \/>\n<meta name=\"twitter:label1\" content=\"Dur\u00e9e de lecture estim\u00e9e\" \/>\n\t<meta name=\"twitter:data1\" content=\"2 minutes\" \/>\n<script type=\"application\/ld+json\" class=\"yoast-schema-graph\">{\"@context\":\"https:\/\/schema.org\",\"@graph\":[{\"@type\":\"WebPage\",\"@id\":\"https:\/\/cllcenter.com\/fr\/liste-de-prix\/\",\"url\":\"https:\/\/cllcenter.com\/fr\/liste-de-prix\/\",\"name\":\"Liste de prix | CLLC Montr\u00e9al, Dre Marie Gdalevitch\",\"isPartOf\":{\"@id\":\"https:\/\/cllcenter.com\/fr\/#website\"},\"datePublished\":\"2022-09-19T18:02:48+00:00\",\"dateModified\":\"2026-01-29T20:36:46+00:00\",\"description\":\"Liste de prix | Chirurgien orthop\u00e9diste \u00e0 Montr\u00e9al, allongement cosm\u00e9tique de la taille, correction des d\u00e9formations osseuses, Canada, \u00c9tats-Unis\",\"breadcrumb\":{\"@id\":\"https:\/\/cllcenter.com\/fr\/liste-de-prix\/#breadcrumb\"},\"inLanguage\":\"fr-FR\",\"potentialAction\":[{\"@type\":\"ReadAction\",\"target\":[\"https:\/\/cllcenter.com\/fr\/liste-de-prix\/\"]}]},{\"@type\":\"BreadcrumbList\",\"@id\":\"https:\/\/cllcenter.com\/fr\/liste-de-prix\/#breadcrumb\",\"itemListElement\":[{\"@type\":\"ListItem\",\"position\":1,\"name\":\"Home\",\"item\":\"https:\/\/cllcenter.com\/fr\/\"},{\"@type\":\"ListItem\",\"position\":2,\"name\":\"Liste de prix\"}]},{\"@type\":\"WebSite\",\"@id\":\"https:\/\/cllcenter.com\/fr\/#website\",\"url\":\"https:\/\/cllcenter.com\/fr\/\",\"name\":\"Canadian Limb Lengthening Center\",\"description\":\"Dr Marie Gdalevitch\",\"publisher\":{\"@id\":\"https:\/\/cllcenter.com\/fr\/#organization\"},\"potentialAction\":[{\"@type\":\"SearchAction\",\"target\":{\"@type\":\"EntryPoint\",\"urlTemplate\":\"https:\/\/cllcenter.com\/fr\/?s={search_term_string}\"},\"query-input\":{\"@type\":\"PropertyValueSpecification\",\"valueRequired\":true,\"valueName\":\"search_term_string\"}}],\"inLanguage\":\"fr-FR\"},{\"@type\":\"Organization\",\"@id\":\"https:\/\/cllcenter.com\/fr\/#organization\",\"name\":\"Canadian Limb Lengthening Center\",\"url\":\"https:\/\/cllcenter.com\/fr\/\",\"logo\":{\"@type\":\"ImageObject\",\"inLanguage\":\"fr-FR\",\"@id\":\"https:\/\/cllcenter.com\/fr\/#\/schema\/logo\/image\/\",\"url\":\"https:\/\/cllcenter.com\/wp-content\/uploads\/2022\/05\/cllc.png\",\"contentUrl\":\"https:\/\/cllcenter.com\/wp-content\/uploads\/2022\/05\/cllc.png\",\"width\":600,\"height\":219,\"caption\":\"Canadian Limb Lengthening Center\"},\"image\":{\"@id\":\"https:\/\/cllcenter.com\/fr\/#\/schema\/logo\/image\/\"}}]}<\/script>\n<!-- \/ Yoast SEO plugin. -->","yoast_head_json":{"title":"Liste de prix | CLLC Montr\u00e9al, Dre Marie Gdalevitch","description":"Liste de prix | Chirurgien orthop\u00e9diste \u00e0 Montr\u00e9al, allongement cosm\u00e9tique de la taille, correction des d\u00e9formations osseuses, Canada, \u00c9tats-Unis","robots":{"index":"index","follow":"follow","max-snippet":"max-snippet:-1","max-image-preview":"max-image-preview:large","max-video-preview":"max-video-preview:-1"},"canonical":"https:\/\/cllcenter.com\/fr\/liste-de-prix\/","og_locale":"fr_FR","og_type":"article","og_title":"Liste de prix | CLLC Montr\u00e9al, Dre Marie Gdalevitch","og_description":"Liste de prix | Chirurgien orthop\u00e9diste \u00e0 Montr\u00e9al, allongement cosm\u00e9tique de la taille, correction des d\u00e9formations osseuses, Canada, \u00c9tats-Unis","og_url":"https:\/\/cllcenter.com\/fr\/liste-de-prix\/","og_site_name":"Canadian Limb Lengthening Center","article_modified_time":"2026-01-29T20:36:46+00:00","twitter_card":"summary_large_image","twitter_misc":{"Dur\u00e9e de lecture estim\u00e9e":"2 minutes"},"schema":{"@context":"https:\/\/schema.org","@graph":[{"@type":"WebPage","@id":"https:\/\/cllcenter.com\/fr\/liste-de-prix\/","url":"https:\/\/cllcenter.com\/fr\/liste-de-prix\/","name":"Liste de prix | CLLC Montr\u00e9al, Dre Marie Gdalevitch","isPartOf":{"@id":"https:\/\/cllcenter.com\/fr\/#website"},"datePublished":"2022-09-19T18:02:48+00:00","dateModified":"2026-01-29T20:36:46+00:00","description":"Liste de prix | Chirurgien orthop\u00e9diste \u00e0 Montr\u00e9al, allongement cosm\u00e9tique de la taille, correction des d\u00e9formations osseuses, Canada, \u00c9tats-Unis","breadcrumb":{"@id":"https:\/\/cllcenter.com\/fr\/liste-de-prix\/#breadcrumb"},"inLanguage":"fr-FR","potentialAction":[{"@type":"ReadAction","target":["https:\/\/cllcenter.com\/fr\/liste-de-prix\/"]}]},{"@type":"BreadcrumbList","@id":"https:\/\/cllcenter.com\/fr\/liste-de-prix\/#breadcrumb","itemListElement":[{"@type":"ListItem","position":1,"name":"Home","item":"https:\/\/cllcenter.com\/fr\/"},{"@type":"ListItem","position":2,"name":"Liste de prix"}]},{"@type":"WebSite","@id":"https:\/\/cllcenter.com\/fr\/#website","url":"https:\/\/cllcenter.com\/fr\/","name":"Canadian Limb Lengthening Center","description":"Dr Marie Gdalevitch","publisher":{"@id":"https:\/\/cllcenter.com\/fr\/#organization"},"potentialAction":[{"@type":"SearchAction","target":{"@type":"EntryPoint","urlTemplate":"https:\/\/cllcenter.com\/fr\/?s={search_term_string}"},"query-input":{"@type":"PropertyValueSpecification","valueRequired":true,"valueName":"search_term_string"}}],"inLanguage":"fr-FR"},{"@type":"Organization","@id":"https:\/\/cllcenter.com\/fr\/#organization","name":"Canadian Limb Lengthening Center","url":"https:\/\/cllcenter.com\/fr\/","logo":{"@type":"ImageObject","inLanguage":"fr-FR","@id":"https:\/\/cllcenter.com\/fr\/#\/schema\/logo\/image\/","url":"https:\/\/cllcenter.com\/wp-content\/uploads\/2022\/05\/cllc.png","contentUrl":"https:\/\/cllcenter.com\/wp-content\/uploads\/2022\/05\/cllc.png","width":600,"height":219,"caption":"Canadian Limb Lengthening Center"},"image":{"@id":"https:\/\/cllcenter.com\/fr\/#\/schema\/logo\/image\/"}}]}},"acf":[],"_links":{"self":[{"href":"https:\/\/cllcenter.com\/fr\/wp-json\/wp\/v2\/pages\/4540","targetHints":{"allow":["GET"]}}],"collection":[{"href":"https:\/\/cllcenter.com\/fr\/wp-json\/wp\/v2\/pages"}],"about":[{"href":"https:\/\/cllcenter.com\/fr\/wp-json\/wp\/v2\/types\/page"}],"author":[{"embeddable":true,"href":"https:\/\/cllcenter.com\/fr\/wp-json\/wp\/v2\/users\/1"}],"replies":[{"embeddable":true,"href":"https:\/\/cllcenter.com\/fr\/wp-json\/wp\/v2\/comments?post=4540"}],"version-history":[{"count":14,"href":"https:\/\/cllcenter.com\/fr\/wp-json\/wp\/v2\/pages\/4540\/revisions"}],"predecessor-version":[{"id":6189,"href":"https:\/\/cllcenter.com\/fr\/wp-json\/wp\/v2\/pages\/4540\/revisions\/6189"}],"wp:attachment":[{"href":"https:\/\/cllcenter.com\/fr\/wp-json\/wp\/v2\/media?parent=4540"}],"curies":[{"name":"wp","href":"https:\/\/api.w.org\/{rel}","templated":true}]}}