{"id":4543,"date":"2022-07-27T13:00:05","date_gmt":"2022-07-27T13:00:05","guid":{"rendered":"https:\/\/cllcenter.com\/temoignages\/"},"modified":"2023-02-13T16:10:07","modified_gmt":"2023-02-13T16:10:07","slug":"temoignages","status":"publish","type":"page","link":"https:\/\/cllcenter.com\/fr\/temoignages\/","title":{"rendered":"T\u00e9moignages"},"content":{"rendered":"<p>[vc_row css_animation=\u00a0\u00bb\u00a0\u00bb row_type=\u00a0\u00bbrow\u00a0\u00bb use_row_as_full_screen_section=\u00a0\u00bbno\u00a0\u00bb type=\u00a0\u00bbgrid\u00a0\u00bb angled_section=\u00a0\u00bbno\u00a0\u00bb text_align=\u00a0\u00bbleft\u00a0\u00bb background_image_as_pattern=\u00a0\u00bbwithout_pattern\u00a0\u00bb z_index=\u00a0\u00bb\u00a0\u00bb el_class=\u00a0\u00bbgap-60 flex-center column-reverse-sm\u00a0\u00bb][vc_column width=\u00a0\u00bb1\/2&Prime;][vc_column_text]<\/p>\n<h2>MOTS DOUX DE NOS PATIENTS<\/h2>\n<p>Votre opinion compte pour nous et nous aide \u00e0 nous assurer que nous maintenons des normes exemplaires en mati\u00e8re de soins aux patients. C&rsquo;est toujours un plaisir d&rsquo;avoir de vos nouvelles.<\/p>\n<p>Voir les t\u00e9moignages de patients du centre canadien d\u2019allongement des members.[\/vc_column_text][\/vc_column][vc_column width=\u00a0\u00bb1\/2&Prime;][vc_single_image image=\u00a0\u00bb2946&Prime; img_size=\u00a0\u00bbfull\u00a0\u00bb qode_css_animation=\u00a0\u00bb\u00a0\u00bb el_class=\u00a0\u00bbbordered\u00a0\u00bb][\/vc_column][\/vc_row][vc_row css_animation=\u00a0\u00bb\u00a0\u00bb row_type=\u00a0\u00bbrow\u00a0\u00bb use_row_as_full_screen_section=\u00a0\u00bbno\u00a0\u00bb type=\u00a0\u00bbgrid\u00a0\u00bb angled_section=\u00a0\u00bbno\u00a0\u00bb text_align=\u00a0\u00bbleft\u00a0\u00bb background_image_as_pattern=\u00a0\u00bbwithout_pattern\u00a0\u00bb z_index=\u00a0\u00bb\u00a0\u00bb el_id=\u00a0\u00bbtestis\u00a0\u00bb][vc_column]<div class='q_progress_bars_icons_holder'><div class='q_progress_bars_icons'><div class='q_progress_bars_icons_inner normal tiny clearfix' data-number='5'><div class='bar'><span class='bar_noactive fa-stack fa-lg'><i class=\"qode_icon_font_awesome fa fa-star \" style=\"\" ><\/i><\/span><span class='bar_active fa-stack fa-lg'><i class=\"qode_icon_font_awesome fa fa-star \" style=\"\" ><\/i><\/span><\/div><div class='bar'><span class='bar_noactive fa-stack fa-lg'><i class=\"qode_icon_font_awesome fa fa-star \" style=\"\" ><\/i><\/span><span class='bar_active fa-stack fa-lg'><i class=\"qode_icon_font_awesome fa fa-star \" style=\"\" ><\/i><\/span><\/div><div class='bar'><span class='bar_noactive fa-stack fa-lg'><i class=\"qode_icon_font_awesome fa fa-star \" style=\"\" ><\/i><\/span><span class='bar_active fa-stack fa-lg'><i class=\"qode_icon_font_awesome fa fa-star \" style=\"\" ><\/i><\/span><\/div><div class='bar'><span class='bar_noactive fa-stack fa-lg'><i class=\"qode_icon_font_awesome fa fa-star \" style=\"\" ><\/i><\/span><span class='bar_active fa-stack fa-lg'><i class=\"qode_icon_font_awesome fa fa-star \" style=\"\" ><\/i><\/span><\/div><div class='bar'><span class='bar_noactive fa-stack fa-lg'><i class=\"qode_icon_font_awesome fa fa-star \" style=\"\" ><\/i><\/span><span class='bar_active fa-stack fa-lg'><i class=\"qode_icon_font_awesome fa fa-star \" style=\"\" ><\/i><\/span><\/div><\/div><\/div><\/div>[vc_column_text]J&rsquo;ai r\u00e9cemment \u00e9t\u00e9 op\u00e9r\u00e9 d&rsquo;un oignon aux deux pieds \u00e0 l&rsquo;h\u00f4pital de Verdun. Selon moi, c&rsquo;\u00e9tait une excellente op\u00e9ration. Je suis fier de mes pieds. Ils \u00e9taient extr\u00eamement d\u00e9form\u00e9s. J&rsquo;ai 65 ans et le r\u00e9tablissement a \u00e9t\u00e9 fantastique. :Le Dr Gdalevitch pratique cette toute nouvelle proc\u00e9dure et sur moi, elle a bien fonctionn\u00e9. Je recommande cette intervention \u00e0 tous ceux qui cherchent \u00e0 \u00e9liminer leurs oignons. Le personnel de l&rsquo;h\u00f4pital de Verdun \u00e9tait excellent. Merci \u00e0 tous et surtout le Dr Gladevitch ![\/vc_column_text]<div class='q_progress_bars_icons_holder'><div class='q_progress_bars_icons'><div class='q_progress_bars_icons_inner normal tiny clearfix' data-number='5'><div class='bar'><span class='bar_noactive fa-stack fa-lg'><i class=\"qode_icon_font_awesome fa fa-star \" style=\"\" ><\/i><\/span><span class='bar_active fa-stack fa-lg'><i class=\"qode_icon_font_awesome fa fa-star \" style=\"\" ><\/i><\/span><\/div><div class='bar'><span class='bar_noactive fa-stack fa-lg'><i class=\"qode_icon_font_awesome fa fa-star \" style=\"\" ><\/i><\/span><span class='bar_active fa-stack fa-lg'><i class=\"qode_icon_font_awesome fa fa-star \" style=\"\" ><\/i><\/span><\/div><div class='bar'><span class='bar_noactive fa-stack fa-lg'><i class=\"qode_icon_font_awesome fa fa-star \" style=\"\" ><\/i><\/span><span class='bar_active fa-stack fa-lg'><i class=\"qode_icon_font_awesome fa fa-star \" style=\"\" ><\/i><\/span><\/div><div class='bar'><span class='bar_noactive fa-stack fa-lg'><i class=\"qode_icon_font_awesome fa fa-star \" style=\"\" ><\/i><\/span><span class='bar_active fa-stack fa-lg'><i class=\"qode_icon_font_awesome fa fa-star \" style=\"\" ><\/i><\/span><\/div><div class='bar'><span class='bar_noactive fa-stack fa-lg'><i class=\"qode_icon_font_awesome fa fa-star \" style=\"\" ><\/i><\/span><span class='bar_active fa-stack fa-lg'><i class=\"qode_icon_font_awesome fa fa-star \" style=\"\" ><\/i><\/span><\/div><\/div><\/div><\/div>[vc_column_text]Le Dr Leitch est l&rsquo;un des meilleurs docteurs au monde, il a toujours eu le temps de tout expliquer, il a op\u00e9r\u00e9 notre fils et les r\u00e9sultats sont excellents.[\/vc_column_text]<div class='q_progress_bars_icons_holder'><div class='q_progress_bars_icons'><div class='q_progress_bars_icons_inner normal tiny clearfix' data-number='5'><div class='bar'><span class='bar_noactive fa-stack fa-lg'><i class=\"qode_icon_font_awesome fa fa-star \" style=\"\" ><\/i><\/span><span class='bar_active fa-stack fa-lg'><i class=\"qode_icon_font_awesome fa fa-star \" style=\"\" ><\/i><\/span><\/div><div class='bar'><span class='bar_noactive fa-stack fa-lg'><i class=\"qode_icon_font_awesome fa fa-star \" style=\"\" ><\/i><\/span><span class='bar_active fa-stack fa-lg'><i class=\"qode_icon_font_awesome fa fa-star \" style=\"\" ><\/i><\/span><\/div><div class='bar'><span class='bar_noactive fa-stack fa-lg'><i class=\"qode_icon_font_awesome fa fa-star \" style=\"\" ><\/i><\/span><span class='bar_active fa-stack fa-lg'><i class=\"qode_icon_font_awesome fa fa-star \" style=\"\" ><\/i><\/span><\/div><div class='bar'><span class='bar_noactive fa-stack fa-lg'><i class=\"qode_icon_font_awesome fa fa-star \" style=\"\" ><\/i><\/span><span class='bar_active fa-stack fa-lg'><i class=\"qode_icon_font_awesome fa fa-star \" style=\"\" ><\/i><\/span><\/div><div class='bar'><span class='bar_noactive fa-stack fa-lg'><i class=\"qode_icon_font_awesome fa fa-star \" style=\"\" ><\/i><\/span><span class='bar_active fa-stack fa-lg'><i class=\"qode_icon_font_awesome fa fa-star \" style=\"\" ><\/i><\/span><\/div><\/div><\/div><\/div>[vc_column_text]Le Dr Gdalevitch \u00e9tait attentionn\u00e9 et a pris le temps de m&rsquo;expliquer l&rsquo;op\u00e9ration de mon oignon et de r\u00e9pondre \u00e0 toutes mes questions. J&rsquo;ai gu\u00e9ri aussi bien que possible de l&rsquo;op\u00e9ration<br \/>\n! Son approche, sa patience et son d\u00e9vouement \u00e0 son travail et \u00e0 ses patients se sont manifest\u00e9s lors des rendez-vous de suivi. Je suis si heureuse que je lui ai recommand\u00e9 un membre de ma famille et une connaissance. Les notes du personnel et de la ponctualit\u00e9 n&rsquo;ont pas \u00e9t\u00e9 parfaites parce que j&rsquo;ai \u00e9t\u00e9 trait\u00e9e dans un cadre hospitalier. cela n&rsquo;a rien \u00e0 voir avec ce GRAND docteur ! !![\/vc_column_text]<div class='q_progress_bars_icons_holder'><div class='q_progress_bars_icons'><div class='q_progress_bars_icons_inner normal tiny clearfix' data-number='5'><div class='bar'><span class='bar_noactive fa-stack fa-lg'><i class=\"qode_icon_font_awesome fa fa-star \" style=\"\" ><\/i><\/span><span class='bar_active fa-stack fa-lg'><i class=\"qode_icon_font_awesome fa fa-star \" style=\"\" ><\/i><\/span><\/div><div class='bar'><span class='bar_noactive fa-stack fa-lg'><i class=\"qode_icon_font_awesome fa fa-star \" style=\"\" ><\/i><\/span><span class='bar_active fa-stack fa-lg'><i class=\"qode_icon_font_awesome fa fa-star \" style=\"\" ><\/i><\/span><\/div><div class='bar'><span class='bar_noactive fa-stack fa-lg'><i class=\"qode_icon_font_awesome fa fa-star \" style=\"\" ><\/i><\/span><span class='bar_active fa-stack fa-lg'><i class=\"qode_icon_font_awesome fa fa-star \" style=\"\" ><\/i><\/span><\/div><div class='bar'><span class='bar_noactive fa-stack fa-lg'><i class=\"qode_icon_font_awesome fa fa-star \" style=\"\" ><\/i><\/span><span class='bar_active fa-stack fa-lg'><i class=\"qode_icon_font_awesome fa fa-star \" style=\"\" ><\/i><\/span><\/div><div class='bar'><span class='bar_noactive fa-stack fa-lg'><i class=\"qode_icon_font_awesome fa fa-star \" style=\"\" ><\/i><\/span><span class='bar_active fa-stack fa-lg'><i class=\"qode_icon_font_awesome fa fa-star \" style=\"\" ><\/i><\/span><\/div><\/div><\/div><\/div>[vc_column_text]Le Dr Caroline Forsythe est tr\u00e8s pr\u00e9sente pour ses patients, elle a fait de petits miracles sur mes deux filles qui ne marchaient plus. Elle est tr\u00e8s consciencieuse, c&rsquo;est un m\u00e9decin en or. Je me suis toujours sentie en confiance avec elle.[\/vc_column_text]<div class='q_progress_bars_icons_holder'><div class='q_progress_bars_icons'><div class='q_progress_bars_icons_inner normal tiny clearfix' data-number='5'><div class='bar'><span class='bar_noactive fa-stack fa-lg'><i class=\"qode_icon_font_awesome fa fa-star \" style=\"\" ><\/i><\/span><span class='bar_active fa-stack fa-lg'><i class=\"qode_icon_font_awesome fa fa-star \" style=\"\" ><\/i><\/span><\/div><div class='bar'><span class='bar_noactive fa-stack fa-lg'><i class=\"qode_icon_font_awesome fa fa-star \" style=\"\" ><\/i><\/span><span class='bar_active fa-stack fa-lg'><i class=\"qode_icon_font_awesome fa fa-star \" style=\"\" ><\/i><\/span><\/div><div class='bar'><span class='bar_noactive fa-stack fa-lg'><i class=\"qode_icon_font_awesome fa fa-star \" style=\"\" ><\/i><\/span><span class='bar_active fa-stack fa-lg'><i class=\"qode_icon_font_awesome fa fa-star \" style=\"\" ><\/i><\/span><\/div><div class='bar'><span class='bar_noactive fa-stack fa-lg'><i class=\"qode_icon_font_awesome fa fa-star \" style=\"\" ><\/i><\/span><span class='bar_active fa-stack fa-lg'><i class=\"qode_icon_font_awesome fa fa-star \" style=\"\" ><\/i><\/span><\/div><div class='bar'><span class='bar_noactive fa-stack fa-lg'><i class=\"qode_icon_font_awesome fa fa-star \" style=\"\" ><\/i><\/span><span class='bar_active fa-stack fa-lg'><i class=\"qode_icon_font_awesome fa fa-star \" style=\"\" ><\/i><\/span><\/div><\/div><\/div><\/div>[vc_column_text]Le Dr Leitch est l&rsquo;un des chirurgiens les plus compatissants et les plus accessibles que j&rsquo;aie jamais rencontr\u00e9s. Elle s&rsquo;est imm\u00e9diatement mise au niveau de ma fille de 6 ans et l&rsquo;a calm\u00e9e lors de cette urgence \u00ab\u00a0effrayante\u00a0\u00bb. Elle est ph\u00e9nom\u00e9nale avec ses petits patients et leurs parents.[\/vc_column_text]<div class='q_progress_bars_icons_holder'><div class='q_progress_bars_icons'><div class='q_progress_bars_icons_inner normal tiny clearfix' data-number='5'><div class='bar'><span class='bar_noactive fa-stack fa-lg'><i class=\"qode_icon_font_awesome fa fa-star \" style=\"\" ><\/i><\/span><span class='bar_active fa-stack fa-lg'><i class=\"qode_icon_font_awesome fa fa-star \" style=\"\" ><\/i><\/span><\/div><div class='bar'><span class='bar_noactive fa-stack fa-lg'><i class=\"qode_icon_font_awesome fa fa-star \" style=\"\" ><\/i><\/span><span class='bar_active fa-stack fa-lg'><i class=\"qode_icon_font_awesome fa fa-star \" style=\"\" ><\/i><\/span><\/div><div class='bar'><span class='bar_noactive fa-stack fa-lg'><i class=\"qode_icon_font_awesome fa fa-star \" style=\"\" ><\/i><\/span><span class='bar_active fa-stack fa-lg'><i class=\"qode_icon_font_awesome fa fa-star \" style=\"\" ><\/i><\/span><\/div><div class='bar'><span class='bar_noactive fa-stack fa-lg'><i class=\"qode_icon_font_awesome fa fa-star \" style=\"\" ><\/i><\/span><span class='bar_active fa-stack fa-lg'><i class=\"qode_icon_font_awesome fa fa-star \" style=\"\" ><\/i><\/span><\/div><div class='bar'><span class='bar_noactive fa-stack fa-lg'><i class=\"qode_icon_font_awesome fa fa-star \" style=\"\" ><\/i><\/span><span class='bar_active fa-stack fa-lg'><i class=\"qode_icon_font_awesome fa fa-star \" style=\"\" ><\/i><\/span><\/div><\/div><\/div><\/div>[vc_column_text]Dr Caroline Forsythe, je suis tr\u00e8s reconnaissante et admirative de son professionnalisme, de son humanit\u00e9 et de ses comp\u00e9tences, mon fils a beaucoup de chance de l&rsquo;avoir ![\/vc_column_text]<div class='q_progress_bars_icons_holder'><div class='q_progress_bars_icons'><div class='q_progress_bars_icons_inner normal tiny clearfix' data-number='5'><div class='bar'><span class='bar_noactive fa-stack fa-lg'><i class=\"qode_icon_font_awesome fa fa-star \" style=\"\" ><\/i><\/span><span class='bar_active fa-stack fa-lg'><i class=\"qode_icon_font_awesome fa fa-star \" style=\"\" ><\/i><\/span><\/div><div class='bar'><span class='bar_noactive fa-stack fa-lg'><i class=\"qode_icon_font_awesome fa fa-star \" style=\"\" ><\/i><\/span><span class='bar_active fa-stack fa-lg'><i class=\"qode_icon_font_awesome fa fa-star \" style=\"\" ><\/i><\/span><\/div><div class='bar'><span class='bar_noactive fa-stack fa-lg'><i class=\"qode_icon_font_awesome fa fa-star \" style=\"\" ><\/i><\/span><span class='bar_active fa-stack fa-lg'><i class=\"qode_icon_font_awesome fa fa-star \" style=\"\" ><\/i><\/span><\/div><div class='bar'><span class='bar_noactive fa-stack fa-lg'><i class=\"qode_icon_font_awesome fa fa-star \" style=\"\" ><\/i><\/span><span class='bar_active fa-stack fa-lg'><i class=\"qode_icon_font_awesome fa fa-star \" style=\"\" ><\/i><\/span><\/div><div class='bar'><span class='bar_noactive fa-stack fa-lg'><i class=\"qode_icon_font_awesome fa fa-star \" style=\"\" ><\/i><\/span><span class='bar_active fa-stack fa-lg'><i class=\"qode_icon_font_awesome fa fa-star \" style=\"\" ><\/i><\/span><\/div><\/div><\/div><\/div>[vc_column_text]Le Dr Gdalevitch a op\u00e9r\u00e9 mon fils 3 fois. La premi\u00e8re fois, il avait 2 ans. Elle \u00e9tait tellement humaine et professionnelle que nous l&rsquo;avons suivie lorsqu&rsquo;elle a chang\u00e9 d&rsquo;h\u00f4pital. Elle est directe, vous savez exactement ce qui se passe et ce qui va se passer. Elle r\u00e9agit rapidement aussi, quelques jours apr\u00e8s sa troisi\u00e8me op\u00e9ration, mon fils a eu un petit accident et nous avons pu la voir le lendemain pour nous assurer que tout allait bien.[\/vc_column_text][\/vc_column][\/vc_row][vc_row css_animation=\u00a0\u00bb\u00a0\u00bb row_type=\u00a0\u00bbrow\u00a0\u00bb use_row_as_full_screen_section=\u00a0\u00bbno\u00a0\u00bb type=\u00a0\u00bbfull_width\u00a0\u00bb angled_section=\u00a0\u00bbno\u00a0\u00bb text_align=\u00a0\u00bbleft\u00a0\u00bb background_image_as_pattern=\u00a0\u00bbwithout_pattern\u00a0\u00bb el_class=\u00a0\u00bbglobal\u00a0\u00bb z_index=\u00a0\u00bb\u00a0\u00bb][vc_column][vc_row css_animation=\"\" row_type=\"row\" use_row_as_full_screen_section=\"no\" type=\"grid\" angled_section=\"no\" text_align=\"left\" background_image_as_pattern=\"without_pattern\" el_id=\"candida\" z_index=\"\"][vc_column][vc_column_text]\r\n<h2>SUIS-JE UN CANDIDAT ?<\/h2>\r\n<h3>Vous souffrez d'un probl\u00e8me orthop\u00e9dique et vous aimeriez am\u00e9liorer vos capacit\u00e9s physiques ?<\/h3>\r\n<h3>Ou Vous souhaitez simplement r\u00e9aliser votre r\u00eave d\u2019augmenter votre taille ?<\/h3>\r\nLaissez-nous vous aider \u00e0 am\u00e9liorer votre sant\u00e9 et votre bien-\u00eatre dans un cadre professionnel.\r\n\r\nCommen\u00e7ons une discussion pour vous aider \u00e0 atteindre vos objectifs.[\/vc_column_text]<div style=\"text-align:center\"><a href=\"https:\/\/cllcenter.com\/fr\/reserver-une-consultation\/\" class=\"button button--mimas \" target=\"_self\"><div class=\"btn__bg\"><\/div><span>PLANIFIEZ UNE VISITE<\/span><\/a><\/div>[\/vc_column][\/vc_row][\/vc_column][\/vc_row]<\/p>\n","protected":false},"excerpt":{"rendered":"<p>[vc_row css_animation=\u00a0\u00bb\u00a0\u00bb row_type=\u00a0\u00bbrow\u00a0\u00bb use_row_as_full_screen_section=\u00a0\u00bbno\u00a0\u00bb type=\u00a0\u00bbgrid\u00a0\u00bb angled_section=\u00a0\u00bbno\u00a0\u00bb text_align=\u00a0\u00bbleft\u00a0\u00bb background_image_as_pattern=\u00a0\u00bbwithout_pattern\u00a0\u00bb z_index=\u00a0\u00bb\u00a0\u00bb el_class=\u00a0\u00bbgap-60 flex-center column-reverse-sm\u00a0\u00bb][vc_column width=\u00a0\u00bb1\/2&Prime;][vc_column_text] MOTS DOUX DE NOS PATIENTS Votre opinion compte pour nous et nous aide \u00e0 nous assurer que nous maintenons des normes exemplaires en mati\u00e8re de soins aux patients. C&rsquo;est toujours un plaisir&#8230;<\/p>\n","protected":false},"author":1,"featured_media":0,"parent":0,"menu_order":0,"comment_status":"closed","ping_status":"closed","template":"full_width.php","meta":{"footnotes":""},"class_list":["post-4543","page","type-page","status-publish","hentry"],"yoast_head":"<!-- This site is optimized with the Yoast SEO plugin v26.2 - https:\/\/yoast.com\/wordpress\/plugins\/seo\/ -->\n<title>T\u00e9moignages | CLLC Montr\u00e9al, Dre Marie Gdalevitch<\/title>\n<meta name=\"description\" content=\"T\u00e9moignages | Chirurgien orthop\u00e9diste \u00e0 Montr\u00e9al, allongement cosm\u00e9tique de la taille, correction des d\u00e9formations osseuses, Canada, \u00c9tats-Unis\" \/>\n<meta name=\"robots\" content=\"index, follow, max-snippet:-1, max-image-preview:large, max-video-preview:-1\" \/>\n<link rel=\"canonical\" href=\"https:\/\/cllcenter.com\/fr\/temoignages\/\" \/>\n<meta property=\"og:locale\" content=\"fr_FR\" \/>\n<meta property=\"og:type\" content=\"article\" \/>\n<meta property=\"og:title\" content=\"T\u00e9moignages | CLLC Montr\u00e9al, Dre Marie Gdalevitch\" \/>\n<meta property=\"og:description\" content=\"T\u00e9moignages | Chirurgien orthop\u00e9diste \u00e0 Montr\u00e9al, allongement cosm\u00e9tique de la taille, correction des d\u00e9formations osseuses, Canada, \u00c9tats-Unis\" \/>\n<meta property=\"og:url\" content=\"https:\/\/cllcenter.com\/fr\/temoignages\/\" \/>\n<meta property=\"og:site_name\" content=\"Canadian Limb Lengthening Center\" \/>\n<meta property=\"article:modified_time\" content=\"2023-02-13T16:10:07+00:00\" \/>\n<meta name=\"twitter:card\" content=\"summary_large_image\" \/>\n<meta name=\"twitter:label1\" content=\"Dur\u00e9e de lecture estim\u00e9e\" \/>\n\t<meta name=\"twitter:data1\" content=\"3 minutes\" \/>\n<script type=\"application\/ld+json\" class=\"yoast-schema-graph\">{\"@context\":\"https:\/\/schema.org\",\"@graph\":[{\"@type\":\"WebPage\",\"@id\":\"https:\/\/cllcenter.com\/fr\/temoignages\/\",\"url\":\"https:\/\/cllcenter.com\/fr\/temoignages\/\",\"name\":\"T\u00e9moignages | CLLC Montr\u00e9al, Dre Marie Gdalevitch\",\"isPartOf\":{\"@id\":\"https:\/\/cllcenter.com\/fr\/#website\"},\"datePublished\":\"2022-07-27T13:00:05+00:00\",\"dateModified\":\"2023-02-13T16:10:07+00:00\",\"description\":\"T\u00e9moignages | Chirurgien orthop\u00e9diste \u00e0 Montr\u00e9al, allongement cosm\u00e9tique de la taille, correction des d\u00e9formations osseuses, Canada, \u00c9tats-Unis\",\"breadcrumb\":{\"@id\":\"https:\/\/cllcenter.com\/fr\/temoignages\/#breadcrumb\"},\"inLanguage\":\"fr-FR\",\"potentialAction\":[{\"@type\":\"ReadAction\",\"target\":[\"https:\/\/cllcenter.com\/fr\/temoignages\/\"]}]},{\"@type\":\"BreadcrumbList\",\"@id\":\"https:\/\/cllcenter.com\/fr\/temoignages\/#breadcrumb\",\"itemListElement\":[{\"@type\":\"ListItem\",\"position\":1,\"name\":\"Home\",\"item\":\"https:\/\/cllcenter.com\/fr\/\"},{\"@type\":\"ListItem\",\"position\":2,\"name\":\"T\u00e9moignages\"}]},{\"@type\":\"WebSite\",\"@id\":\"https:\/\/cllcenter.com\/fr\/#website\",\"url\":\"https:\/\/cllcenter.com\/fr\/\",\"name\":\"Canadian Limb Lengthening Center\",\"description\":\"Dr Marie Gdalevitch\",\"publisher\":{\"@id\":\"https:\/\/cllcenter.com\/fr\/#organization\"},\"potentialAction\":[{\"@type\":\"SearchAction\",\"target\":{\"@type\":\"EntryPoint\",\"urlTemplate\":\"https:\/\/cllcenter.com\/fr\/?s={search_term_string}\"},\"query-input\":{\"@type\":\"PropertyValueSpecification\",\"valueRequired\":true,\"valueName\":\"search_term_string\"}}],\"inLanguage\":\"fr-FR\"},{\"@type\":\"Organization\",\"@id\":\"https:\/\/cllcenter.com\/fr\/#organization\",\"name\":\"Canadian Limb Lengthening Center\",\"url\":\"https:\/\/cllcenter.com\/fr\/\",\"logo\":{\"@type\":\"ImageObject\",\"inLanguage\":\"fr-FR\",\"@id\":\"https:\/\/cllcenter.com\/fr\/#\/schema\/logo\/image\/\",\"url\":\"https:\/\/cllcenter.com\/wp-content\/uploads\/2022\/05\/cllc.png\",\"contentUrl\":\"https:\/\/cllcenter.com\/wp-content\/uploads\/2022\/05\/cllc.png\",\"width\":600,\"height\":219,\"caption\":\"Canadian Limb Lengthening Center\"},\"image\":{\"@id\":\"https:\/\/cllcenter.com\/fr\/#\/schema\/logo\/image\/\"}}]}<\/script>\n<!-- \/ Yoast SEO plugin. -->","yoast_head_json":{"title":"T\u00e9moignages | CLLC Montr\u00e9al, Dre Marie Gdalevitch","description":"T\u00e9moignages | Chirurgien orthop\u00e9diste \u00e0 Montr\u00e9al, allongement cosm\u00e9tique de la taille, correction des d\u00e9formations osseuses, Canada, \u00c9tats-Unis","robots":{"index":"index","follow":"follow","max-snippet":"max-snippet:-1","max-image-preview":"max-image-preview:large","max-video-preview":"max-video-preview:-1"},"canonical":"https:\/\/cllcenter.com\/fr\/temoignages\/","og_locale":"fr_FR","og_type":"article","og_title":"T\u00e9moignages | CLLC Montr\u00e9al, Dre Marie Gdalevitch","og_description":"T\u00e9moignages | Chirurgien orthop\u00e9diste \u00e0 Montr\u00e9al, allongement cosm\u00e9tique de la taille, correction des d\u00e9formations osseuses, Canada, \u00c9tats-Unis","og_url":"https:\/\/cllcenter.com\/fr\/temoignages\/","og_site_name":"Canadian Limb Lengthening Center","article_modified_time":"2023-02-13T16:10:07+00:00","twitter_card":"summary_large_image","twitter_misc":{"Dur\u00e9e de lecture estim\u00e9e":"3 minutes"},"schema":{"@context":"https:\/\/schema.org","@graph":[{"@type":"WebPage","@id":"https:\/\/cllcenter.com\/fr\/temoignages\/","url":"https:\/\/cllcenter.com\/fr\/temoignages\/","name":"T\u00e9moignages | CLLC Montr\u00e9al, Dre Marie Gdalevitch","isPartOf":{"@id":"https:\/\/cllcenter.com\/fr\/#website"},"datePublished":"2022-07-27T13:00:05+00:00","dateModified":"2023-02-13T16:10:07+00:00","description":"T\u00e9moignages | Chirurgien orthop\u00e9diste \u00e0 Montr\u00e9al, allongement cosm\u00e9tique de la taille, correction des d\u00e9formations osseuses, Canada, \u00c9tats-Unis","breadcrumb":{"@id":"https:\/\/cllcenter.com\/fr\/temoignages\/#breadcrumb"},"inLanguage":"fr-FR","potentialAction":[{"@type":"ReadAction","target":["https:\/\/cllcenter.com\/fr\/temoignages\/"]}]},{"@type":"BreadcrumbList","@id":"https:\/\/cllcenter.com\/fr\/temoignages\/#breadcrumb","itemListElement":[{"@type":"ListItem","position":1,"name":"Home","item":"https:\/\/cllcenter.com\/fr\/"},{"@type":"ListItem","position":2,"name":"T\u00e9moignages"}]},{"@type":"WebSite","@id":"https:\/\/cllcenter.com\/fr\/#website","url":"https:\/\/cllcenter.com\/fr\/","name":"Canadian Limb Lengthening Center","description":"Dr Marie Gdalevitch","publisher":{"@id":"https:\/\/cllcenter.com\/fr\/#organization"},"potentialAction":[{"@type":"SearchAction","target":{"@type":"EntryPoint","urlTemplate":"https:\/\/cllcenter.com\/fr\/?s={search_term_string}"},"query-input":{"@type":"PropertyValueSpecification","valueRequired":true,"valueName":"search_term_string"}}],"inLanguage":"fr-FR"},{"@type":"Organization","@id":"https:\/\/cllcenter.com\/fr\/#organization","name":"Canadian Limb Lengthening Center","url":"https:\/\/cllcenter.com\/fr\/","logo":{"@type":"ImageObject","inLanguage":"fr-FR","@id":"https:\/\/cllcenter.com\/fr\/#\/schema\/logo\/image\/","url":"https:\/\/cllcenter.com\/wp-content\/uploads\/2022\/05\/cllc.png","contentUrl":"https:\/\/cllcenter.com\/wp-content\/uploads\/2022\/05\/cllc.png","width":600,"height":219,"caption":"Canadian Limb Lengthening Center"},"image":{"@id":"https:\/\/cllcenter.com\/fr\/#\/schema\/logo\/image\/"}}]}},"acf":[],"_links":{"self":[{"href":"https:\/\/cllcenter.com\/fr\/wp-json\/wp\/v2\/pages\/4543","targetHints":{"allow":["GET"]}}],"collection":[{"href":"https:\/\/cllcenter.com\/fr\/wp-json\/wp\/v2\/pages"}],"about":[{"href":"https:\/\/cllcenter.com\/fr\/wp-json\/wp\/v2\/types\/page"}],"author":[{"embeddable":true,"href":"https:\/\/cllcenter.com\/fr\/wp-json\/wp\/v2\/users\/1"}],"replies":[{"embeddable":true,"href":"https:\/\/cllcenter.com\/fr\/wp-json\/wp\/v2\/comments?post=4543"}],"version-history":[{"count":8,"href":"https:\/\/cllcenter.com\/fr\/wp-json\/wp\/v2\/pages\/4543\/revisions"}],"predecessor-version":[{"id":5202,"href":"https:\/\/cllcenter.com\/fr\/wp-json\/wp\/v2\/pages\/4543\/revisions\/5202"}],"wp:attachment":[{"href":"https:\/\/cllcenter.com\/fr\/wp-json\/wp\/v2\/media?parent=4543"}],"curies":[{"name":"wp","href":"https:\/\/api.w.org\/{rel}","templated":true}]}}