{"id":4585,"date":"2022-07-28T17:03:13","date_gmt":"2022-07-28T21:03:13","guid":{"rendered":"https:\/\/cllcenter.com\/traitements-par-injection-guidee-par-ultrasons\/"},"modified":"2025-12-17T13:42:04","modified_gmt":"2025-12-17T18:42:04","slug":"traitements-par-injection-echo-guidee","status":"publish","type":"page","link":"https:\/\/cllcenter.com\/fr\/traitements-par-injection-echo-guidee\/","title":{"rendered":"Traitements par injection \u00e9cho-guid\u00e9e"},"content":{"rendered":"<p>[vc_row css_animation=\u00a0\u00bb\u00a0\u00bb row_type=\u00a0\u00bbrow\u00a0\u00bb use_row_as_full_screen_section=\u00a0\u00bbno\u00a0\u00bb type=\u00a0\u00bbgrid\u00a0\u00bb angled_section=\u00a0\u00bbno\u00a0\u00bb text_align=\u00a0\u00bbleft\u00a0\u00bb background_image_as_pattern=\u00a0\u00bbwithout_pattern\u00a0\u00bb z_index=\u00a0\u00bb\u00a0\u00bb][vc_column][vc_row_inner row_type=\u00a0\u00bbrow\u00a0\u00bb type=\u00a0\u00bbfull_width\u00a0\u00bb text_align=\u00a0\u00bbleft\u00a0\u00bb css_animation=\u00a0\u00bb\u00a0\u00bb el_class=\u00a0\u00bbgap-60&Prime;][vc_column_inner width=\u00a0\u00bb1\/2&Prime;]<div class=\"new-video\">\n        <a href=\"https:\/\/youtu.be\/VZe03QhrM8k\" id=\"vid-2243\"><img decoding=\"async\" src=\"https:\/\/cllcenter.com\/wp-content\/uploads\/2022\/09\/Ultrasound-guided-exam.jpg\"><div class=\"caption-wrap\"><h5>Examen guid\u00e9 par \u00e9chographie<\/h5>0:35<svg version=\"1.1\" id=\"play\" xmlns=\"http:\/\/www.w3.org\/2000\/svg\" xmlns:xlink=\"http:\/\/www.w3.org\/1999\/xlink\" x=\"0px\" y=\"0px\" height=\"100px\" width=\"100px\" viewBox=\"0 0 100 100\" enable-background=\"new 0 0 100 100\" xml:space=\"preserve\">\n        <path class=\"stroke-solid\" fill=\"none\" stroke=\"#ddbe72\" d=\"M49.9,2.5C23.6,2.8,2.1,24.4,2.5,50.4C2.9,76.5,24.7,98,50.3,97.5c26.4-0.6,47.4-21.8,47.2-47.7\n          C97.3,23.7,75.7,2.3,49.9,2.5\"><\/path>\n        <path class=\"icon\" fill=\"#ddbe72\" d=\"M38,69c-1,0.5-1.8,0-1.8-1.1V32.1c0-1.1,0.8-1.6,1.8-1.1l34,18c1,0.5,1,1.4,0,1.9L38,69z\"><\/path>\n      <\/svg><\/div><\/a><\/div>    <script>\n        console.log(\"youtube\");\n        const $vid2243 = document.getElementById(\"vid-2243\");\n        const dynamicGallery2243 = window.lightGallery($vid2243, {\n        dynamic: true,\n        zoom: false,\n        download: false,\n        share: false,\n        plugins: [lgVideo, lgThumbnail],\n        dynamicEl: [\n            {\n       src: \"https:\/\/youtu.be\/VZe03QhrM8k&mute=0\",\n        poster: \"https:\/\/cllcenter.com\/wp-content\/uploads\/2022\/09\/Ultrasound-guided-exam.jpg\",\n        subHtml: \"<h4>Examen guid\u00e9 par \u00e9chographie<\/h4><p>0:35<\/p>\",\n        downloadUrl: false\n        },\n\n            ]\n    });\n    $vid2243.addEventListener(\"click\", (e) => {\n        event.preventDefault();\n    dynamicGallery2243.openGallery(0);\n    });\n  <\/script>\n  [vc_empty_space height=\u00a0\u00bb40px\u00a0\u00bb el_class=\u00a0\u00bbshow-sm\u00a0\u00bb][\/vc_column_inner][vc_column_inner width=\u00a0\u00bb1\/2&Prime;][vc_column_text]<\/p>\n<h2>TRAITEMENTS PAR INJECTION \u00c9CHO-GUID\u00c9E<\/h2>\n<p>Au centre canadien d\u2019allongement des membres, nous proposons des injections articulaires guid\u00e9es par \u00e9chographie pour traiter diverses affections orthop\u00e9diques telles que la tendinite et l&rsquo;arthrite.<\/p>\n<p>Le guidage par \u00e9chographie fournit une vue claire des organes, des tendons, des muscles et des articulations et garantit un placement pr\u00e9cis de l&rsquo;aiguille dans les zones cibl\u00e9es. Gr\u00e2ce \u00e0 ces injections, nous am\u00e9liorons la lubrification des articulations et soulageons la douleur, l&rsquo;inflammation et l\u2019enflure de nos patients.<\/p>\n<p>Les injections de toxine botulique que nos sp\u00e9cialistes utilisent apr\u00e8s une intervention chirurgicale aident \u00e0 la gu\u00e9rison et au<br \/>\nr\u00e9tablissement.[\/vc_column_text][\/vc_column_inner][\/vc_row_inner][vc_empty_space][vc_column_text]<div class=\"condition-grid count-4\"><div class=\"item\"><a href=\"https:\/\/cllcenter.com\/fr\/procedure\/la-toxine-botulique-en-orthopedie\/\"><img decoding=\"async\" src=\"https:\/\/cllcenter.com\/wp-content\/uploads\/2022\/07\/DSC04532-600-300x300.jpg\"><\/a><div class=\"item-text\"><pre>Proc\u00e9dure<\/pre>\n            \n            <h4>La toxine botulique en orthop\u00e9die<\/h4><a href=\"https:\/\/cllcenter.com\/fr\/procedure\/la-toxine-botulique-en-orthopedie\/\"><\/a><\/div><\/div><div class=\"item\"><a href=\"https:\/\/cllcenter.com\/fr\/procedure\/injections-de-cortisone\/\"><img decoding=\"async\" src=\"https:\/\/cllcenter.com\/wp-content\/uploads\/2022\/07\/cortis-600-300x300.jpg\"><\/a><div class=\"item-text\"><pre>Proc\u00e9dure<\/pre>\n            \n            <h4>Injections de cortisone<\/h4><a href=\"https:\/\/cllcenter.com\/fr\/procedure\/injections-de-cortisone\/\"><\/a><\/div><\/div><div class=\"item\"><a href=\"https:\/\/cllcenter.com\/fr\/procedure\/therapie-des-injections-pour-les-articulations\/\"><img decoding=\"async\" src=\"https:\/\/cllcenter.com\/wp-content\/uploads\/2022\/07\/joints-600-300x300.jpg\"><\/a><div class=\"item-text\"><pre>Proc\u00e9dure<\/pre>\n            \n            <h4>Therapie des injections pour les articulations<\/h4><a href=\"https:\/\/cllcenter.com\/fr\/procedure\/therapie-des-injections-pour-les-articulations\/\"><\/a><\/div><\/div><div class=\"item\"><a href=\"https:\/\/cllcenter.com\/fr\/procedure\/viscosupplements-pour-les-articulations\/\"><img decoding=\"async\" src=\"https:\/\/cllcenter.com\/wp-content\/uploads\/2022\/07\/visi-300x300.jpg\"><\/a><div class=\"item-text\"><pre>Proc\u00e9dure<\/pre>\n            \n            <h4>Viscosuppl\u00e9ments pour les articulations<\/h4><a href=\"https:\/\/cllcenter.com\/fr\/procedure\/viscosupplements-pour-les-articulations\/\"><\/a><\/div><\/div><\/div>[\/vc_column_text][vc_empty_space][vc_column_text el_class=\u00a0\u00bbcap\u00a0\u00bb]<\/p>\n<p style=\"text-align: center;\">POUR LES PRIX, CONSULTEZ NOTRE <a style=\"color: #b4914d;\" href=\"https:\/\/cllcenter.com\/fr\/liste-de-prix\/\">LISTE DE PRIX<\/a><\/p>\n<p>[\/vc_column_text][\/vc_column][\/vc_row][vc_row css_animation=\u00a0\u00bb\u00a0\u00bb row_type=\u00a0\u00bbrow\u00a0\u00bb use_row_as_full_screen_section=\u00a0\u00bbno\u00a0\u00bb type=\u00a0\u00bbfull_width\u00a0\u00bb angled_section=\u00a0\u00bbno\u00a0\u00bb text_align=\u00a0\u00bbleft\u00a0\u00bb background_image_as_pattern=\u00a0\u00bbwithout_pattern\u00a0\u00bb el_class=\u00a0\u00bbglobal\u00a0\u00bb z_index=\u00a0\u00bb\u00a0\u00bb][vc_column][vc_row css_animation=\"\" row_type=\"row\" use_row_as_full_screen_section=\"no\" type=\"grid\" angled_section=\"no\" text_align=\"left\" background_image_as_pattern=\"without_pattern\" el_id=\"candida\" z_index=\"\"][vc_column][vc_column_text]\r\n<h2>SUIS-JE UN CANDIDAT ?<\/h2>\r\n<h3>Vous souffrez d'un probl\u00e8me orthop\u00e9dique et vous aimeriez am\u00e9liorer vos capacit\u00e9s physiques ?<\/h3>\r\n<h3>Ou Vous souhaitez simplement r\u00e9aliser votre r\u00eave d\u2019augmenter votre taille ?<\/h3>\r\nLaissez-nous vous aider \u00e0 am\u00e9liorer votre sant\u00e9 et votre bien-\u00eatre dans un cadre professionnel.\r\n\r\nCommen\u00e7ons une discussion pour vous aider \u00e0 atteindre vos objectifs.[\/vc_column_text]<div style=\"text-align:center\"><a href=\"https:\/\/cllcenter.com\/fr\/reserver-une-consultation\/\" class=\"button button--mimas \" target=\"_self\"><div class=\"btn__bg\"><\/div><span>PLANIFIEZ UNE VISITE<\/span><\/a><\/div>[\/vc_column][\/vc_row][\/vc_column][\/vc_row]<\/p>\n","protected":false},"excerpt":{"rendered":"<p>[vc_row css_animation=\u00a0\u00bb\u00a0\u00bb row_type=\u00a0\u00bbrow\u00a0\u00bb use_row_as_full_screen_section=\u00a0\u00bbno\u00a0\u00bb type=\u00a0\u00bbgrid\u00a0\u00bb angled_section=\u00a0\u00bbno\u00a0\u00bb text_align=\u00a0\u00bbleft\u00a0\u00bb background_image_as_pattern=\u00a0\u00bbwithout_pattern\u00a0\u00bb z_index=\u00a0\u00bb\u00a0\u00bb][vc_column][vc_row_inner row_type=\u00a0\u00bbrow\u00a0\u00bb type=\u00a0\u00bbfull_width\u00a0\u00bb text_align=\u00a0\u00bbleft\u00a0\u00bb css_animation=\u00a0\u00bb\u00a0\u00bb el_class=\u00a0\u00bbgap-60&Prime;][vc_column_inner width=\u00a0\u00bb1\/2&Prime;][vc_empty_space height=\u00a0\u00bb40px\u00a0\u00bb el_class=\u00a0\u00bbshow-sm\u00a0\u00bb][\/vc_column_inner][vc_column_inner width=\u00a0\u00bb1\/2&Prime;][vc_column_text] TRAITEMENTS PAR INJECTION \u00c9CHO-GUID\u00c9E Au centre canadien d\u2019allongement des membres, nous proposons des injections articulaires guid\u00e9es par \u00e9chographie pour traiter diverses affections orthop\u00e9diques telles que la tendinite&#8230;<\/p>\n","protected":false},"author":1,"featured_media":0,"parent":0,"menu_order":0,"comment_status":"closed","ping_status":"closed","template":"full_width.php","meta":{"footnotes":""},"class_list":["post-4585","page","type-page","status-publish","hentry"],"yoast_head":"<!-- This site is optimized with the Yoast SEO plugin v26.2 - https:\/\/yoast.com\/wordpress\/plugins\/seo\/ -->\n<title>Traitements par injection \u00e9cho-guid\u00e9e | CLLC Montr\u00e9al, Dre Marie Gdalevitch<\/title>\n<meta name=\"description\" content=\"Traitements par injection \u00e9cho-guid\u00e9e | Chirurgien orthop\u00e9diste \u00e0 Montr\u00e9al, allongement cosm\u00e9tique de la taille, correction des d\u00e9formations osseuses, Canada, \u00c9tats-Unis\" \/>\n<meta name=\"robots\" content=\"index, follow, max-snippet:-1, max-image-preview:large, max-video-preview:-1\" \/>\n<link rel=\"canonical\" href=\"https:\/\/cllcenter.com\/fr\/traitements-par-injection-echo-guidee\/\" \/>\n<meta property=\"og:locale\" content=\"fr_FR\" \/>\n<meta property=\"og:type\" content=\"article\" \/>\n<meta property=\"og:title\" content=\"Traitements par injection \u00e9cho-guid\u00e9e | CLLC Montr\u00e9al, Dre Marie Gdalevitch\" \/>\n<meta property=\"og:description\" content=\"Traitements par injection \u00e9cho-guid\u00e9e | Chirurgien orthop\u00e9diste \u00e0 Montr\u00e9al, allongement cosm\u00e9tique de la taille, correction des d\u00e9formations osseuses, Canada, \u00c9tats-Unis\" \/>\n<meta property=\"og:url\" content=\"https:\/\/cllcenter.com\/fr\/traitements-par-injection-echo-guidee\/\" \/>\n<meta property=\"og:site_name\" content=\"Canadian Limb Lengthening Center\" \/>\n<meta property=\"article:modified_time\" content=\"2025-12-17T18:42:04+00:00\" \/>\n<meta name=\"twitter:card\" content=\"summary_large_image\" \/>\n<meta name=\"twitter:label1\" content=\"Dur\u00e9e de lecture estim\u00e9e\" \/>\n\t<meta name=\"twitter:data1\" content=\"1 minute\" \/>\n<script type=\"application\/ld+json\" class=\"yoast-schema-graph\">{\"@context\":\"https:\/\/schema.org\",\"@graph\":[{\"@type\":\"WebPage\",\"@id\":\"https:\/\/cllcenter.com\/fr\/traitements-par-injection-echo-guidee\/\",\"url\":\"https:\/\/cllcenter.com\/fr\/traitements-par-injection-echo-guidee\/\",\"name\":\"Traitements par injection \u00e9cho-guid\u00e9e | CLLC Montr\u00e9al, Dre Marie Gdalevitch\",\"isPartOf\":{\"@id\":\"https:\/\/cllcenter.com\/fr\/#website\"},\"datePublished\":\"2022-07-28T21:03:13+00:00\",\"dateModified\":\"2025-12-17T18:42:04+00:00\",\"description\":\"Traitements par injection \u00e9cho-guid\u00e9e | Chirurgien orthop\u00e9diste \u00e0 Montr\u00e9al, allongement cosm\u00e9tique de la taille, correction des d\u00e9formations osseuses, Canada, \u00c9tats-Unis\",\"breadcrumb\":{\"@id\":\"https:\/\/cllcenter.com\/fr\/traitements-par-injection-echo-guidee\/#breadcrumb\"},\"inLanguage\":\"fr-FR\",\"potentialAction\":[{\"@type\":\"ReadAction\",\"target\":[\"https:\/\/cllcenter.com\/fr\/traitements-par-injection-echo-guidee\/\"]}]},{\"@type\":\"BreadcrumbList\",\"@id\":\"https:\/\/cllcenter.com\/fr\/traitements-par-injection-echo-guidee\/#breadcrumb\",\"itemListElement\":[{\"@type\":\"ListItem\",\"position\":1,\"name\":\"Home\",\"item\":\"https:\/\/cllcenter.com\/fr\/\"},{\"@type\":\"ListItem\",\"position\":2,\"name\":\"Traitements par injection \u00e9cho-guid\u00e9e\"}]},{\"@type\":\"WebSite\",\"@id\":\"https:\/\/cllcenter.com\/fr\/#website\",\"url\":\"https:\/\/cllcenter.com\/fr\/\",\"name\":\"Canadian Limb Lengthening Center\",\"description\":\"Dr Marie Gdalevitch\",\"publisher\":{\"@id\":\"https:\/\/cllcenter.com\/fr\/#organization\"},\"potentialAction\":[{\"@type\":\"SearchAction\",\"target\":{\"@type\":\"EntryPoint\",\"urlTemplate\":\"https:\/\/cllcenter.com\/fr\/?s={search_term_string}\"},\"query-input\":{\"@type\":\"PropertyValueSpecification\",\"valueRequired\":true,\"valueName\":\"search_term_string\"}}],\"inLanguage\":\"fr-FR\"},{\"@type\":\"Organization\",\"@id\":\"https:\/\/cllcenter.com\/fr\/#organization\",\"name\":\"Canadian Limb Lengthening Center\",\"url\":\"https:\/\/cllcenter.com\/fr\/\",\"logo\":{\"@type\":\"ImageObject\",\"inLanguage\":\"fr-FR\",\"@id\":\"https:\/\/cllcenter.com\/fr\/#\/schema\/logo\/image\/\",\"url\":\"https:\/\/cllcenter.com\/wp-content\/uploads\/2022\/05\/cllc.png\",\"contentUrl\":\"https:\/\/cllcenter.com\/wp-content\/uploads\/2022\/05\/cllc.png\",\"width\":600,\"height\":219,\"caption\":\"Canadian Limb Lengthening Center\"},\"image\":{\"@id\":\"https:\/\/cllcenter.com\/fr\/#\/schema\/logo\/image\/\"}}]}<\/script>\n<!-- \/ Yoast SEO plugin. -->","yoast_head_json":{"title":"Traitements par injection \u00e9cho-guid\u00e9e | CLLC Montr\u00e9al, Dre Marie Gdalevitch","description":"Traitements par injection \u00e9cho-guid\u00e9e | Chirurgien orthop\u00e9diste \u00e0 Montr\u00e9al, allongement cosm\u00e9tique de la taille, correction des d\u00e9formations osseuses, Canada, \u00c9tats-Unis","robots":{"index":"index","follow":"follow","max-snippet":"max-snippet:-1","max-image-preview":"max-image-preview:large","max-video-preview":"max-video-preview:-1"},"canonical":"https:\/\/cllcenter.com\/fr\/traitements-par-injection-echo-guidee\/","og_locale":"fr_FR","og_type":"article","og_title":"Traitements par injection \u00e9cho-guid\u00e9e | CLLC Montr\u00e9al, Dre Marie Gdalevitch","og_description":"Traitements par injection \u00e9cho-guid\u00e9e | Chirurgien orthop\u00e9diste \u00e0 Montr\u00e9al, allongement cosm\u00e9tique de la taille, correction des d\u00e9formations osseuses, Canada, \u00c9tats-Unis","og_url":"https:\/\/cllcenter.com\/fr\/traitements-par-injection-echo-guidee\/","og_site_name":"Canadian Limb Lengthening Center","article_modified_time":"2025-12-17T18:42:04+00:00","twitter_card":"summary_large_image","twitter_misc":{"Dur\u00e9e de lecture estim\u00e9e":"1 minute"},"schema":{"@context":"https:\/\/schema.org","@graph":[{"@type":"WebPage","@id":"https:\/\/cllcenter.com\/fr\/traitements-par-injection-echo-guidee\/","url":"https:\/\/cllcenter.com\/fr\/traitements-par-injection-echo-guidee\/","name":"Traitements par injection \u00e9cho-guid\u00e9e | CLLC Montr\u00e9al, Dre Marie Gdalevitch","isPartOf":{"@id":"https:\/\/cllcenter.com\/fr\/#website"},"datePublished":"2022-07-28T21:03:13+00:00","dateModified":"2025-12-17T18:42:04+00:00","description":"Traitements par injection \u00e9cho-guid\u00e9e | Chirurgien orthop\u00e9diste \u00e0 Montr\u00e9al, allongement cosm\u00e9tique de la taille, correction des d\u00e9formations osseuses, Canada, \u00c9tats-Unis","breadcrumb":{"@id":"https:\/\/cllcenter.com\/fr\/traitements-par-injection-echo-guidee\/#breadcrumb"},"inLanguage":"fr-FR","potentialAction":[{"@type":"ReadAction","target":["https:\/\/cllcenter.com\/fr\/traitements-par-injection-echo-guidee\/"]}]},{"@type":"BreadcrumbList","@id":"https:\/\/cllcenter.com\/fr\/traitements-par-injection-echo-guidee\/#breadcrumb","itemListElement":[{"@type":"ListItem","position":1,"name":"Home","item":"https:\/\/cllcenter.com\/fr\/"},{"@type":"ListItem","position":2,"name":"Traitements par injection \u00e9cho-guid\u00e9e"}]},{"@type":"WebSite","@id":"https:\/\/cllcenter.com\/fr\/#website","url":"https:\/\/cllcenter.com\/fr\/","name":"Canadian Limb Lengthening Center","description":"Dr Marie Gdalevitch","publisher":{"@id":"https:\/\/cllcenter.com\/fr\/#organization"},"potentialAction":[{"@type":"SearchAction","target":{"@type":"EntryPoint","urlTemplate":"https:\/\/cllcenter.com\/fr\/?s={search_term_string}"},"query-input":{"@type":"PropertyValueSpecification","valueRequired":true,"valueName":"search_term_string"}}],"inLanguage":"fr-FR"},{"@type":"Organization","@id":"https:\/\/cllcenter.com\/fr\/#organization","name":"Canadian Limb Lengthening Center","url":"https:\/\/cllcenter.com\/fr\/","logo":{"@type":"ImageObject","inLanguage":"fr-FR","@id":"https:\/\/cllcenter.com\/fr\/#\/schema\/logo\/image\/","url":"https:\/\/cllcenter.com\/wp-content\/uploads\/2022\/05\/cllc.png","contentUrl":"https:\/\/cllcenter.com\/wp-content\/uploads\/2022\/05\/cllc.png","width":600,"height":219,"caption":"Canadian Limb Lengthening Center"},"image":{"@id":"https:\/\/cllcenter.com\/fr\/#\/schema\/logo\/image\/"}}]}},"acf":[],"_links":{"self":[{"href":"https:\/\/cllcenter.com\/fr\/wp-json\/wp\/v2\/pages\/4585","targetHints":{"allow":["GET"]}}],"collection":[{"href":"https:\/\/cllcenter.com\/fr\/wp-json\/wp\/v2\/pages"}],"about":[{"href":"https:\/\/cllcenter.com\/fr\/wp-json\/wp\/v2\/types\/page"}],"author":[{"embeddable":true,"href":"https:\/\/cllcenter.com\/fr\/wp-json\/wp\/v2\/users\/1"}],"replies":[{"embeddable":true,"href":"https:\/\/cllcenter.com\/fr\/wp-json\/wp\/v2\/comments?post=4585"}],"version-history":[{"count":6,"href":"https:\/\/cllcenter.com\/fr\/wp-json\/wp\/v2\/pages\/4585\/revisions"}],"predecessor-version":[{"id":6125,"href":"https:\/\/cllcenter.com\/fr\/wp-json\/wp\/v2\/pages\/4585\/revisions\/6125"}],"wp:attachment":[{"href":"https:\/\/cllcenter.com\/fr\/wp-json\/wp\/v2\/media?parent=4585"}],"curies":[{"name":"wp","href":"https:\/\/api.w.org\/{rel}","templated":true}]}}