{"id":4637,"date":"2022-07-26T16:15:31","date_gmt":"2022-07-26T20:15:31","guid":{"rendered":"https:\/\/cllcenter.com\/soins-aux-patients-internationaux-au-cllc\/"},"modified":"2025-12-17T10:30:08","modified_gmt":"2025-12-17T15:30:08","slug":"soins-aux-patients-internationaux-au-cllc","status":"publish","type":"page","link":"https:\/\/cllcenter.com\/fr\/soins-aux-patients-internationaux-au-cllc\/","title":{"rendered":"Soins aux patients internationaux au CLLC"},"content":{"rendered":"<p>[vc_row css_animation=\u00a0\u00bb\u00a0\u00bb row_type=\u00a0\u00bbrow\u00a0\u00bb use_row_as_full_screen_section=\u00a0\u00bbno\u00a0\u00bb type=\u00a0\u00bbgrid\u00a0\u00bb angled_section=\u00a0\u00bbno\u00a0\u00bb text_align=\u00a0\u00bbleft\u00a0\u00bb background_image_as_pattern=\u00a0\u00bbwithout_pattern\u00a0\u00bb el_class=\u00a0\u00bbflex-center gap-60 column-reverse-sm\u00a0\u00bb z_index=\u00a0\u00bb\u00a0\u00bb][vc_column width=\u00a0\u00bb1\/2&Prime;][vc_column_text]<\/p>\n<h2>Soins aux patients internationaux au CLLC<\/h2>\n<p>Le centre canadien d&rsquo;allongement des membres\u00a0est fier d\u2019offrir ses soins orthop\u00e9diques sp\u00e9cialis\u00e9s \u00e0 des patients du monde entier. Tous les patients n\u00e9cessitant une correction de difformit\u00e9 et un allongement des membres m\u00e9ritent d\u2019avoir acc\u00e8s \u00e0 des soins de sant\u00e9 sp\u00e9cialis\u00e9s, quelle que soit leur situation g\u00e9ographique. En tant que centre unique, nous proposons des traitements\u00a0 complexes et avanc\u00e9s et nous nous sentons responsables d\u2019offrir nos services aux patients qui n\u2019ont pas acc\u00e8s \u00e0 ce niveau de soins.[\/vc_column_text][\/vc_column][vc_column width=\u00a0\u00bb1\/2&Prime;][vc_single_image image=\u00a0\u00bb3428&Prime; img_size=\u00a0\u00bbfull\u00a0\u00bb qode_css_animation=\u00a0\u00bb\u00a0\u00bb el_class=\u00a0\u00bbbordered\u00a0\u00bb][\/vc_column][\/vc_row][vc_row css_animation=\u00a0\u00bb\u00a0\u00bb row_type=\u00a0\u00bbrow\u00a0\u00bb use_row_as_full_screen_section=\u00a0\u00bbno\u00a0\u00bb type=\u00a0\u00bbgrid\u00a0\u00bb angled_section=\u00a0\u00bbno\u00a0\u00bb text_align=\u00a0\u00bbleft\u00a0\u00bb background_image_as_pattern=\u00a0\u00bbwithout_pattern\u00a0\u00bb el_class=\u00a0\u00bbflex-center gap-60&Prime; z_index=\u00a0\u00bb\u00a0\u00bb][vc_column width=\u00a0\u00bb1\/2&Prime;]<div class=\"new-video\">\n        <a href=\"https:\/\/youtu.be\/drMUJ3t41nE\" id=\"vid-5620\"><img decoding=\"async\" src=\"https:\/\/cllcenter.com\/wp-content\/uploads\/2023\/04\/31.-International-and-inter-provincial-patients-at-CLLC-FR.jpg\"><div class=\"caption-wrap\"><h5>Patients internationaux et interprovinciaux au CLLC<\/h5>0:11<svg version=\"1.1\" id=\"play\" xmlns=\"http:\/\/www.w3.org\/2000\/svg\" xmlns:xlink=\"http:\/\/www.w3.org\/1999\/xlink\" x=\"0px\" y=\"0px\" height=\"100px\" width=\"100px\" viewBox=\"0 0 100 100\" enable-background=\"new 0 0 100 100\" xml:space=\"preserve\">\n        <path class=\"stroke-solid\" fill=\"none\" stroke=\"#ddbe72\" d=\"M49.9,2.5C23.6,2.8,2.1,24.4,2.5,50.4C2.9,76.5,24.7,98,50.3,97.5c26.4-0.6,47.4-21.8,47.2-47.7\n          C97.3,23.7,75.7,2.3,49.9,2.5\"><\/path>\n        <path class=\"icon\" fill=\"#ddbe72\" d=\"M38,69c-1,0.5-1.8,0-1.8-1.1V32.1c0-1.1,0.8-1.6,1.8-1.1l34,18c1,0.5,1,1.4,0,1.9L38,69z\"><\/path>\n      <\/svg><\/div><\/a><\/div>    <script>\n        console.log(\"youtube\");\n        const $vid5620 = document.getElementById(\"vid-5620\");\n        const dynamicGallery5620 = window.lightGallery($vid5620, {\n        dynamic: true,\n        zoom: false,\n        download: false,\n        share: false,\n        plugins: [lgVideo, lgThumbnail],\n        dynamicEl: [\n            {\n       src: \"https:\/\/youtu.be\/drMUJ3t41nE&mute=0\",\n        poster: \"https:\/\/cllcenter.com\/wp-content\/uploads\/2023\/04\/31.-International-and-inter-provincial-patients-at-CLLC-FR.jpg\",\n        subHtml: \"<h4>Patients internationaux et interprovinciaux au CLLC<\/h4><p>0:11<\/p>\",\n        downloadUrl: false\n        },\n\n            ]\n    });\n    $vid5620.addEventListener(\"click\", (e) => {\n        event.preventDefault();\n    dynamicGallery5620.openGallery(0);\n    });\n  <\/script>\n  [vc_empty_space height=\u00a0\u00bb40px\u00a0\u00bb el_class=\u00a0\u00bbshow-sm\u00a0\u00bb][\/vc_column][vc_column width=\u00a0\u00bb1\/2&Prime;][vc_column_text]<\/p>\n<h2>VOTRE PARCOURS AVEC NOUS<\/h2>\n<p>Depuis votre consultation virtuelle initiale jusqu\u2019\u00e0 votre s\u00e9jour avec nous, vous constaterez que notre \u00e9quipe offre des soins continus con\u00e7us pour r\u00e9pondre \u00e0 vos besoins et \u00e0 votre culture unique. Une fois votre programme de traitement termin\u00e9 au Canada, nous suivons de pr\u00e8s vos progr\u00e8s gr\u00e2ce \u00e0 des suivis virtuels en collaboration avec vos m\u00e9decins.[\/vc_column_text][\/vc_column][\/vc_row][vc_row css_animation=\u00a0\u00bb\u00a0\u00bb row_type=\u00a0\u00bbrow\u00a0\u00bb use_row_as_full_screen_section=\u00a0\u00bbno\u00a0\u00bb type=\u00a0\u00bbgrid\u00a0\u00bb angled_section=\u00a0\u00bbno\u00a0\u00bb text_align=\u00a0\u00bbleft\u00a0\u00bb background_image_as_pattern=\u00a0\u00bbwithout_pattern\u00a0\u00bb el_class=\u00a0\u00bbflex-center gap-60 column-reverse-sm\u00a0\u00bb z_index=\u00a0\u00bb\u00a0\u00bb][vc_column width=\u00a0\u00bb1\/2&Prime;][vc_column_text]<\/p>\n<h2>NOTRE INSTALLATION<\/h2>\n<p>Nous comprenons que voyager \u00e0 l\u2019\u00e9tranger pour recevoir des soins m\u00e9dicaux est une d\u00e9cision difficile \u00e0 prendre. C\u2019est pourquoi notre approche concernant les soins internationaux est aussi pratique que possible pour les patients et leurs familles. Nos magnifiques installations, nos recommandations\u00a0d&rsquo;h\u00e9bergement et notre \u00e9quipe amicale font que les patients se sentent comme chez eux. En tant qu\u2019experts, nous sommes l\u00e0 pour vous aider et vous accueillir, en veillant \u00e0 ce que vos besoins soient satisfaits tout au long du processus.[\/vc_column_text][\/vc_column][vc_column width=\u00a0\u00bb1\/2&Prime;][vc_single_image image=\u00a0\u00bb3337&Prime; img_size=\u00a0\u00bbfull\u00a0\u00bb qode_css_animation=\u00a0\u00bb\u00a0\u00bb el_class=\u00a0\u00bbbordered\u00a0\u00bb][\/vc_column][\/vc_row][vc_row css_animation=\u00a0\u00bb\u00a0\u00bb row_type=\u00a0\u00bbrow\u00a0\u00bb use_row_as_full_screen_section=\u00a0\u00bbno\u00a0\u00bb type=\u00a0\u00bbgrid\u00a0\u00bb angled_section=\u00a0\u00bbno\u00a0\u00bb text_align=\u00a0\u00bbleft\u00a0\u00bb background_image_as_pattern=\u00a0\u00bbwithout_pattern\u00a0\u00bb el_class=\u00a0\u00bbflex-center gap-60&Prime; z_index=\u00a0\u00bb\u00a0\u00bb][vc_column width=\u00a0\u00bb1\/2&Prime;][vc_single_image image=\u00a0\u00bb3338&Prime; img_size=\u00a0\u00bbfull\u00a0\u00bb qode_css_animation=\u00a0\u00bb\u00a0\u00bb el_class=\u00a0\u00bbbordered\u00a0\u00bb][vc_empty_space height=\u00a0\u00bb40px\u00a0\u00bb el_class=\u00a0\u00bbshow-sm\u00a0\u00bb][\/vc_column][vc_column width=\u00a0\u00bb1\/2&Prime;][vc_column_text]<\/p>\n<h2>COMMENT OBTIENT-ON UN ALLONGEMENT DES MEMBRES AU CLLC ?<\/h2>\n<p>Nous proposons une approche holistique pour aider les patients et leurs familles tout au long de leur parcours de traitement\u00a0pour garantir le meilleur r\u00e9sultat possible. Notre approche permet aux patients de se sentir encadr\u00e9s tout au long du processus, de l\u2019admission du patient jusqu\u2019au traitement chirurgicale.[\/vc_column_text]<div style=\"text-align:left\"><a href=\"https:\/\/cllcenter.com\/fr\/allongement-des-membres-au-cllc\/\" class=\"button button--mimas \" target=\"_self\"><div class=\"btn__bg\"><\/div><span>VOIR VOTRE PARCOURS<\/span><\/a><\/div>[\/vc_column][\/vc_row]<\/p>\n","protected":false},"excerpt":{"rendered":"<p>[vc_row css_animation=\u00a0\u00bb\u00a0\u00bb row_type=\u00a0\u00bbrow\u00a0\u00bb use_row_as_full_screen_section=\u00a0\u00bbno\u00a0\u00bb type=\u00a0\u00bbgrid\u00a0\u00bb angled_section=\u00a0\u00bbno\u00a0\u00bb text_align=\u00a0\u00bbleft\u00a0\u00bb background_image_as_pattern=\u00a0\u00bbwithout_pattern\u00a0\u00bb el_class=\u00a0\u00bbflex-center gap-60 column-reverse-sm\u00a0\u00bb z_index=\u00a0\u00bb\u00a0\u00bb][vc_column width=\u00a0\u00bb1\/2&Prime;][vc_column_text] Soins aux patients internationaux au CLLC Le centre canadien d&rsquo;allongement des membres\u00a0est fier d\u2019offrir ses soins orthop\u00e9diques sp\u00e9cialis\u00e9s \u00e0 des patients du monde entier. Tous les patients n\u00e9cessitant une correction de difformit\u00e9&#8230;<\/p>\n","protected":false},"author":1,"featured_media":0,"parent":0,"menu_order":0,"comment_status":"closed","ping_status":"closed","template":"","meta":{"footnotes":""},"class_list":["post-4637","page","type-page","status-publish","hentry"],"yoast_head":"<!-- This site is optimized with the Yoast SEO plugin v26.2 - https:\/\/yoast.com\/wordpress\/plugins\/seo\/ -->\n<title>Soins aux patients internationaux au CLLC | CLLC Montr\u00e9al, Dre Marie Gdalevitch<\/title>\n<meta name=\"description\" content=\"Soins aux patients internationaux au CLLC | Chirurgien orthop\u00e9diste \u00e0 Montr\u00e9al, allongement cosm\u00e9tique de la taille, correction des d\u00e9formations osseuses, Canada, \u00c9tats-Unis\" \/>\n<meta name=\"robots\" content=\"index, follow, max-snippet:-1, max-image-preview:large, max-video-preview:-1\" \/>\n<link rel=\"canonical\" href=\"https:\/\/cllcenter.com\/fr\/soins-aux-patients-internationaux-au-cllc\/\" \/>\n<meta property=\"og:locale\" content=\"fr_FR\" \/>\n<meta property=\"og:type\" content=\"article\" \/>\n<meta property=\"og:title\" content=\"Soins aux patients internationaux au CLLC | CLLC Montr\u00e9al, Dre Marie Gdalevitch\" \/>\n<meta property=\"og:description\" content=\"Soins aux patients internationaux au CLLC | Chirurgien orthop\u00e9diste \u00e0 Montr\u00e9al, allongement cosm\u00e9tique de la taille, correction des d\u00e9formations osseuses, Canada, \u00c9tats-Unis\" \/>\n<meta property=\"og:url\" content=\"https:\/\/cllcenter.com\/fr\/soins-aux-patients-internationaux-au-cllc\/\" \/>\n<meta property=\"og:site_name\" content=\"Canadian Limb Lengthening Center\" \/>\n<meta property=\"article:modified_time\" content=\"2025-12-17T15:30:08+00:00\" \/>\n<meta name=\"twitter:card\" content=\"summary_large_image\" \/>\n<meta name=\"twitter:label1\" content=\"Dur\u00e9e de lecture estim\u00e9e\" \/>\n\t<meta name=\"twitter:data1\" content=\"2 minutes\" \/>\n<script type=\"application\/ld+json\" class=\"yoast-schema-graph\">{\"@context\":\"https:\/\/schema.org\",\"@graph\":[{\"@type\":\"WebPage\",\"@id\":\"https:\/\/cllcenter.com\/fr\/soins-aux-patients-internationaux-au-cllc\/\",\"url\":\"https:\/\/cllcenter.com\/fr\/soins-aux-patients-internationaux-au-cllc\/\",\"name\":\"Soins aux patients internationaux au CLLC | CLLC Montr\u00e9al, Dre Marie Gdalevitch\",\"isPartOf\":{\"@id\":\"https:\/\/cllcenter.com\/fr\/#website\"},\"datePublished\":\"2022-07-26T20:15:31+00:00\",\"dateModified\":\"2025-12-17T15:30:08+00:00\",\"description\":\"Soins aux patients internationaux au CLLC | Chirurgien orthop\u00e9diste \u00e0 Montr\u00e9al, allongement cosm\u00e9tique de la taille, correction des d\u00e9formations osseuses, Canada, \u00c9tats-Unis\",\"breadcrumb\":{\"@id\":\"https:\/\/cllcenter.com\/fr\/soins-aux-patients-internationaux-au-cllc\/#breadcrumb\"},\"inLanguage\":\"fr-FR\",\"potentialAction\":[{\"@type\":\"ReadAction\",\"target\":[\"https:\/\/cllcenter.com\/fr\/soins-aux-patients-internationaux-au-cllc\/\"]}]},{\"@type\":\"BreadcrumbList\",\"@id\":\"https:\/\/cllcenter.com\/fr\/soins-aux-patients-internationaux-au-cllc\/#breadcrumb\",\"itemListElement\":[{\"@type\":\"ListItem\",\"position\":1,\"name\":\"Home\",\"item\":\"https:\/\/cllcenter.com\/fr\/\"},{\"@type\":\"ListItem\",\"position\":2,\"name\":\"Soins aux patients internationaux au CLLC\"}]},{\"@type\":\"WebSite\",\"@id\":\"https:\/\/cllcenter.com\/fr\/#website\",\"url\":\"https:\/\/cllcenter.com\/fr\/\",\"name\":\"Canadian Limb Lengthening Center\",\"description\":\"Dr Marie Gdalevitch\",\"publisher\":{\"@id\":\"https:\/\/cllcenter.com\/fr\/#organization\"},\"potentialAction\":[{\"@type\":\"SearchAction\",\"target\":{\"@type\":\"EntryPoint\",\"urlTemplate\":\"https:\/\/cllcenter.com\/fr\/?s={search_term_string}\"},\"query-input\":{\"@type\":\"PropertyValueSpecification\",\"valueRequired\":true,\"valueName\":\"search_term_string\"}}],\"inLanguage\":\"fr-FR\"},{\"@type\":\"Organization\",\"@id\":\"https:\/\/cllcenter.com\/fr\/#organization\",\"name\":\"Canadian Limb Lengthening Center\",\"url\":\"https:\/\/cllcenter.com\/fr\/\",\"logo\":{\"@type\":\"ImageObject\",\"inLanguage\":\"fr-FR\",\"@id\":\"https:\/\/cllcenter.com\/fr\/#\/schema\/logo\/image\/\",\"url\":\"https:\/\/cllcenter.com\/wp-content\/uploads\/2022\/05\/cllc.png\",\"contentUrl\":\"https:\/\/cllcenter.com\/wp-content\/uploads\/2022\/05\/cllc.png\",\"width\":600,\"height\":219,\"caption\":\"Canadian Limb Lengthening Center\"},\"image\":{\"@id\":\"https:\/\/cllcenter.com\/fr\/#\/schema\/logo\/image\/\"}}]}<\/script>\n<!-- \/ Yoast SEO plugin. -->","yoast_head_json":{"title":"Soins aux patients internationaux au CLLC | CLLC Montr\u00e9al, Dre Marie Gdalevitch","description":"Soins aux patients internationaux au CLLC | Chirurgien orthop\u00e9diste \u00e0 Montr\u00e9al, allongement cosm\u00e9tique de la taille, correction des d\u00e9formations osseuses, Canada, \u00c9tats-Unis","robots":{"index":"index","follow":"follow","max-snippet":"max-snippet:-1","max-image-preview":"max-image-preview:large","max-video-preview":"max-video-preview:-1"},"canonical":"https:\/\/cllcenter.com\/fr\/soins-aux-patients-internationaux-au-cllc\/","og_locale":"fr_FR","og_type":"article","og_title":"Soins aux patients internationaux au CLLC | CLLC Montr\u00e9al, Dre Marie Gdalevitch","og_description":"Soins aux patients internationaux au CLLC | Chirurgien orthop\u00e9diste \u00e0 Montr\u00e9al, allongement cosm\u00e9tique de la taille, correction des d\u00e9formations osseuses, Canada, \u00c9tats-Unis","og_url":"https:\/\/cllcenter.com\/fr\/soins-aux-patients-internationaux-au-cllc\/","og_site_name":"Canadian Limb Lengthening Center","article_modified_time":"2025-12-17T15:30:08+00:00","twitter_card":"summary_large_image","twitter_misc":{"Dur\u00e9e de lecture estim\u00e9e":"2 minutes"},"schema":{"@context":"https:\/\/schema.org","@graph":[{"@type":"WebPage","@id":"https:\/\/cllcenter.com\/fr\/soins-aux-patients-internationaux-au-cllc\/","url":"https:\/\/cllcenter.com\/fr\/soins-aux-patients-internationaux-au-cllc\/","name":"Soins aux patients internationaux au CLLC | CLLC Montr\u00e9al, Dre Marie Gdalevitch","isPartOf":{"@id":"https:\/\/cllcenter.com\/fr\/#website"},"datePublished":"2022-07-26T20:15:31+00:00","dateModified":"2025-12-17T15:30:08+00:00","description":"Soins aux patients internationaux au CLLC | Chirurgien orthop\u00e9diste \u00e0 Montr\u00e9al, allongement cosm\u00e9tique de la taille, correction des d\u00e9formations osseuses, Canada, \u00c9tats-Unis","breadcrumb":{"@id":"https:\/\/cllcenter.com\/fr\/soins-aux-patients-internationaux-au-cllc\/#breadcrumb"},"inLanguage":"fr-FR","potentialAction":[{"@type":"ReadAction","target":["https:\/\/cllcenter.com\/fr\/soins-aux-patients-internationaux-au-cllc\/"]}]},{"@type":"BreadcrumbList","@id":"https:\/\/cllcenter.com\/fr\/soins-aux-patients-internationaux-au-cllc\/#breadcrumb","itemListElement":[{"@type":"ListItem","position":1,"name":"Home","item":"https:\/\/cllcenter.com\/fr\/"},{"@type":"ListItem","position":2,"name":"Soins aux patients internationaux au CLLC"}]},{"@type":"WebSite","@id":"https:\/\/cllcenter.com\/fr\/#website","url":"https:\/\/cllcenter.com\/fr\/","name":"Canadian Limb Lengthening Center","description":"Dr Marie Gdalevitch","publisher":{"@id":"https:\/\/cllcenter.com\/fr\/#organization"},"potentialAction":[{"@type":"SearchAction","target":{"@type":"EntryPoint","urlTemplate":"https:\/\/cllcenter.com\/fr\/?s={search_term_string}"},"query-input":{"@type":"PropertyValueSpecification","valueRequired":true,"valueName":"search_term_string"}}],"inLanguage":"fr-FR"},{"@type":"Organization","@id":"https:\/\/cllcenter.com\/fr\/#organization","name":"Canadian Limb Lengthening Center","url":"https:\/\/cllcenter.com\/fr\/","logo":{"@type":"ImageObject","inLanguage":"fr-FR","@id":"https:\/\/cllcenter.com\/fr\/#\/schema\/logo\/image\/","url":"https:\/\/cllcenter.com\/wp-content\/uploads\/2022\/05\/cllc.png","contentUrl":"https:\/\/cllcenter.com\/wp-content\/uploads\/2022\/05\/cllc.png","width":600,"height":219,"caption":"Canadian Limb Lengthening Center"},"image":{"@id":"https:\/\/cllcenter.com\/fr\/#\/schema\/logo\/image\/"}}]}},"acf":[],"_links":{"self":[{"href":"https:\/\/cllcenter.com\/fr\/wp-json\/wp\/v2\/pages\/4637","targetHints":{"allow":["GET"]}}],"collection":[{"href":"https:\/\/cllcenter.com\/fr\/wp-json\/wp\/v2\/pages"}],"about":[{"href":"https:\/\/cllcenter.com\/fr\/wp-json\/wp\/v2\/types\/page"}],"author":[{"embeddable":true,"href":"https:\/\/cllcenter.com\/fr\/wp-json\/wp\/v2\/users\/1"}],"replies":[{"embeddable":true,"href":"https:\/\/cllcenter.com\/fr\/wp-json\/wp\/v2\/comments?post=4637"}],"version-history":[{"count":10,"href":"https:\/\/cllcenter.com\/fr\/wp-json\/wp\/v2\/pages\/4637\/revisions"}],"predecessor-version":[{"id":6103,"href":"https:\/\/cllcenter.com\/fr\/wp-json\/wp\/v2\/pages\/4637\/revisions\/6103"}],"wp:attachment":[{"href":"https:\/\/cllcenter.com\/fr\/wp-json\/wp\/v2\/media?parent=4637"}],"curies":[{"name":"wp","href":"https:\/\/api.w.org\/{rel}","templated":true}]}}