{"id":4649,"date":"2022-09-28T14:20:35","date_gmt":"2022-09-28T18:20:35","guid":{"rendered":"https:\/\/cllcenter.com\/soins-pre-et-post-operatoires\/"},"modified":"2024-05-13T14:00:11","modified_gmt":"2024-05-13T18:00:11","slug":"soins-pre-et-post-operatoires","status":"publish","type":"page","link":"https:\/\/cllcenter.com\/fr\/soins-pre-et-post-operatoires\/","title":{"rendered":"Soins pr\u00e9 et post op\u00e9ratoires"},"content":{"rendered":"<p>[vc_row css_animation=\u00a0\u00bb\u00a0\u00bb row_type=\u00a0\u00bbrow\u00a0\u00bb use_row_as_full_screen_section=\u00a0\u00bbno\u00a0\u00bb type=\u00a0\u00bbgrid\u00a0\u00bb angled_section=\u00a0\u00bbno\u00a0\u00bb text_align=\u00a0\u00bbleft\u00a0\u00bb background_image_as_pattern=\u00a0\u00bbwithout_pattern\u00a0\u00bb el_id=\u00a0\u00bbpatinfo\u00a0\u00bb z_index=\u00a0\u00bb\u00a0\u00bb][vc_column][vc_column_text]<\/p>\n<h2 style=\"text-align: center;\">Soins Pr\u00e9op\u00e9ratoires<\/h2>\n<p>[\/vc_column_text][vc_empty_space]<div class=\"qode-accordion-holder clearfix qode-toggle qode-initial \">\n\t<h4 class=\"clearfix qode-title-holder\">\n<span class=\"qode-tab-title\">\n\t    <span class=\"qode-tab-title-inner\">\n        Comment se pr\u00e9parer \u00e0 la chirurgie    <\/span>\n<\/span>\n<span class=\"qode-accordion-mark\">\n    <span class=\"qode-accordion-mark-icon\">\n        <span class=\"icon_plus\"><\/span>\n        <span class=\"icon_minus-06\"><\/span>\n    <\/span>\n<\/span>\n<\/h4>\n<div  class=\"qode-accordion-content \" >\n    <div class=\"qode-accordion-content-inner\">\n        [vc_column_text]<a href=\"https:\/\/cllcenter.com\/wp-content\/uploads\/2023\/01\/CLLC-Formulaire-PRE\u0301-OPE\u0301RATOIRE_FR.pdf\" target=\"_blank\" rel=\"noopener\">Forme pr\u00e9op\u00e9ratoire<\/a>[\/vc_column_text]    <\/div>\n<\/div><\/div>[vc_empty_space][vc_empty_space][vc_column_text]<\/p>\n<h2 style=\"text-align: center;\">SOINS POST-OP\u00c9RATOIRES<\/h2>\n<p>[\/vc_column_text][vc_empty_space]<div class=\"qode-accordion-holder clearfix qode-toggle qode-initial \">\n\t<h4 class=\"clearfix qode-title-holder\">\n<span class=\"qode-tab-title\">\n\t    <span class=\"qode-tab-title-inner\">\n        Arthroscopie de la hanche    <\/span>\n<\/span>\n<span class=\"qode-accordion-mark\">\n    <span class=\"qode-accordion-mark-icon\">\n        <span class=\"icon_plus\"><\/span>\n        <span class=\"icon_minus-06\"><\/span>\n    <\/span>\n<\/span>\n<\/h4>\n<div  class=\"qode-accordion-content \" >\n    <div class=\"qode-accordion-content-inner\">\n        [vc_column_text]<a href=\"https:\/\/cllcenter.com\/wp-content\/uploads\/2023\/01\/CLLC-postop-scopie-de-hanche-FR.pdf\" target=\"_blank\" rel=\"noopener\">Soins postop\u00e9ratoires imm\u00e9diats<\/a><br \/>\n<a href=\"https:\/\/cllcenter.com\/wp-content\/uploads\/2023\/01\/CLLC-scopie-hanche-protocole-physio-FR.pdf\" target=\"_blank\" rel=\"noopener\">Recommandations en mati\u00e8re de physioth\u00e9rapie<\/a><br \/>\n<a href=\"https:\/\/cllcenter.com\/wp-content\/uploads\/2023\/01\/CLLC-rapport-for-physio-FR.pdf\" target=\"_blank\" rel=\"noopener\">Rapport d&rsquo;avancement pour la physioth\u00e9rapie<\/a>[\/vc_column_text]    <\/div>\n<\/div><h4 class=\"clearfix qode-title-holder\">\n<span class=\"qode-tab-title\">\n\t    <span class=\"qode-tab-title-inner\">\n        La luxation chirurgicale de la hanche    <\/span>\n<\/span>\n<span class=\"qode-accordion-mark\">\n    <span class=\"qode-accordion-mark-icon\">\n        <span class=\"icon_plus\"><\/span>\n        <span class=\"icon_minus-06\"><\/span>\n    <\/span>\n<\/span>\n<\/h4>\n<div  class=\"qode-accordion-content \" >\n    <div class=\"qode-accordion-content-inner\">\n        [vc_column_text]<a href=\"https:\/\/cllcenter.com\/wp-content\/uploads\/2023\/01\/CLLC-Surgical-hip-dislocation-post-op-FR.pdf\" target=\"_blank\" rel=\"noopener\">Soins postop\u00e9ratoires imm\u00e9diats<\/a>[\/vc_column_text]    <\/div>\n<\/div><h4 class=\"clearfix qode-title-holder\">\n<span class=\"qode-tab-title\">\n\t    <span class=\"qode-tab-title-inner\">\n        Correction aigu\u00eb avec des techniques assist\u00e9es par fixateur    <\/span>\n<\/span>\n<span class=\"qode-accordion-mark\">\n    <span class=\"qode-accordion-mark-icon\">\n        <span class=\"icon_plus\"><\/span>\n        <span class=\"icon_minus-06\"><\/span>\n    <\/span>\n<\/span>\n<\/h4>\n<div  class=\"qode-accordion-content \" >\n    <div class=\"qode-accordion-content-inner\">\n        [vc_column_text]<a href=\"https:\/\/cllcenter.com\/wp-content\/uploads\/2023\/01\/CLLC-correction-deformite-aigue-FR.pdf\" target=\"_blank\" rel=\"noopener\">Soins postop\u00e9ratoires imm\u00e9diats<\/a>[\/vc_column_text]    <\/div>\n<\/div><h4 class=\"clearfix qode-title-holder\">\n<span class=\"qode-tab-title\">\n\t    <span class=\"qode-tab-title-inner\">\n        Fixateur externe    <\/span>\n<\/span>\n<span class=\"qode-accordion-mark\">\n    <span class=\"qode-accordion-mark-icon\">\n        <span class=\"icon_plus\"><\/span>\n        <span class=\"icon_minus-06\"><\/span>\n    <\/span>\n<\/span>\n<\/h4>\n<div  class=\"qode-accordion-content \" >\n    <div class=\"qode-accordion-content-inner\">\n        [vc_column_text]<a href=\"https:\/\/cllcenter.com\/wp-content\/uploads\/2023\/01\/CLLC-External-fixator-post-op-FR.pdf\" target=\"_blank\" rel=\"noopener\">Fixateur externe &#8211; Soins postop\u00e9ratoires imm\u00e9diats<\/a><br \/>\n<a href=\"https:\/\/cllcenter.com\/wp-content\/uploads\/2023\/01\/CLLC-Strut-adjustement-FR.pdf\" target=\"_blank\" rel=\"noopener\">Ajustement de tiges<\/a><br \/>\n<a href=\"https:\/\/cllcenter.com\/wp-content\/uploads\/2023\/01\/CLLC-Pin-site-care-protocol-FR.pdf\" target=\"_blank\" rel=\"noopener\">Soins du site de la broche et protocole d&rsquo;infection<\/a>[\/vc_column_text]    <\/div>\n<\/div><h4 class=\"clearfix qode-title-holder\">\n<span class=\"qode-tab-title\">\n\t    <span class=\"qode-tab-title-inner\">\n        Allongement graduel avec fixation interne    <\/span>\n<\/span>\n<span class=\"qode-accordion-mark\">\n    <span class=\"qode-accordion-mark-icon\">\n        <span class=\"icon_plus\"><\/span>\n        <span class=\"icon_minus-06\"><\/span>\n    <\/span>\n<\/span>\n<\/h4>\n<div  class=\"qode-accordion-content \" >\n    <div class=\"qode-accordion-content-inner\">\n        [vc_column_text]<a href=\"https:\/\/cllcenter.com\/wp-content\/uploads\/2023\/01\/CLLC-internal-lengthening-PRECICE-post-op-FR.pdf\" target=\"_blank\" rel=\"noopener\">Soins postop\u00e9ratoires imm\u00e9diats<\/a><br \/>\n<a href=\"https:\/\/cllcenter.com\/wp-content\/uploads\/2023\/01\/CLLC-Magnet-instructions-FR.pdf\" target=\"_blank\" rel=\"noopener\">Instructions de l&rsquo;aimant ERC pour l&rsquo;allongement<\/a>[\/vc_column_text]    <\/div>\n<\/div><h4 class=\"clearfix qode-title-holder\">\n<span class=\"qode-tab-title\">\n\t    <span class=\"qode-tab-title-inner\">\n        Allongement de la stature    <\/span>\n<\/span>\n<span class=\"qode-accordion-mark\">\n    <span class=\"qode-accordion-mark-icon\">\n        <span class=\"icon_plus\"><\/span>\n        <span class=\"icon_minus-06\"><\/span>\n    <\/span>\n<\/span>\n<\/h4>\n<div  class=\"qode-accordion-content \" >\n    <div class=\"qode-accordion-content-inner\">\n        [vc_column_text]<a href=\"https:\/\/cllcenter.com\/wp-content\/uploads\/2023\/01\/CLLC-Stature-Post-Op-FR.pdf\" target=\"_blank\" rel=\"noopener\">Soins postop\u00e9ratoires pour l&rsquo;allongement de la stature<\/a><br \/>\n<a href=\"https:\/\/cllcenter.com\/wp-content\/uploads\/2023\/01\/CLLC-Magnet-instructions-FR.pdf\" target=\"_blank\" rel=\"noopener\">Instructions relatives \u00e0 l&rsquo;aimant cosm\u00e9tique ERC pour l&rsquo;allongement de la stature<\/a>[\/vc_column_text]    <\/div>\n<\/div><h4 class=\"clearfix qode-title-holder\">\n<span class=\"qode-tab-title\">\n\t    <span class=\"qode-tab-title-inner\">\n        Hallux Valgus - Oignon    <\/span>\n<\/span>\n<span class=\"qode-accordion-mark\">\n    <span class=\"qode-accordion-mark-icon\">\n        <span class=\"icon_plus\"><\/span>\n        <span class=\"icon_minus-06\"><\/span>\n    <\/span>\n<\/span>\n<\/h4>\n<div  class=\"qode-accordion-content \" >\n    <div class=\"qode-accordion-content-inner\">\n        [vc_column_text]<a href=\"https:\/\/cllcenter.com\/wp-content\/uploads\/2024\/05\/CLLC-Hallux-valgus_Post-op-FR.pdf\" target=\"_blank\" rel=\"noopener\">Soins postop\u00e9ratoires<\/a>[\/vc_column_text]    <\/div>\n<\/div><h4 class=\"clearfix qode-title-holder\">\n<span class=\"qode-tab-title\">\n\t    <span class=\"qode-tab-title-inner\">\n        Brachymetatarsia    <\/span>\n<\/span>\n<span class=\"qode-accordion-mark\">\n    <span class=\"qode-accordion-mark-icon\">\n        <span class=\"icon_plus\"><\/span>\n        <span class=\"icon_minus-06\"><\/span>\n    <\/span>\n<\/span>\n<\/h4>\n<div  class=\"qode-accordion-content \" >\n    <div class=\"qode-accordion-content-inner\">\n        [vc_column_text]<a href=\"https:\/\/cllcenter.com\/wp-content\/uploads\/2023\/01\/CLLC-Allongement-aigue-Brachymetatarsia-FR.pdf\" target=\"_blank\" rel=\"noopener\">Soins postop\u00e9ratoires pour l&rsquo;allongement aigu<\/a><br \/>\n<a href=\"https:\/\/cllcenter.com\/wp-content\/uploads\/2023\/01\/CLLC-Allongement-graduel-Brachymetatarsie-FR.pdf\" target=\"_blank\" rel=\"noopener\">Soins postop\u00e9ratoires pour l&rsquo;allongement graduelle<\/a>[\/vc_column_text]    <\/div>\n<\/div><h4 class=\"clearfix qode-title-holder\">\n<span class=\"qode-tab-title\">\n\t    <span class=\"qode-tab-title-inner\">\n        Cheilectomie    <\/span>\n<\/span>\n<span class=\"qode-accordion-mark\">\n    <span class=\"qode-accordion-mark-icon\">\n        <span class=\"icon_plus\"><\/span>\n        <span class=\"icon_minus-06\"><\/span>\n    <\/span>\n<\/span>\n<\/h4>\n<div  class=\"qode-accordion-content \" >\n    <div class=\"qode-accordion-content-inner\">\n        [vc_column_text]<a href=\"https:\/\/cllcenter.com\/wp-content\/uploads\/2024\/05\/Cheilectomie-post-op-FR.pdf\" target=\"_blank\" rel=\"noopener\">Soins postop\u00e9ratoires<\/a>[\/vc_column_text]    <\/div>\n<\/div><h4 class=\"clearfix qode-title-holder\">\n<span class=\"qode-tab-title\">\n\t    <span class=\"qode-tab-title-inner\">\n        Fusion premier orteil    <\/span>\n<\/span>\n<span class=\"qode-accordion-mark\">\n    <span class=\"qode-accordion-mark-icon\">\n        <span class=\"icon_plus\"><\/span>\n        <span class=\"icon_minus-06\"><\/span>\n    <\/span>\n<\/span>\n<\/h4>\n<div  class=\"qode-accordion-content \" >\n    <div class=\"qode-accordion-content-inner\">\n        [vc_column_text]<a href=\"https:\/\/cllcenter.com\/wp-content\/uploads\/2024\/05\/Fusion-1ier-orteil-post-op-FR.pdf\" target=\"_blank\" rel=\"noopener\">Soins postop\u00e9ratoires<\/a>[\/vc_column_text]    <\/div>\n<\/div><\/div>[\/vc_column][\/vc_row]<\/p>\n","protected":false},"excerpt":{"rendered":"<p>[vc_row css_animation=\u00a0\u00bb\u00a0\u00bb row_type=\u00a0\u00bbrow\u00a0\u00bb use_row_as_full_screen_section=\u00a0\u00bbno\u00a0\u00bb type=\u00a0\u00bbgrid\u00a0\u00bb angled_section=\u00a0\u00bbno\u00a0\u00bb text_align=\u00a0\u00bbleft\u00a0\u00bb background_image_as_pattern=\u00a0\u00bbwithout_pattern\u00a0\u00bb el_id=\u00a0\u00bbpatinfo\u00a0\u00bb z_index=\u00a0\u00bb\u00a0\u00bb][vc_column][vc_column_text] Soins Pr\u00e9op\u00e9ratoires [\/vc_column_text][vc_empty_space][vc_empty_space][vc_empty_space][vc_column_text] SOINS POST-OP\u00c9RATOIRES [\/vc_column_text][vc_empty_space][\/vc_column][\/vc_row]<\/p>\n","protected":false},"author":1,"featured_media":0,"parent":0,"menu_order":0,"comment_status":"closed","ping_status":"closed","template":"full_width.php","meta":{"footnotes":""},"class_list":["post-4649","page","type-page","status-publish","hentry"],"yoast_head":"<!-- This site is optimized with the Yoast SEO plugin v26.2 - https:\/\/yoast.com\/wordpress\/plugins\/seo\/ -->\n<title>Soins pr\u00e9 et post op\u00e9ratoires | CLLC Montr\u00e9al, Dre Marie Gdalevitch<\/title>\n<meta name=\"description\" content=\"Soins pr\u00e9 et post op\u00e9ratoires | Chirurgien orthop\u00e9diste \u00e0 Montr\u00e9al, allongement cosm\u00e9tique de la taille, correction des d\u00e9formations osseuses, Canada, \u00c9tats-Unis\" \/>\n<meta name=\"robots\" content=\"index, follow, max-snippet:-1, max-image-preview:large, max-video-preview:-1\" \/>\n<link rel=\"canonical\" href=\"https:\/\/cllcenter.com\/fr\/soins-pre-et-post-operatoires\/\" \/>\n<meta property=\"og:locale\" content=\"fr_FR\" \/>\n<meta property=\"og:type\" content=\"article\" \/>\n<meta property=\"og:title\" content=\"Soins pr\u00e9 et post op\u00e9ratoires | CLLC Montr\u00e9al, Dre Marie Gdalevitch\" \/>\n<meta property=\"og:description\" content=\"Soins pr\u00e9 et post op\u00e9ratoires | Chirurgien orthop\u00e9diste \u00e0 Montr\u00e9al, allongement cosm\u00e9tique de la taille, correction des d\u00e9formations osseuses, Canada, \u00c9tats-Unis\" \/>\n<meta property=\"og:url\" content=\"https:\/\/cllcenter.com\/fr\/soins-pre-et-post-operatoires\/\" \/>\n<meta property=\"og:site_name\" content=\"Canadian Limb Lengthening Center\" \/>\n<meta property=\"article:modified_time\" content=\"2024-05-13T18:00:11+00:00\" \/>\n<meta name=\"twitter:card\" content=\"summary_large_image\" \/>\n<meta name=\"twitter:label1\" content=\"Dur\u00e9e de lecture estim\u00e9e\" \/>\n\t<meta name=\"twitter:data1\" content=\"1 minute\" \/>\n<script type=\"application\/ld+json\" class=\"yoast-schema-graph\">{\"@context\":\"https:\/\/schema.org\",\"@graph\":[{\"@type\":\"WebPage\",\"@id\":\"https:\/\/cllcenter.com\/fr\/soins-pre-et-post-operatoires\/\",\"url\":\"https:\/\/cllcenter.com\/fr\/soins-pre-et-post-operatoires\/\",\"name\":\"Soins pr\u00e9 et post op\u00e9ratoires | CLLC Montr\u00e9al, Dre Marie Gdalevitch\",\"isPartOf\":{\"@id\":\"https:\/\/cllcenter.com\/fr\/#website\"},\"datePublished\":\"2022-09-28T18:20:35+00:00\",\"dateModified\":\"2024-05-13T18:00:11+00:00\",\"description\":\"Soins pr\u00e9 et post op\u00e9ratoires | Chirurgien orthop\u00e9diste \u00e0 Montr\u00e9al, allongement cosm\u00e9tique de la taille, correction des d\u00e9formations osseuses, Canada, \u00c9tats-Unis\",\"breadcrumb\":{\"@id\":\"https:\/\/cllcenter.com\/fr\/soins-pre-et-post-operatoires\/#breadcrumb\"},\"inLanguage\":\"fr-FR\",\"potentialAction\":[{\"@type\":\"ReadAction\",\"target\":[\"https:\/\/cllcenter.com\/fr\/soins-pre-et-post-operatoires\/\"]}]},{\"@type\":\"BreadcrumbList\",\"@id\":\"https:\/\/cllcenter.com\/fr\/soins-pre-et-post-operatoires\/#breadcrumb\",\"itemListElement\":[{\"@type\":\"ListItem\",\"position\":1,\"name\":\"Home\",\"item\":\"https:\/\/cllcenter.com\/fr\/\"},{\"@type\":\"ListItem\",\"position\":2,\"name\":\"Soins pr\u00e9 et post op\u00e9ratoires\"}]},{\"@type\":\"WebSite\",\"@id\":\"https:\/\/cllcenter.com\/fr\/#website\",\"url\":\"https:\/\/cllcenter.com\/fr\/\",\"name\":\"Canadian Limb Lengthening Center\",\"description\":\"Dr Marie Gdalevitch\",\"publisher\":{\"@id\":\"https:\/\/cllcenter.com\/fr\/#organization\"},\"potentialAction\":[{\"@type\":\"SearchAction\",\"target\":{\"@type\":\"EntryPoint\",\"urlTemplate\":\"https:\/\/cllcenter.com\/fr\/?s={search_term_string}\"},\"query-input\":{\"@type\":\"PropertyValueSpecification\",\"valueRequired\":true,\"valueName\":\"search_term_string\"}}],\"inLanguage\":\"fr-FR\"},{\"@type\":\"Organization\",\"@id\":\"https:\/\/cllcenter.com\/fr\/#organization\",\"name\":\"Canadian Limb Lengthening Center\",\"url\":\"https:\/\/cllcenter.com\/fr\/\",\"logo\":{\"@type\":\"ImageObject\",\"inLanguage\":\"fr-FR\",\"@id\":\"https:\/\/cllcenter.com\/fr\/#\/schema\/logo\/image\/\",\"url\":\"https:\/\/cllcenter.com\/wp-content\/uploads\/2022\/05\/cllc.png\",\"contentUrl\":\"https:\/\/cllcenter.com\/wp-content\/uploads\/2022\/05\/cllc.png\",\"width\":600,\"height\":219,\"caption\":\"Canadian Limb Lengthening Center\"},\"image\":{\"@id\":\"https:\/\/cllcenter.com\/fr\/#\/schema\/logo\/image\/\"}}]}<\/script>\n<!-- \/ Yoast SEO plugin. -->","yoast_head_json":{"title":"Soins pr\u00e9 et post op\u00e9ratoires | CLLC Montr\u00e9al, Dre Marie Gdalevitch","description":"Soins pr\u00e9 et post op\u00e9ratoires | Chirurgien orthop\u00e9diste \u00e0 Montr\u00e9al, allongement cosm\u00e9tique de la taille, correction des d\u00e9formations osseuses, Canada, \u00c9tats-Unis","robots":{"index":"index","follow":"follow","max-snippet":"max-snippet:-1","max-image-preview":"max-image-preview:large","max-video-preview":"max-video-preview:-1"},"canonical":"https:\/\/cllcenter.com\/fr\/soins-pre-et-post-operatoires\/","og_locale":"fr_FR","og_type":"article","og_title":"Soins pr\u00e9 et post op\u00e9ratoires | CLLC Montr\u00e9al, Dre Marie Gdalevitch","og_description":"Soins pr\u00e9 et post op\u00e9ratoires | Chirurgien orthop\u00e9diste \u00e0 Montr\u00e9al, allongement cosm\u00e9tique de la taille, correction des d\u00e9formations osseuses, Canada, \u00c9tats-Unis","og_url":"https:\/\/cllcenter.com\/fr\/soins-pre-et-post-operatoires\/","og_site_name":"Canadian Limb Lengthening Center","article_modified_time":"2024-05-13T18:00:11+00:00","twitter_card":"summary_large_image","twitter_misc":{"Dur\u00e9e de lecture estim\u00e9e":"1 minute"},"schema":{"@context":"https:\/\/schema.org","@graph":[{"@type":"WebPage","@id":"https:\/\/cllcenter.com\/fr\/soins-pre-et-post-operatoires\/","url":"https:\/\/cllcenter.com\/fr\/soins-pre-et-post-operatoires\/","name":"Soins pr\u00e9 et post op\u00e9ratoires | CLLC Montr\u00e9al, Dre Marie Gdalevitch","isPartOf":{"@id":"https:\/\/cllcenter.com\/fr\/#website"},"datePublished":"2022-09-28T18:20:35+00:00","dateModified":"2024-05-13T18:00:11+00:00","description":"Soins pr\u00e9 et post op\u00e9ratoires | Chirurgien orthop\u00e9diste \u00e0 Montr\u00e9al, allongement cosm\u00e9tique de la taille, correction des d\u00e9formations osseuses, Canada, \u00c9tats-Unis","breadcrumb":{"@id":"https:\/\/cllcenter.com\/fr\/soins-pre-et-post-operatoires\/#breadcrumb"},"inLanguage":"fr-FR","potentialAction":[{"@type":"ReadAction","target":["https:\/\/cllcenter.com\/fr\/soins-pre-et-post-operatoires\/"]}]},{"@type":"BreadcrumbList","@id":"https:\/\/cllcenter.com\/fr\/soins-pre-et-post-operatoires\/#breadcrumb","itemListElement":[{"@type":"ListItem","position":1,"name":"Home","item":"https:\/\/cllcenter.com\/fr\/"},{"@type":"ListItem","position":2,"name":"Soins pr\u00e9 et post op\u00e9ratoires"}]},{"@type":"WebSite","@id":"https:\/\/cllcenter.com\/fr\/#website","url":"https:\/\/cllcenter.com\/fr\/","name":"Canadian Limb Lengthening Center","description":"Dr Marie Gdalevitch","publisher":{"@id":"https:\/\/cllcenter.com\/fr\/#organization"},"potentialAction":[{"@type":"SearchAction","target":{"@type":"EntryPoint","urlTemplate":"https:\/\/cllcenter.com\/fr\/?s={search_term_string}"},"query-input":{"@type":"PropertyValueSpecification","valueRequired":true,"valueName":"search_term_string"}}],"inLanguage":"fr-FR"},{"@type":"Organization","@id":"https:\/\/cllcenter.com\/fr\/#organization","name":"Canadian Limb Lengthening Center","url":"https:\/\/cllcenter.com\/fr\/","logo":{"@type":"ImageObject","inLanguage":"fr-FR","@id":"https:\/\/cllcenter.com\/fr\/#\/schema\/logo\/image\/","url":"https:\/\/cllcenter.com\/wp-content\/uploads\/2022\/05\/cllc.png","contentUrl":"https:\/\/cllcenter.com\/wp-content\/uploads\/2022\/05\/cllc.png","width":600,"height":219,"caption":"Canadian Limb Lengthening Center"},"image":{"@id":"https:\/\/cllcenter.com\/fr\/#\/schema\/logo\/image\/"}}]}},"acf":[],"_links":{"self":[{"href":"https:\/\/cllcenter.com\/fr\/wp-json\/wp\/v2\/pages\/4649","targetHints":{"allow":["GET"]}}],"collection":[{"href":"https:\/\/cllcenter.com\/fr\/wp-json\/wp\/v2\/pages"}],"about":[{"href":"https:\/\/cllcenter.com\/fr\/wp-json\/wp\/v2\/types\/page"}],"author":[{"embeddable":true,"href":"https:\/\/cllcenter.com\/fr\/wp-json\/wp\/v2\/users\/1"}],"replies":[{"embeddable":true,"href":"https:\/\/cllcenter.com\/fr\/wp-json\/wp\/v2\/comments?post=4649"}],"version-history":[{"count":8,"href":"https:\/\/cllcenter.com\/fr\/wp-json\/wp\/v2\/pages\/4649\/revisions"}],"predecessor-version":[{"id":5966,"href":"https:\/\/cllcenter.com\/fr\/wp-json\/wp\/v2\/pages\/4649\/revisions\/5966"}],"wp:attachment":[{"href":"https:\/\/cllcenter.com\/fr\/wp-json\/wp\/v2\/media?parent=4649"}],"curies":[{"name":"wp","href":"https:\/\/api.w.org\/{rel}","templated":true}]}}